{"id":178373,"date":"2025-02-04T17:51:58","date_gmt":"2025-02-04T16:51:58","guid":{"rendered":"https:\/\/pizbube.ch\/?post_type=product&#038;p=178373"},"modified":"2025-11-21T11:12:50","modified_gmt":"2025-11-21T10:12:50","slug":"escaladas-en-alicante","status":"publish","type":"product","link":"https:\/\/pizbube.ch\/en\/shop\/escaladas-en-alicante\/","title":{"rendered":"Escaladas en Alicante"},"content":{"rendered":"<p>Medio y alto VInalop\u00f3-Foia de Castalla-Ontinyent-Caudete<\/p>\n<div id=\"nav-tabContent\" class=\"tab-content\">\n<div id=\"resumen\" class=\"p-2 p-md-3 tab-pane fade show active\" role=\"tabpanel\" aria-labelledby=\"resumen-tab\">\n<p>M\u00e1s de 3000 v\u00edas de diferentes dificultades y el buen clima de Alicante permiten la escalada todo el a\u00f1o y a escladores de todos los niveles.<\/p>\n<p>Manuel Amat, Jos\u00e9 Francisco Hern\u00e1ndez y Juan Pedro Verd\u00fa, autores de esta gu\u00eda, han recopilado toda la informaci\u00f3n y datos disponibles de las siguientes zonas de escalada:<\/p>\n<p>Forad\u00e0, El Xaquet\u00f3 (Gatxamiga), Penya Muntesa (Rasos de Cat\u00ed), l&#8217;Almadrava, El Cid, Penya del Corb (Espol\u00f3n), Penyes de Gorrit (C\u00e0rdenes), Pe\u00f1as de Mar\u00edn, Cabreras &#8211; Pe\u00f1as del Rey &#8211; Cumbre y Zona del B\u00faho, Alto Don Pedro (Salinas), Pe\u00f1a Basta\u00f1, Sierra de Enmedio (La Escuela), Pe\u00f1a Rubia, Barranc de Sanxet, Reconco, Penyes Roges (Onil), Barranco de los Molinos &#8211; Penya Almarra, y Barranc de l&#8217;Avern (Ontinyent).<\/p>\n<\/div>\n<p>&nbsp;<\/p>\n<\/div>\n<p class=\"h4\">Climbing guide in Alicante<\/p>\n<p>Climbing guide in Alicante in the area of<\/p>\n<p>Medio and Alto Vinalop\u00f3, Foia de Castalla and Ontinyent. In this edition, which replaces the old climbing guide for the Middle and Upper Vinalop\u00f3, new climbing areas have been included, some of which have been recently created and are very popular due to their easy access and proximity to the towns.<\/p>\n<p>Manuel Amat, Jos\u00e9 Francisco Hern\u00e1ndez and Juan Pedro Verd\u00fa, the authors of this guide, have compiled all the information and data available on the following climbing areas: Forad\u00e0, El Xaquet\u00f3 (Gatxamiga), Penya Muntesa (Rasos de Cat\u00ed), l&#8217;Almadrava, El Cid, Penya del Corb (Espol\u00f3n), Penyes de Gorrit (C\u00e0rdenes), Pe\u00f1as de Mar\u00edn, Cabreras &#8211; Pe\u00f1as del Rey &#8211; Cumbre y Zona del B\u00faho, Alto Don Pedro (Salinas), Pe\u00f1a Basta\u00f1, Sierra de Enmedio (La Escuela), Pe\u00f1a Rubia, Barranc de Sanxet, Reconco, Penyes Roges (Onil), Barranco de los Molinos &#8211; Penya Almarra, and Barranc de l&#8217;Avern (Ontinyent).<\/p>\n<p>After a brief introduction to the region and its history, geology, flora, fauna, practical information, and maps and general location plans, the climbing areas are described. The sectors are shown with a multitude of colour photographs on which the routes and their grading are traced. Specific symbols complete the information on the type of equipment, whether it is overhanging or vertical, whether there are restrictions, whether it is artificial, whether it is a multi-pitch route, whether it is sunny or shaded, etc.<\/p>\n<p>414 Pages;<br \/>\n16 cm x 23 cm<br \/>\n1.edition 2024<\/p>","protected":false},"excerpt":{"rendered":"<p>Medio y alto VInalop\u00f3-Foia de Castalla-Ontinyent-Caudete M\u00e1s de 3000 v\u00edas de diferentes dificultades y el buen clima de Alicante permiten la escalada todo el a\u00f1o y a escladores de todos los niveles. Manuel Amat, Jos\u00e9 Francisco Hern\u00e1ndez y Juan Pedro Verd\u00fa, autores de esta gu\u00eda, han recopilado toda la informaci\u00f3n y datos disponibles de las [&#8230;]\n","protected":false},"featured_media":178374,"template":"","meta":[],"product_brand":[],"product_cat":[21539],"product_tag":[],"class_list":{"0":"post-178373","1":"product","2":"type-product","3":"status-publish","4":"has-post-thumbnail","6":"product_cat-fuehrerliteratur-sportklettern-bouldern","7":"pa_autor-manuel-amat-jose-francisco-hernandez-juan-pedro-verdu","8":"pa_erscheinungsjahr-27339","9":"pa_region-spanien","10":"pa_sprache-es-en","12":"first","13":"instock","14":"taxable","15":"shipping-taxable","16":"purchasable","17":"product-type-simple"},"_links":{"self":[{"href":"https:\/\/pizbube.ch\/en\/wp-json\/wp\/v2\/product\/178373","targetHints":{"allow":["GET"]}}],"collection":[{"href":"https:\/\/pizbube.ch\/en\/wp-json\/wp\/v2\/product"}],"about":[{"href":"https:\/\/pizbube.ch\/en\/wp-json\/wp\/v2\/types\/product"}],"wp:featuredmedia":[{"embeddable":true,"href":"https:\/\/pizbube.ch\/en\/wp-json\/wp\/v2\/media\/178374"}],"wp:attachment":[{"href":"https:\/\/pizbube.ch\/en\/wp-json\/wp\/v2\/media?parent=178373"}],"wp:term":[{"taxonomy":"product_brand","embeddable":true,"href":"https:\/\/pizbube.ch\/en\/wp-json\/wp\/v2\/product_brand?post=178373"},{"taxonomy":"product_cat","embeddable":true,"href":"https:\/\/pizbube.ch\/en\/wp-json\/wp\/v2\/product_cat?post=178373"},{"taxonomy":"product_tag","embeddable":true,"href":"https:\/\/pizbube.ch\/en\/wp-json\/wp\/v2\/product_tag?post=178373"}],"curies":[{"name":"wp","href":"https:\/\/api.w.org\/{rel}","templated":true}]}}