{"id":178413,"date":"2025-02-07T09:24:48","date_gmt":"2025-02-07T08:24:48","guid":{"rendered":"https:\/\/pizbube.ch\/?post_type=product&#038;p=178413"},"modified":"2025-02-07T09:24:48","modified_gmt":"2025-02-07T08:24:48","slug":"spektakulaere-berggipfel","status":"publish","type":"product","link":"https:\/\/pizbube.ch\/en\/shop\/spektakulaere-berggipfel\/","title":{"rendered":"Spektakul\u00e4re Berggipfel"},"content":{"rendered":"<p><span class=\"value\">Ber\u00fchmte Gipfel, Berge mit glorreicher Geschichte und Orte von tiefer Spiritualit\u00e4t<\/span><\/p>\n<p><span class=\"value\">Spitze Nadeln, k\u00fchne Pyramiden, windschiefe T\u00fcrme. Kommen Sie mit zu den Gipfeln der Welt! Da gibt es Gipfel von entwaffnender Sch\u00f6nheit, die uns den Atem rauben wegen ihrer \u00c4sthetik, ihrer Spiritualit\u00e4t oder Historie. K\u00f6nigliche Expeditionen, g\u00f6ttliche Bestrafung, schwierigste Besteigungen \u2013 ihre Geschichten erzeugen starke Emotionen. <\/span><\/p>\n<p><span class=\"value\">Denn die Berge, die dieses neue Buch pr\u00e4sentiert, sind facettenreich, mit gro\u00dfen und romantischen, oft geheimnisvollen Geschichten verbunden: Laila Peak in Pakistan, Huayna Picchu in Peru, Mauna Loa auf Hawaii, Tafelberg in S\u00fcdafrika, Fuji in Japan oder der Mont Blanc an der Grenze zwischen Frankreich und Italien.<\/span><\/p>\n<p><span class=\"value\">224 Seiten<\/span>;<br \/>\n<span class=\"value\">Breite 205 mm, H\u00f6he 255 mm, Dicke 24 mm<\/span><\/p>","protected":false},"excerpt":{"rendered":"<p>Ber\u00fchmte Gipfel, Berge mit glorreicher Geschichte und Orte von tiefer Spiritualit\u00e4t Spitze Nadeln, k\u00fchne Pyramiden, windschiefe T\u00fcrme. Kommen Sie mit zu den Gipfeln der Welt! Da gibt es Gipfel von entwaffnender Sch\u00f6nheit, die uns den Atem rauben wegen ihrer \u00c4sthetik, ihrer Spiritualit\u00e4t oder Historie. K\u00f6nigliche Expeditionen, g\u00f6ttliche Bestrafung, schwierigste Besteigungen \u2013 ihre Geschichten erzeugen starke [&#8230;]\n","protected":false},"featured_media":178414,"template":"","meta":[],"product_brand":[],"product_cat":[21542],"product_tag":[],"class_list":{"0":"post-178413","1":"product","2":"type-product","3":"status-publish","4":"has-post-thumbnail","6":"product_cat-sachbuecher-dokumentationen","7":"pa_autor-nicola-balossi-restelli","8":"pa_erscheinungsjahr-27339","9":"pa_region-unbestimmte-kategorie","10":"pa_sprache-de","12":"first","13":"instock","14":"taxable","15":"shipping-taxable","16":"purchasable","17":"product-type-simple"},"_links":{"self":[{"href":"https:\/\/pizbube.ch\/en\/wp-json\/wp\/v2\/product\/178413","targetHints":{"allow":["GET"]}}],"collection":[{"href":"https:\/\/pizbube.ch\/en\/wp-json\/wp\/v2\/product"}],"about":[{"href":"https:\/\/pizbube.ch\/en\/wp-json\/wp\/v2\/types\/product"}],"wp:featuredmedia":[{"embeddable":true,"href":"https:\/\/pizbube.ch\/en\/wp-json\/wp\/v2\/media\/178414"}],"wp:attachment":[{"href":"https:\/\/pizbube.ch\/en\/wp-json\/wp\/v2\/media?parent=178413"}],"wp:term":[{"taxonomy":"product_brand","embeddable":true,"href":"https:\/\/pizbube.ch\/en\/wp-json\/wp\/v2\/product_brand?post=178413"},{"taxonomy":"product_cat","embeddable":true,"href":"https:\/\/pizbube.ch\/en\/wp-json\/wp\/v2\/product_cat?post=178413"},{"taxonomy":"product_tag","embeddable":true,"href":"https:\/\/pizbube.ch\/en\/wp-json\/wp\/v2\/product_tag?post=178413"}],"curies":[{"name":"wp","href":"https:\/\/api.w.org\/{rel}","templated":true}]}}