{"id":178458,"date":"2025-02-11T14:39:39","date_gmt":"2025-02-11T13:39:39","guid":{"rendered":"https:\/\/pizbube.ch\/?post_type=product&#038;p=178458"},"modified":"2026-04-14T15:18:01","modified_gmt":"2026-04-14T13:18:01","slug":"tautavel-le-topo","status":"publish","type":"product","link":"https:\/\/pizbube.ch\/en\/shop\/tautavel-le-topo\/","title":{"rendered":"TAUTAVEL &#8211; Le Topo"},"content":{"rendered":"<p>Les falaises de Tautavel sont \u00e9quip\u00e9es de 423 voies d\u2019escalade r\u00e9parties sur 30 secteurs, de tous niveaux de difficult\u00e9 de 3c \u00e0 9a, praticables toute l\u2019ann\u00e9e.<\/p>\n<p>Situ\u00e9 \u00e0 30 km de Perpignan, ench\u00e2ss\u00e9 dans un \u00e9crin de hautes falaises de calcaire bleu, Tautavel, petit village des Corbi\u00e8res est un haut lieu de la pr\u00e9histoire, o\u00f9 vivait il y a 450 000 ans, dans la caune de l\u2019Arago, l\u2019Homme de Tautavel, un des plus anciens Homo Erectus europ\u00e9ens. De par son pass\u00e9 historique, Tautavel est devenu un p\u00f4le touristique et culturel, o\u00f9 les visiteurs revivent les grandes \u00e9tapes de l\u2019Aventure Humaine, gr\u00e2ce au mus\u00e9e de Tautavel, Centre Europ\u00e9en de Pr\u00e9histoire. Dans le cadre de sa strat\u00e9gie de d\u00e9veloppement, la municipalit\u00e9 de Tautavel a d\u00e9cid\u00e9 d\u2019\u00e9largir le tourisme culturel aux activit\u00e9s de pleine nature et a int\u00e9gr\u00e9 depuis d\u00e9j\u00e0 plus de 30 ans une activit\u00e9 sportive de loisir : l\u2019escalade.<\/p>\n<p>Tautavel a accueilli, en 1991 et 1998, les championnats de France d\u2019escalade Jeunes. Depuis 2012, l\u2019association Pr\u00e9historoc participent activement au d\u00e9veloppement de l\u2019escalade \u00e0 Tautavel.<br \/>\nCes actions de promotion se prolongent par le pr\u00e9sent topo guide qui permettra de faire conna\u00eetre l\u2019ensemble des sites de Tautavel.<\/p>\n<p>3\u00b0 \u00e9dition 2025.<br \/>\n198 pages<\/p>","protected":false},"excerpt":{"rendered":"<p>Les falaises de Tautavel sont \u00e9quip\u00e9es de 423 voies d\u2019escalade r\u00e9parties sur 30 secteurs, de tous niveaux de difficult\u00e9 de 3c \u00e0 9a, praticables toute l\u2019ann\u00e9e. Situ\u00e9 \u00e0 30 km de Perpignan, ench\u00e2ss\u00e9 dans un \u00e9crin de hautes falaises de calcaire bleu, Tautavel, petit village des Corbi\u00e8res est un haut lieu de la pr\u00e9histoire, o\u00f9 [&#8230;]\n","protected":false},"featured_media":178459,"template":"","meta":[],"product_brand":[],"product_cat":[21539],"product_tag":[],"class_list":{"0":"post-178458","1":"product","2":"type-product","3":"status-publish","4":"has-post-thumbnail","6":"product_cat-fuehrerliteratur-sportklettern-bouldern","7":"pa_autor-francois-frou-et-nicolas-masse","8":"pa_erscheinungsjahr-27415","9":"pa_region-frankreich","10":"pa_sprache-fr","12":"first","13":"instock","14":"taxable","15":"shipping-taxable","16":"purchasable","17":"product-type-simple"},"_links":{"self":[{"href":"https:\/\/pizbube.ch\/en\/wp-json\/wp\/v2\/product\/178458","targetHints":{"allow":["GET"]}}],"collection":[{"href":"https:\/\/pizbube.ch\/en\/wp-json\/wp\/v2\/product"}],"about":[{"href":"https:\/\/pizbube.ch\/en\/wp-json\/wp\/v2\/types\/product"}],"wp:featuredmedia":[{"embeddable":true,"href":"https:\/\/pizbube.ch\/en\/wp-json\/wp\/v2\/media\/178459"}],"wp:attachment":[{"href":"https:\/\/pizbube.ch\/en\/wp-json\/wp\/v2\/media?parent=178458"}],"wp:term":[{"taxonomy":"product_brand","embeddable":true,"href":"https:\/\/pizbube.ch\/en\/wp-json\/wp\/v2\/product_brand?post=178458"},{"taxonomy":"product_cat","embeddable":true,"href":"https:\/\/pizbube.ch\/en\/wp-json\/wp\/v2\/product_cat?post=178458"},{"taxonomy":"product_tag","embeddable":true,"href":"https:\/\/pizbube.ch\/en\/wp-json\/wp\/v2\/product_tag?post=178458"}],"curies":[{"name":"wp","href":"https:\/\/api.w.org\/{rel}","templated":true}]}}