{"id":178462,"date":"2025-02-11T14:47:08","date_gmt":"2025-02-11T13:47:08","guid":{"rendered":"https:\/\/pizbube.ch\/?post_type=product&#038;p=178462"},"modified":"2026-04-14T09:03:39","modified_gmt":"2026-04-14T07:03:39","slug":"vingrau-le-topo-2024","status":"publish","type":"product","link":"https:\/\/pizbube.ch\/en\/shop\/vingrau-le-topo-2024\/","title":{"rendered":"VINGRAU- le topo 2024"},"content":{"rendered":"<p>Les falaises de Vingrau sont \u00e9quip\u00e9es de pr\u00e8s de 300 voies d\u2019escalade r\u00e9parties sur 24 secteurs, de tous niveaux de difficult\u00e9 de 4a \u00e0 8a, praticables toute l\u2019ann\u00e9e.<\/p>\n<p>Un travail de r\u00e9habilitation du site a commenc\u00e9. Les secteurs Jardins des tropiques, Plaisirs d\u00e9mod\u00e9s, T\u00eates r\u00e9duites ont \u00e9t\u00e9 r\u00e9\u00e9quip\u00e9s. Les Carcassonnais, et quelques autres grandes voies trad ont \u00e9t\u00e9 toilett\u00e9s. Faute de finance, nous avons \u00e9dit\u00e9 cet ouvrage pour poursuivre notre projet de r\u00e9habilitation afin de r\u00e9colter des fonds. En achetant ce topo, vous encouragez, favorisez et p\u00e9rennisez la pratique de l\u2019escalade en site naturel. Ce topo n\u2019est pas un blanc-seing pour une pratique outdoor sans risque. La pratique de l\u2019escalade n\u00e9cessite une formation initiale. Soyez prudents ! Vingrau, c\u2019est r\u00e9ellement de la grimpe old school, peut-\u00eatre plus encore et cet esprit devrait perdurer.<\/p>\n<p>Apr\u00e8s ces avertissements et autre ouverture de parapluie, venez d\u00e9couvrir Vingrau ! L\u2019escalade est ultra classe, de beaux bijoux de voies trad \u00e0 parcourir. Les Gabatx que l\u2019on croise au pied de la falaise ne s\u2019y trompent pas. Ils ont tous la banane aux l\u00e8vres et y reviennent.<\/p>\n<p>148 pages<br \/>\nEdition 2024<\/p>","protected":false},"excerpt":{"rendered":"<p>Les falaises de Vingrau sont \u00e9quip\u00e9es de pr\u00e8s de 300 voies d\u2019escalade r\u00e9parties sur 24 secteurs, de tous niveaux de difficult\u00e9 de 4a \u00e0 8a, praticables toute l\u2019ann\u00e9e. Un travail de r\u00e9habilitation du site a commenc\u00e9. Les secteurs Jardins des tropiques, Plaisirs d\u00e9mod\u00e9s, T\u00eates r\u00e9duites ont \u00e9t\u00e9 r\u00e9\u00e9quip\u00e9s. Les Carcassonnais, et quelques autres grandes voies [&#8230;]\n","protected":false},"featured_media":178463,"template":"","meta":[],"product_brand":[],"product_cat":[21539],"product_tag":[],"class_list":{"0":"post-178462","1":"product","2":"type-product","3":"status-publish","4":"has-post-thumbnail","6":"product_cat-fuehrerliteratur-sportklettern-bouldern","7":"pa_autor-francois-frou-et-nicolas-masse","8":"pa_erscheinungsjahr-27339","9":"pa_region-frankreich","10":"pa_sprache-fr","12":"first","13":"instock","14":"featured","15":"taxable","16":"shipping-taxable","17":"purchasable","18":"product-type-simple"},"_links":{"self":[{"href":"https:\/\/pizbube.ch\/en\/wp-json\/wp\/v2\/product\/178462","targetHints":{"allow":["GET"]}}],"collection":[{"href":"https:\/\/pizbube.ch\/en\/wp-json\/wp\/v2\/product"}],"about":[{"href":"https:\/\/pizbube.ch\/en\/wp-json\/wp\/v2\/types\/product"}],"wp:featuredmedia":[{"embeddable":true,"href":"https:\/\/pizbube.ch\/en\/wp-json\/wp\/v2\/media\/178463"}],"wp:attachment":[{"href":"https:\/\/pizbube.ch\/en\/wp-json\/wp\/v2\/media?parent=178462"}],"wp:term":[{"taxonomy":"product_brand","embeddable":true,"href":"https:\/\/pizbube.ch\/en\/wp-json\/wp\/v2\/product_brand?post=178462"},{"taxonomy":"product_cat","embeddable":true,"href":"https:\/\/pizbube.ch\/en\/wp-json\/wp\/v2\/product_cat?post=178462"},{"taxonomy":"product_tag","embeddable":true,"href":"https:\/\/pizbube.ch\/en\/wp-json\/wp\/v2\/product_tag?post=178462"}],"curies":[{"name":"wp","href":"https:\/\/api.w.org\/{rel}","templated":true}]}}