{"id":178486,"date":"2025-02-12T09:43:26","date_gmt":"2025-02-12T08:43:26","guid":{"rendered":"https:\/\/pizbube.ch\/?post_type=product&#038;p=178486"},"modified":"2025-02-12T11:16:04","modified_gmt":"2025-02-12T10:16:04","slug":"kristiansund-150000","status":"publish","type":"product","link":"https:\/\/pizbube.ch\/en\/shop\/kristiansund-150000\/","title":{"rendered":"Kristiansund 1:50&#8217;000"},"content":{"rendered":"<p class=\"page-title\"><span class=\"base\" data-ui-id=\"page-title-wrapper\">Norge-serien-Karte 10083<\/span><\/p>\n<p>Aver\u00f8ya, Batnfjords\u00f8ra, Eide, Eidsv\u00e5g, Elnesv\u00e5gen, Frei, Halsa, Hjelset, Kristiansund, Kvernberget, Langfjorden, Molde, M\u00f8re og Romsdal, Nordm\u00f8re, Rensvik, Romsdal, Stabblandet, Tingvoll, T\u00f8mmerv\u00e5g<\/p>\n<p><span class=\"value\">Die Karte der Norwegen-Serie Romsdalsfjorden im Ma\u00dfstab 1:50.000 ist auf einem strapazierf\u00e4higem, recycelbaren und wasserbest\u00e4ndigen Kunststofffasermaterial gedruckt. Die Karte ist f\u00fcr Wanderer, J\u00e4ger und Angler geeignet und wird unter anderem vom Rettungsdienst verwendet. Die Norwegen-Serie ist eine \u00fcberregionale Kartenserie und daher auch unter denjenigen beliebt, die l\u00e4ngere Touren unternehmen. Die \u00dcberlappung aller Karten erleichtert die Navigation zwischen den Karten. <\/span><\/p>","protected":false},"excerpt":{"rendered":"<p>Norge-serien-Karte 10083 Aver\u00f8ya, Batnfjords\u00f8ra, Eide, Eidsv\u00e5g, Elnesv\u00e5gen, Frei, Halsa, Hjelset, Kristiansund, Kvernberget, Langfjorden, Molde, M\u00f8re og Romsdal, Nordm\u00f8re, Rensvik, Romsdal, Stabblandet, Tingvoll, T\u00f8mmerv\u00e5g Die Karte der Norwegen-Serie Romsdalsfjorden im Ma\u00dfstab 1:50.000 ist auf einem strapazierf\u00e4higem, recycelbaren und wasserbest\u00e4ndigen Kunststofffasermaterial gedruckt. Die Karte ist f\u00fcr Wanderer, J\u00e4ger und Angler geeignet und wird unter anderem vom Rettungsdienst [&#8230;]\n","protected":false},"featured_media":178488,"template":"","meta":[],"product_brand":[],"product_cat":[21543],"product_tag":[],"class_list":{"0":"post-178486","1":"product","2":"type-product","3":"status-publish","4":"has-post-thumbnail","6":"product_cat-landkarten","7":"pa_autor-nordeca","8":"pa_erscheinungsjahr-21546","9":"pa_region-skandinavien-norwegen-schweden-finnland","10":"pa_sprache-en-norw","12":"first","13":"instock","14":"taxable","15":"shipping-taxable","16":"purchasable","17":"product-type-simple"},"_links":{"self":[{"href":"https:\/\/pizbube.ch\/en\/wp-json\/wp\/v2\/product\/178486","targetHints":{"allow":["GET"]}}],"collection":[{"href":"https:\/\/pizbube.ch\/en\/wp-json\/wp\/v2\/product"}],"about":[{"href":"https:\/\/pizbube.ch\/en\/wp-json\/wp\/v2\/types\/product"}],"wp:featuredmedia":[{"embeddable":true,"href":"https:\/\/pizbube.ch\/en\/wp-json\/wp\/v2\/media\/178488"}],"wp:attachment":[{"href":"https:\/\/pizbube.ch\/en\/wp-json\/wp\/v2\/media?parent=178486"}],"wp:term":[{"taxonomy":"product_brand","embeddable":true,"href":"https:\/\/pizbube.ch\/en\/wp-json\/wp\/v2\/product_brand?post=178486"},{"taxonomy":"product_cat","embeddable":true,"href":"https:\/\/pizbube.ch\/en\/wp-json\/wp\/v2\/product_cat?post=178486"},{"taxonomy":"product_tag","embeddable":true,"href":"https:\/\/pizbube.ch\/en\/wp-json\/wp\/v2\/product_tag?post=178486"}],"curies":[{"name":"wp","href":"https:\/\/api.w.org\/{rel}","templated":true}]}}