{"id":178494,"date":"2025-02-12T14:46:25","date_gmt":"2025-02-12T13:46:25","guid":{"rendered":"https:\/\/pizbube.ch\/?post_type=product&#038;p=178494"},"modified":"2026-03-10T15:20:01","modified_gmt":"2026-03-10T14:20:01","slug":"rutas-con-esquis-pirineo-catalan-y-andorra-tomo-iv","status":"publish","type":"product","link":"https:\/\/pizbube.ch\/en\/shop\/rutas-con-esquis-pirineo-catalan-y-andorra-tomo-iv\/","title":{"rendered":"Rutas con esqu\u00eds Pirineo Catal\u00e1n y Andorra &#8211; Tomo IV"},"content":{"rendered":"<div id=\"nav-tabContent\" class=\"tab-content\">\n<div id=\"resumen\" class=\"p-2 p-md-3 tab-pane fade show active\" role=\"tabpanel\" aria-labelledby=\"resumen-tab\">\n<p>Cuarto tomo de una serie de vol\u00famenes dedicados al esqu\u00ed de monta\u00f1a en el Pirineo catal\u00e1n y andorrano, dentro de la colecci\u00f3n de \u00abRutas con esqu\u00eds\u00bb de la editorial Prames.<\/p>\n<p>Son 65 recorridos (ascensiones, traves\u00edas, circuitos, altas rutas) por algunos de los rincones m\u00e1s espectaculares del Pirineo andorrano.<\/p>\n<p>Como en el resto de vol\u00famenes de la colecci\u00f3n, tienen especial importancia algunos de los apartados introductorios, dedicados a la pr\u00e1ctica segura de este deporte, con informaci\u00f3n acerca de aludes, planificaci\u00f3n de las salidas, enlaces de inter\u00e9s, normas de rescate e informaci\u00f3n pr\u00e1ctica.<\/p>\n<p>En cuanto a los itinerarios, los autores no solo han recogido los m\u00e1s conocidos, de obligada presencia, sino que tambi\u00e9n incorporan nuevas rutas y variantes, dentro de su profundo conocimiento del terreno y de la pr\u00e1ctica del esqu\u00ed de monta\u00f1a, ofreciendo la gu\u00eda m\u00e1s completa de este deporte en este sector, en el que el abundante n\u00famero de refugios guardados permite ampliar las posibilidades.<\/p>\n<p>Igualmente importante ha sido el trabajo gr\u00e1fico. El libro incorpora cerca de 400 fotograf\u00edas realizadas para esta publicaci\u00f3n, que no solo muestran la grandiosidad y belleza de los paisajes por donde discurren las rutas, sino que muchas de ellas sirven para visualizar los itinerarios.<\/p>\n<p>La publicaci\u00f3n suma, adem\u00e1s, 14 mapas a escala 1:25.000, que son el gu\u00eda siempre fiel que nunca ha de abandonar tu mochila, a la b\u00fasqueda de esa fascinante sensaci\u00f3n que provoca deslizarse entre cumbres cubiertas por el manto silencioso e ingr\u00e1vido de la nieve.<\/p>\n<p>N\u00ba P\u00e1g.:447<br \/>\nEdicion 2024<\/p>\n<\/div>\n<\/div>","protected":false},"excerpt":{"rendered":"<p>Cuarto tomo de una serie de vol\u00famenes dedicados al esqu\u00ed de monta\u00f1a en el Pirineo catal\u00e1n y andorrano, dentro de la colecci\u00f3n de \u00abRutas con esqu\u00eds\u00bb de la editorial Prames. Son 65 recorridos (ascensiones, traves\u00edas, circuitos, altas rutas) por algunos de los rincones m\u00e1s espectaculares del Pirineo andorrano. Como en el resto de vol\u00famenes de [&#8230;]\n","protected":false},"featured_media":178496,"template":"","meta":[],"product_brand":[],"product_cat":[21540],"product_tag":[27699],"class_list":{"0":"post-178494","1":"product","2":"type-product","3":"status-publish","4":"has-post-thumbnail","6":"product_cat-fuehrerliteratur-alpin-winter","7":"product_tag-pyrenaeen-skitourenfuehrer","8":"pa_autor-costa-broch","9":"pa_erscheinungsjahr-27339","10":"pa_region-spanien","11":"pa_sprache-espagnol","13":"first","14":"instock","15":"taxable","16":"shipping-taxable","17":"purchasable","18":"product-type-simple"},"_links":{"self":[{"href":"https:\/\/pizbube.ch\/en\/wp-json\/wp\/v2\/product\/178494","targetHints":{"allow":["GET"]}}],"collection":[{"href":"https:\/\/pizbube.ch\/en\/wp-json\/wp\/v2\/product"}],"about":[{"href":"https:\/\/pizbube.ch\/en\/wp-json\/wp\/v2\/types\/product"}],"wp:featuredmedia":[{"embeddable":true,"href":"https:\/\/pizbube.ch\/en\/wp-json\/wp\/v2\/media\/178496"}],"wp:attachment":[{"href":"https:\/\/pizbube.ch\/en\/wp-json\/wp\/v2\/media?parent=178494"}],"wp:term":[{"taxonomy":"product_brand","embeddable":true,"href":"https:\/\/pizbube.ch\/en\/wp-json\/wp\/v2\/product_brand?post=178494"},{"taxonomy":"product_cat","embeddable":true,"href":"https:\/\/pizbube.ch\/en\/wp-json\/wp\/v2\/product_cat?post=178494"},{"taxonomy":"product_tag","embeddable":true,"href":"https:\/\/pizbube.ch\/en\/wp-json\/wp\/v2\/product_tag?post=178494"}],"curies":[{"name":"wp","href":"https:\/\/api.w.org\/{rel}","templated":true}]}}