{"id":178498,"date":"2025-02-12T14:48:46","date_gmt":"2025-02-12T13:48:46","guid":{"rendered":"https:\/\/pizbube.ch\/?post_type=product&#038;p=178498"},"modified":"2026-03-10T15:19:44","modified_gmt":"2026-03-10T14:19:44","slug":"rutas-con-esquis-pirineo-catalan-y-andorra-tomo-ii","status":"publish","type":"product","link":"https:\/\/pizbube.ch\/en\/shop\/rutas-con-esquis-pirineo-catalan-y-andorra-tomo-ii\/","title":{"rendered":"Rutas con esqu\u00eds Pirineo Catal\u00e1n y Andorra &#8211; Tomo II"},"content":{"rendered":"<div id=\"nav-tabContent\" class=\"tab-content\">\n<div id=\"resumen\" class=\"p-2 p-md-3 tab-pane fade show active\" role=\"tabpanel\" aria-labelledby=\"resumen-tab\">\n<p>101 recorridos Valle de Ar\u00e1n<\/p>\n<p>Segundo tomo de una serie de vol\u00famenes dedicados al esqu\u00ed de monta\u00f1a en el Pirineo catal\u00e1n y andorrano, dentro de la colecci\u00f3n de \u00abRutas con esqu\u00eds\u00bb de la editorial Prames.<\/p>\n<p>Son 101 recorridos (ascensiones, traves\u00edas, rutas circulares y una alta ruta por etapas) por todos los rincones del valle de Ar\u00e1n, un magn\u00edfico valle del Pirineo leridano situado en la vertiente norte atl\u00e1ntica.<\/p>\n<p>Como en el resto de vol\u00famenes de la colecci\u00f3n, tienen especial importancia algunos de los apartados introductorios, dedicados a la pr\u00e1ctica segura de este deporte, con informaci\u00f3n acerca de aludes, planificaci\u00f3n de las salidas, normas de rescate e informaci\u00f3n pr\u00e1ctica para el uso de la gu\u00eda.<\/p>\n<p>Incluye 18 mapas a escala 1:25.000.<\/p>\n<p>N\u00ba P\u00e1g.: 447<br \/>\n18 mapas Escala<b>:<\/b>\u00a01:25.000<br \/>\nEdicion 2024<\/p>\n<\/div>\n<\/div>","protected":false},"excerpt":{"rendered":"<p>101 recorridos Valle de Ar\u00e1n Segundo tomo de una serie de vol\u00famenes dedicados al esqu\u00ed de monta\u00f1a en el Pirineo catal\u00e1n y andorrano, dentro de la colecci\u00f3n de \u00abRutas con esqu\u00eds\u00bb de la editorial Prames. Son 101 recorridos (ascensiones, traves\u00edas, rutas circulares y una alta ruta por etapas) por todos los rincones del valle de [&#8230;]\n","protected":false},"featured_media":178499,"template":"","meta":[],"product_brand":[],"product_cat":[21540],"product_tag":[27699],"class_list":{"0":"post-178498","1":"product","2":"type-product","3":"status-publish","4":"has-post-thumbnail","6":"product_cat-fuehrerliteratur-alpin-winter","7":"product_tag-pyrenaeen-skitourenfuehrer","8":"pa_autor-carles-lluch-breugelmans","9":"pa_erscheinungsjahr-27339","10":"pa_region-spanien","11":"pa_sprache-espagnol","13":"first","14":"onbackorder","15":"taxable","16":"shipping-taxable","17":"purchasable","18":"product-type-simple"},"_links":{"self":[{"href":"https:\/\/pizbube.ch\/en\/wp-json\/wp\/v2\/product\/178498","targetHints":{"allow":["GET"]}}],"collection":[{"href":"https:\/\/pizbube.ch\/en\/wp-json\/wp\/v2\/product"}],"about":[{"href":"https:\/\/pizbube.ch\/en\/wp-json\/wp\/v2\/types\/product"}],"wp:featuredmedia":[{"embeddable":true,"href":"https:\/\/pizbube.ch\/en\/wp-json\/wp\/v2\/media\/178499"}],"wp:attachment":[{"href":"https:\/\/pizbube.ch\/en\/wp-json\/wp\/v2\/media?parent=178498"}],"wp:term":[{"taxonomy":"product_brand","embeddable":true,"href":"https:\/\/pizbube.ch\/en\/wp-json\/wp\/v2\/product_brand?post=178498"},{"taxonomy":"product_cat","embeddable":true,"href":"https:\/\/pizbube.ch\/en\/wp-json\/wp\/v2\/product_cat?post=178498"},{"taxonomy":"product_tag","embeddable":true,"href":"https:\/\/pizbube.ch\/en\/wp-json\/wp\/v2\/product_tag?post=178498"}],"curies":[{"name":"wp","href":"https:\/\/api.w.org\/{rel}","templated":true}]}}