{"id":178503,"date":"2025-02-12T16:04:38","date_gmt":"2025-02-12T15:04:38","guid":{"rendered":"https:\/\/pizbube.ch\/?post_type=product&#038;p=178503"},"modified":"2025-02-12T16:04:38","modified_gmt":"2025-02-12T15:04:38","slug":"joseph-vallot-lhistoire-meconnue-dun-savant-alpiniste","status":"publish","type":"product","link":"https:\/\/pizbube.ch\/en\/shop\/joseph-vallot-lhistoire-meconnue-dun-savant-alpiniste\/","title":{"rendered":"Joseph Vallot &#8211; L&#8217;histoire m\u00e9connue d&#8217;un savant alpiniste"},"content":{"rendered":"<div class=\"field field-name-hw-presentation-editoriale field-type-text-long field-label-hidden\">\n<div class=\"field-items\">\n<div class=\"field-item even\">\n<p>La saga d\u2019un scientifique touche-\u00e0-tout qui fut le premier \u00e0 d\u00e9montrer, d\u00e8s 1887, qu\u2019on pouvait dormir et travailler sur le toit des Alpes!<\/p>\n<p>Joseph Vallot (1854-1925) \u00e9tait tout \u00e0 la fois botaniste, g\u00e9ologue, m\u00e9t\u00e9orologue, physiologiste, glaciologue. Cet homme singulier, plein d\u2019humour et de bienveillance, empreint d\u2019une immense foi dans la science et le progr\u00e8s, a sacrifi\u00e9 une bonne partie de sa fortune, sa sant\u00e9 et quarante ans de sa vie \u00e0 l\u2019\u00e9tude du massif du Mont-Blanc, \u00e0 une \u00e9poque o\u00f9 les ascensions vers les hauts sommets relevaient de l\u2019aventure et o\u00f9 la fronti\u00e8re entre alpinisme et science \u00e9tait poreuse. Visionnaire, Vallot saisit d\u00e8s 1875 tout l\u2019int\u00e9r\u00eat scientifique et touristique d\u2019un site tel que le massif du Mont-Blanc.<\/p>\n<p>De 1886 \u00e0 1920, date de sa 34<sup>e<\/sup> et derni\u00e8re ascension au sommet, il passa chaque \u00e9t\u00e9 \u00e0 Chamonix. Son observatoire m\u00e9t\u00e9orologique du mont Blanc devint de 1890 \u00e0 1925 un phare d\u2019altitude d\u00e9vou\u00e9 \u00e0 la science et ouvert \u00e0 tout chercheur fran\u00e7ais ou \u00e9tranger, tandis que le refuge qui lui \u00e9tait accol\u00e9 permettait aux guides de Chamonix de d\u00e9velopper les ascensions au mont Blanc. Explorateur vaillant et endurant, il fut aussi un promoteur du tourisme alpin et jeta notamment les bases du funiculaire de l\u2019aiguille du Midi, anc\u00eatre du t\u00e9l\u00e9ph\u00e9rique du m\u00eame nom.<\/p>\n<p>\u00c0 l\u2019occasion du 100<sup>e<\/sup> anniversaire de sa mort qui co\u00efncide avec la r\u00e9novation de son petit observatoire de Chamonix, red\u00e9couvrons ce naturaliste \u00e0 la curiosit\u00e9 in\u00e9puisable, cet explorateur des sciences et de la nature, en retra\u00e7ant ses diff\u00e9rentes vies : dans ses C\u00e9vennes natales, o\u00f9 se forg\u00e8rent sa passion pour la botanique et l\u2019exploration, \u00e0 Paris o\u00f9 il c\u00f4toyait Gustave Eiffel, L\u00e9on Gaumont, Roland Bonaparte et fr\u00e9quentait les soci\u00e9t\u00e9s savantes\u2026 ; \u00e0 Chamonix o\u00f9 il convia les scientifiques les plus prestigieux et les plus grands alpinistes de son \u00e9poque\u2026 ; \u00e0 Nice o\u00f9 il s\u2019installa pour soigner ses rhumatismes, cr\u00e9a un observatoire climatique, d\u00e9veloppa l\u2019h\u00e9lioth\u00e9rapie, et s\u2019\u00e9teignit en 1925.<\/p>\n<p>200 pages;<br \/>\n140 x 225 mm<\/p>\n<\/div>\n<\/div>\n<\/div>","protected":false},"excerpt":{"rendered":"<p>La saga d\u2019un scientifique touche-\u00e0-tout qui fut le premier \u00e0 d\u00e9montrer, d\u00e8s 1887, qu\u2019on pouvait dormir et travailler sur le toit des Alpes! Joseph Vallot (1854-1925) \u00e9tait tout \u00e0 la fois botaniste, g\u00e9ologue, m\u00e9t\u00e9orologue, physiologiste, glaciologue. Cet homme singulier, plein d\u2019humour et de bienveillance, empreint d\u2019une immense foi dans la science et le progr\u00e8s, a [&#8230;]\n","protected":false},"featured_media":178504,"template":"","meta":[],"product_brand":[],"product_cat":[21542],"product_tag":[],"class_list":{"0":"post-178503","1":"product","2":"type-product","3":"status-publish","4":"has-post-thumbnail","6":"product_cat-sachbuecher-dokumentationen","7":"pa_autor-patriarca","8":"pa_erscheinungsjahr-27415","9":"pa_region-frankreich","10":"pa_sprache-fr","12":"first","13":"instock","14":"taxable","15":"shipping-taxable","16":"purchasable","17":"product-type-simple"},"_links":{"self":[{"href":"https:\/\/pizbube.ch\/en\/wp-json\/wp\/v2\/product\/178503","targetHints":{"allow":["GET"]}}],"collection":[{"href":"https:\/\/pizbube.ch\/en\/wp-json\/wp\/v2\/product"}],"about":[{"href":"https:\/\/pizbube.ch\/en\/wp-json\/wp\/v2\/types\/product"}],"wp:featuredmedia":[{"embeddable":true,"href":"https:\/\/pizbube.ch\/en\/wp-json\/wp\/v2\/media\/178504"}],"wp:attachment":[{"href":"https:\/\/pizbube.ch\/en\/wp-json\/wp\/v2\/media?parent=178503"}],"wp:term":[{"taxonomy":"product_brand","embeddable":true,"href":"https:\/\/pizbube.ch\/en\/wp-json\/wp\/v2\/product_brand?post=178503"},{"taxonomy":"product_cat","embeddable":true,"href":"https:\/\/pizbube.ch\/en\/wp-json\/wp\/v2\/product_cat?post=178503"},{"taxonomy":"product_tag","embeddable":true,"href":"https:\/\/pizbube.ch\/en\/wp-json\/wp\/v2\/product_tag?post=178503"}],"curies":[{"name":"wp","href":"https:\/\/api.w.org\/{rel}","templated":true}]}}