{"id":178506,"date":"2025-02-12T16:12:36","date_gmt":"2025-02-12T15:12:36","guid":{"rendered":"https:\/\/pizbube.ch\/?post_type=product&#038;p=178506"},"modified":"2025-02-12T16:13:24","modified_gmt":"2025-02-12T15:13:24","slug":"hielo-deportivo-sierra-de-bejar-y-candelario-guia-de-escalada-ice-climbing-guide","status":"publish","type":"product","link":"https:\/\/pizbube.ch\/en\/shop\/hielo-deportivo-sierra-de-bejar-y-candelario-guia-de-escalada-ice-climbing-guide\/","title":{"rendered":"Hielo deportivo. Sierra de B\u00e9jar y Candelario &#8211; Gu\u00eda de escalada \/ Ice climbing guide"},"content":{"rendered":"<p>HOYA DE BECEDAS \u2219 HOYA MAYOR \u2219 CANALIZOS \u2219 BARRERA DEL CANTER\u00d3N \u2219\u00a0HOYATI\u00d1ERO \u2219 HOYAMOROS<\/p>\n<p>Here is a selection of the best ice, mixed and dry tooling routes in the glacial cirques of the Sierra de B\u00e9jar and Candelario. This corner of Salamanca, where nature shows itself in its purest form, offers a unique scenario that combines technical challenges and unparalleled beauty when winter arrives.<\/p>\n<p>We call sport ice to routes that are not very long and where there are always pitches, but the guide also includes all the new mixed and dry routes that have been opened in recent years. In total, more than 130 routes to enjoy winter climbing. Whether you are a beginner or an expert, this guide is designed to accompany you every step of the way, providing you with vital information on the best routes, techniques and conditions you will find in this mountain range.<\/p>\n<p>&nbsp;<\/p>\n<p>Te presentamos una selecci\u00f3n de las mejores v\u00edas de hielo, mixto y <em>dry tooling<\/em> de los circos glaciares que comprenden la Sierra de B\u00e9jar y Candelario. Este rinc\u00f3n de Salamanca, donde la naturaleza se muestra en su forma m\u00e1s pura, cuando llega el invierno ofrece un escenario \u00fanico que combina desaf\u00edos t\u00e9cnicos y belleza inigualable.<\/p>\n<p>Llamamos\u00a0hielo\u00a0deportivo a v\u00edas no muy largas en donde siempre hay descuelgues, pero la gu\u00eda tambi\u00e9n incluye todas las nuevas v\u00edas de mixto y <em>dry<\/em> que se han abierto en los \u00faltimos a\u00f1os. En total, 130 l\u00edneas para disfrutar de la escalada invernal. Tanto si te est\u00e1s iniciando como si eres ya un experto, esta gu\u00eda est\u00e1 dise\u00f1ada para acompa\u00f1arte en cada paso, proporcion\u00e1ndote informaci\u00f3n vital sobre las mejores v\u00edas, t\u00e9cnicas y condiciones que encontrar\u00e1s en esta sierra.<\/p>\n<p>Edicion 2025;<br \/>\n15 cm x 21 cm<br \/>\n96 pages<\/p>","protected":false},"excerpt":{"rendered":"<p>HOYA DE BECEDAS \u2219 HOYA MAYOR \u2219 CANALIZOS \u2219 BARRERA DEL CANTER\u00d3N \u2219\u00a0HOYATI\u00d1ERO \u2219 HOYAMOROS Here is a selection of the best ice, mixed and dry tooling routes in the glacial cirques of the Sierra de B\u00e9jar and Candelario. This corner of Salamanca, where nature shows itself in its purest form, offers a unique scenario [&#8230;]\n","protected":false},"featured_media":178507,"template":"","meta":[],"product_brand":[],"product_cat":[21540],"product_tag":[],"class_list":{"0":"post-178506","1":"product","2":"type-product","3":"status-publish","4":"has-post-thumbnail","6":"product_cat-fuehrerliteratur-alpin-winter","7":"pa_autor-moran","8":"pa_erscheinungsjahr-27415","9":"pa_region-spanien","10":"pa_sprache-en-es","12":"first","13":"instock","14":"taxable","15":"shipping-taxable","16":"purchasable","17":"product-type-simple"},"_links":{"self":[{"href":"https:\/\/pizbube.ch\/en\/wp-json\/wp\/v2\/product\/178506","targetHints":{"allow":["GET"]}}],"collection":[{"href":"https:\/\/pizbube.ch\/en\/wp-json\/wp\/v2\/product"}],"about":[{"href":"https:\/\/pizbube.ch\/en\/wp-json\/wp\/v2\/types\/product"}],"wp:featuredmedia":[{"embeddable":true,"href":"https:\/\/pizbube.ch\/en\/wp-json\/wp\/v2\/media\/178507"}],"wp:attachment":[{"href":"https:\/\/pizbube.ch\/en\/wp-json\/wp\/v2\/media?parent=178506"}],"wp:term":[{"taxonomy":"product_brand","embeddable":true,"href":"https:\/\/pizbube.ch\/en\/wp-json\/wp\/v2\/product_brand?post=178506"},{"taxonomy":"product_cat","embeddable":true,"href":"https:\/\/pizbube.ch\/en\/wp-json\/wp\/v2\/product_cat?post=178506"},{"taxonomy":"product_tag","embeddable":true,"href":"https:\/\/pizbube.ch\/en\/wp-json\/wp\/v2\/product_tag?post=178506"}],"curies":[{"name":"wp","href":"https:\/\/api.w.org\/{rel}","templated":true}]}}