{"id":178517,"date":"2025-02-13T09:15:41","date_gmt":"2025-02-13T08:15:41","guid":{"rendered":"https:\/\/pizbube.ch\/?post_type=product&#038;p=178517"},"modified":"2026-03-10T15:18:58","modified_gmt":"2026-03-10T14:18:58","slug":"rutas-con-esquis-pirineo-aragones-tomo-iv","status":"publish","type":"product","link":"https:\/\/pizbube.ch\/en\/shop\/rutas-con-esquis-pirineo-aragones-tomo-iv\/","title":{"rendered":"Rutas con esqu\u00eds Pirineo Aragon\u00e9s (Tomo IV)"},"content":{"rendered":"<p>55 recorridos desde Benasque al T\u00fanel de Vielha<\/p>\n<p>Este tomo IV cierra por fin la entrega de 266 rutas en el Pirineo aragon\u00e9s para esquiadores, raqueteros y monta\u00f1eros. Este tomo viaja del r\u00edo \u00c9sera, en Benasque, al r\u00edo Noguera Ribagorzana, en la frontera con Catalu\u00f1a. En esta \u00faltima entrega empezamos en la divisoria fronteriza de los Llanos del Hospital, donde habitualmente entra mucha nieve con las primeras nevadas de norte y donde muchos a\u00f1os nos estrenamos. Su abundancia de laderas al sol nos permite ir all\u00ed en pleno diciembre. All\u00ed hemos trazado varias circulares entre Benasque, Francia y Artiga de Lin, siguiendo al Este el valle de la Escaleta hasta el Mulleres.<\/p>\n<p>Luego nos vamos a Cerler, con rutas cerca de la estaci\u00f3n de esqu\u00ed y alrededores, recorriendo tambi\u00e9n el solitario valle de Ardon\u00e9s. Tras hacer una incursi\u00f3n en el Turb\u00f3n, nos vamos al valle de Vallibierna, con todas las rutas de la cara sur del Aneto. Luego nos vamos al sector m\u00e1s grande, el que incluye todo el macizo de Aneto-Maladeta, recorriendo desde los Llanos del Hospital, la Besurta y La Renclusa toda su cara norte, con sus enlaces al sur, a Vallibierna. Despu\u00e9s nos vamos al sector de Llauset-Barrab\u00e9s, donde el nuevo refugio Cap de Llauset permite infinidad de rutas y bucles por todas las caras del macizo m\u00e1s alto del Pirineo. Por \u00faltimo, saltamos hasta el t\u00fanel de Vielha, parar subir al Mulleres por el norte y por el sur y para trazar la Alta Ruta Mulleres-Renclusa-Salenques, que cierra esta obra. Incluye 13 mapas de escala 1:25.000.<\/p>\n<p>Ten\u00e9is rutas para todos los niveles, de un d\u00eda y altas rutas de varios d\u00edas. \u00bfYa hab\u00e9is encerado vuestros esqu\u00eds?<\/p>\n<p>2023 (2\u00ba edici\u00f3n);<br \/>\n13 mapas Escala<strong>:<\/strong> 1:25.000<\/p>","protected":false},"excerpt":{"rendered":"<p>55 recorridos desde Benasque al T\u00fanel de Vielha Este tomo IV cierra por fin la entrega de 266 rutas en el Pirineo aragon\u00e9s para esquiadores, raqueteros y monta\u00f1eros. Este tomo viaja del r\u00edo \u00c9sera, en Benasque, al r\u00edo Noguera Ribagorzana, en la frontera con Catalu\u00f1a. En esta \u00faltima entrega empezamos en la divisoria fronteriza de [&#8230;]\n","protected":false},"featured_media":178518,"template":"","meta":[],"product_brand":[],"product_cat":[21540],"product_tag":[27699],"class_list":{"0":"post-178517","1":"product","2":"type-product","3":"status-publish","4":"has-post-thumbnail","6":"product_cat-fuehrerliteratur-alpin-winter","7":"product_tag-pyrenaeen-skitourenfuehrer","8":"pa_autor-jorge-garcia-dihinx","9":"pa_erscheinungsjahr-27129","10":"pa_region-spanien","11":"pa_sprache-espagnol","13":"first","14":"instock","15":"taxable","16":"shipping-taxable","17":"purchasable","18":"product-type-simple"},"_links":{"self":[{"href":"https:\/\/pizbube.ch\/en\/wp-json\/wp\/v2\/product\/178517","targetHints":{"allow":["GET"]}}],"collection":[{"href":"https:\/\/pizbube.ch\/en\/wp-json\/wp\/v2\/product"}],"about":[{"href":"https:\/\/pizbube.ch\/en\/wp-json\/wp\/v2\/types\/product"}],"wp:featuredmedia":[{"embeddable":true,"href":"https:\/\/pizbube.ch\/en\/wp-json\/wp\/v2\/media\/178518"}],"wp:attachment":[{"href":"https:\/\/pizbube.ch\/en\/wp-json\/wp\/v2\/media?parent=178517"}],"wp:term":[{"taxonomy":"product_brand","embeddable":true,"href":"https:\/\/pizbube.ch\/en\/wp-json\/wp\/v2\/product_brand?post=178517"},{"taxonomy":"product_cat","embeddable":true,"href":"https:\/\/pizbube.ch\/en\/wp-json\/wp\/v2\/product_cat?post=178517"},{"taxonomy":"product_tag","embeddable":true,"href":"https:\/\/pizbube.ch\/en\/wp-json\/wp\/v2\/product_tag?post=178517"}],"curies":[{"name":"wp","href":"https:\/\/api.w.org\/{rel}","templated":true}]}}