{"id":178520,"date":"2025-02-13T09:25:33","date_gmt":"2025-02-13T08:25:33","guid":{"rendered":"https:\/\/pizbube.ch\/?post_type=product&#038;p=178520"},"modified":"2026-03-10T15:18:37","modified_gmt":"2026-03-10T14:18:37","slug":"rutas-con-esquis-pirineo-aragones-tomo-iii","status":"publish","type":"product","link":"https:\/\/pizbube.ch\/en\/shop\/rutas-con-esquis-pirineo-aragones-tomo-iii\/","title":{"rendered":"Rutas con esqu\u00eds Pirineo Aragon\u00e9s (Tomo III)"},"content":{"rendered":"<p class=\"h1 productpage_title\">Rutas con esqu\u00eds Pirineo Aragon\u00e9s. Tomo III<\/p>\n<p>Tomo III y entrega final de esta obra de esqu\u00ed en el Pirineo aragon\u00e9s, que el autor y la editorial han decidido dividir en dos tomos, pues sumaban demasiadas rutas para meterlas en un solo libro. As\u00ed pues, sacan a la vez este tomo III y el tomo IV, terminando las 266 rutas, desde la frontera con Navarra al t\u00fanel de Vielha. Incluye 19 mapas de escala 1:25.000.<\/p>\n<p>En este tomo III nos presentan 64 rutas con esqu\u00eds. Empezamos en el entorno de Bielsa. Desde Chisag\u00fc\u00e9s recorremos el entorno del valle del r\u00edo Real. En la boca sur de Bielsa empezamos desde la Suelza y vamos subiendo al Norte, a los valles de Trigoniero, Barrosa, Salcorz y Pinarra. Saltamos a la boca norte del t\u00fanel de Bielsa, con traves\u00edas a la vertiente sur y a Piau Engaly. En Piau abrimos un cap\u00edtulo nuevo de 6 rutas donde la nieve dura casi toda la temporada. Entramos en el valle de Chistau, recorriendo el Cotiella y sus estribaciones desde Saravillo, Plan, San Juan de Plan y Gista\u00edn. Subimos el Zinqueta hacia la Suelza y desde Viad\u00f3s trazamos varias rutas por la cara oeste del macizo del Posets. El amplio macizo del Posets est\u00e1 cubierto desde todas sus caras, saltando al valle de Benasque y accediendo desde el \u00c1ngel Or\u00fas y desde los valles de Est\u00f3s, Literola y Remu\u00f1e, saltando desde este \u00faltimo al Portill\u00f3n de \u00d4o franc\u00e9s. Terminamos en Benasque, en el r\u00edo \u00c9sera, que hace de l\u00edmite natural con el siguiente tomo, que ir\u00e1 hasta el Noguera Ribagorzana.<\/p>\n<p>Hay rutas para todos los niveles, de un solo d\u00eda y tambi\u00e9n altas rutas de varios d\u00edas para primavera. \u00bfYa hab\u00e9is encerado vuestros esqu\u00eds?<\/p>\n<p>19 mapas Escala<strong>:<\/strong> 1:25.000<br \/>\nEdici\u00f3n<strong>:<\/strong>\u00a02016<\/p>","protected":false},"excerpt":{"rendered":"<p>Rutas con esqu\u00eds Pirineo Aragon\u00e9s. Tomo III Tomo III y entrega final de esta obra de esqu\u00ed en el Pirineo aragon\u00e9s, que el autor y la editorial han decidido dividir en dos tomos, pues sumaban demasiadas rutas para meterlas en un solo libro. As\u00ed pues, sacan a la vez este tomo III y el tomo [&#8230;]\n","protected":false},"featured_media":178521,"template":"","meta":[],"product_brand":[],"product_cat":[21540],"product_tag":[27699],"class_list":{"0":"post-178520","1":"product","2":"type-product","3":"status-publish","4":"has-post-thumbnail","6":"product_cat-fuehrerliteratur-alpin-winter","7":"product_tag-pyrenaeen-skitourenfuehrer","8":"pa_autor-jorge-garcia-dihinx","9":"pa_erscheinungsjahr-21571","10":"pa_region-spanien","11":"pa_sprache-espagnol","13":"first","14":"instock","15":"taxable","16":"shipping-taxable","17":"purchasable","18":"product-type-simple"},"_links":{"self":[{"href":"https:\/\/pizbube.ch\/en\/wp-json\/wp\/v2\/product\/178520","targetHints":{"allow":["GET"]}}],"collection":[{"href":"https:\/\/pizbube.ch\/en\/wp-json\/wp\/v2\/product"}],"about":[{"href":"https:\/\/pizbube.ch\/en\/wp-json\/wp\/v2\/types\/product"}],"wp:featuredmedia":[{"embeddable":true,"href":"https:\/\/pizbube.ch\/en\/wp-json\/wp\/v2\/media\/178521"}],"wp:attachment":[{"href":"https:\/\/pizbube.ch\/en\/wp-json\/wp\/v2\/media?parent=178520"}],"wp:term":[{"taxonomy":"product_brand","embeddable":true,"href":"https:\/\/pizbube.ch\/en\/wp-json\/wp\/v2\/product_brand?post=178520"},{"taxonomy":"product_cat","embeddable":true,"href":"https:\/\/pizbube.ch\/en\/wp-json\/wp\/v2\/product_cat?post=178520"},{"taxonomy":"product_tag","embeddable":true,"href":"https:\/\/pizbube.ch\/en\/wp-json\/wp\/v2\/product_tag?post=178520"}],"curies":[{"name":"wp","href":"https:\/\/api.w.org\/{rel}","templated":true}]}}