{"id":178522,"date":"2025-02-13T09:39:32","date_gmt":"2025-02-13T08:39:32","guid":{"rendered":"https:\/\/pizbube.ch\/?post_type=product&#038;p=178522"},"modified":"2026-03-10T15:18:17","modified_gmt":"2026-03-10T14:18:17","slug":"rutas-con-esquis-pirineo-aragones-tomo-ii","status":"publish","type":"product","link":"https:\/\/pizbube.ch\/en\/shop\/rutas-con-esquis-pirineo-aragones-tomo-ii\/","title":{"rendered":"Rutas con esqu\u00eds Pirineo Aragon\u00e9s (Tomo II)"},"content":{"rendered":"<p>80 recorridos desde Sallent a Ordesa<\/p>\n<p>Segundo volumen de una colecci\u00f3n que en el global sumar\u00e1 m\u00e1s de 200 recorridos con esqu\u00eds por todo el Pirineo aragon\u00e9s. Este segundo tomo recoge el Pirineo central aragon\u00e9s, con 80 rutas con esqu\u00eds de Sallent a Ordesa. Destaca por las traves\u00edas y las Altas Rutas de varios d\u00edas entre Respomuso, Bachimala y la zona del Ara-Vignemale, as\u00ed como en el tri\u00e1ngulo m\u00e1gico que se forma entre Bujaruelo, Gavarnie y Ordesa. Y por sus m\u00e1s de 500 fotos con las rutas dibujadas y 20 mapas 1:25.000 con todos los itinerarios.<\/p>\n<p>El recorrido se inicia con el valle franc\u00e9s de Arrious, que enlaza al sur con la zona de Sallent de G\u00e1llego. Entra luego en el para\u00edso formado por el circo de Respomuso y la zona del Balneario de Panticosa, combinando bucles entre Respomuso, Bachima\u00f1a, Wallon, Oulettes de Gaube y el Vignemale. Al sur explora la zona de Panticosa y La Ripera y m\u00e1s al sur traza unas suaves l\u00edneas por las lomas del Cotefablo. Contin\u00faa al este yendo a Bujaruelo, extendi\u00e9ndolo hasta Gavarnie y culminando en el Parque Nacional de Ordesa y Monte Perdido.<\/p>\n<p>En este segundo volumen se describen m\u00e1s de 80 rutas para esqu\u00eds (muchas de ellas aptas para raquetas de nieve), para todos los niveles, desde sencillas salidas de iniciaci\u00f3n a complicadas ascensiones de car\u00e1cter alpino, pasando por jornadas largas, pero sin grandes dificultades t\u00e9cnicas.<\/p>\n<p>En esta colecci\u00f3n de tres tomos se prima la seguridad, de hecho se han mantenido los cap\u00edtulos iniciales del primer volumen sobre seguridad en monta\u00f1a y nociones sobre avalanchas, de manera que aunque no tengamos el tomo I podamos entender mejor el terreno en el que este bello deporte se desarrolla.<\/p>\n<p>Edicion 2016<br \/>\n20 mapas 1:25.000<\/p>","protected":false},"excerpt":{"rendered":"<p>80 recorridos desde Sallent a Ordesa Segundo volumen de una colecci\u00f3n que en el global sumar\u00e1 m\u00e1s de 200 recorridos con esqu\u00eds por todo el Pirineo aragon\u00e9s. Este segundo tomo recoge el Pirineo central aragon\u00e9s, con 80 rutas con esqu\u00eds de Sallent a Ordesa. Destaca por las traves\u00edas y las Altas Rutas de varios d\u00edas [&#8230;]\n","protected":false},"featured_media":178523,"template":"","meta":[],"product_brand":[],"product_cat":[21540],"product_tag":[27699],"class_list":{"0":"post-178522","1":"product","2":"type-product","3":"status-publish","4":"has-post-thumbnail","6":"product_cat-fuehrerliteratur-alpin-winter","7":"product_tag-pyrenaeen-skitourenfuehrer","8":"pa_autor-jorge-garcia-dihinx","9":"pa_erscheinungsjahr-21571","10":"pa_region-spanien","11":"pa_sprache-espagnol","13":"first","14":"outofstock","15":"taxable","16":"shipping-taxable","17":"purchasable","18":"product-type-simple"},"_links":{"self":[{"href":"https:\/\/pizbube.ch\/en\/wp-json\/wp\/v2\/product\/178522","targetHints":{"allow":["GET"]}}],"collection":[{"href":"https:\/\/pizbube.ch\/en\/wp-json\/wp\/v2\/product"}],"about":[{"href":"https:\/\/pizbube.ch\/en\/wp-json\/wp\/v2\/types\/product"}],"wp:featuredmedia":[{"embeddable":true,"href":"https:\/\/pizbube.ch\/en\/wp-json\/wp\/v2\/media\/178523"}],"wp:attachment":[{"href":"https:\/\/pizbube.ch\/en\/wp-json\/wp\/v2\/media?parent=178522"}],"wp:term":[{"taxonomy":"product_brand","embeddable":true,"href":"https:\/\/pizbube.ch\/en\/wp-json\/wp\/v2\/product_brand?post=178522"},{"taxonomy":"product_cat","embeddable":true,"href":"https:\/\/pizbube.ch\/en\/wp-json\/wp\/v2\/product_cat?post=178522"},{"taxonomy":"product_tag","embeddable":true,"href":"https:\/\/pizbube.ch\/en\/wp-json\/wp\/v2\/product_tag?post=178522"}],"curies":[{"name":"wp","href":"https:\/\/api.w.org\/{rel}","templated":true}]}}