{"id":178524,"date":"2025-02-13T09:48:58","date_gmt":"2025-02-13T08:48:58","guid":{"rendered":"https:\/\/pizbube.ch\/?post_type=product&#038;p=178524"},"modified":"2026-03-20T15:31:16","modified_gmt":"2026-03-20T14:31:16","slug":"rutas-con-esquis-pirineo-aragones-tomo-i","status":"publish","type":"product","link":"https:\/\/pizbube.ch\/en\/shop\/rutas-con-esquis-pirineo-aragones-tomo-i\/","title":{"rendered":"Rutas con esqu\u00eds Pirineo aragon\u00e9s (Tomo I)"},"content":{"rendered":"<p>67 recorridos desde Linza al Portalet<\/p>\n<p>Este es el primer tomo de una colecci\u00f3n que constar\u00e1 de 3 libros de rutas con esqu\u00eds en el Pirineo aragon\u00e9s (con itinerarios tambi\u00e9n en la vertiente francesa). Este primer tomo recoge el Pirineo aragon\u00e9s m\u00e1s occidental, con de 67 rutas con esqu\u00eds, que empiezan en Linza (Ans\u00f3) y llegan a la zona del Portalet (lado franc\u00e9s del Valle de Tena). Son itinerarios para todos los niveles, desde sencillas salidas de iniciaci\u00f3n a largas Altas Rutas con fuertes desniveles e inclinaci\u00f3n.<\/p>\n<p>M\u00e1s de 400 fotos sobre las cuales est\u00e1n las rutas dibujadas y 24 mapas 1:25.000 con todos los itinerarios, para tener a mano toda la informaci\u00f3n necesaria para desplazarse por el m\u00e1gico entorno del Pirineo aragon\u00e9s m\u00e1s occidental. Se incluyen consejos sobre avalanchas y seguridad en monta\u00f1a.<\/p>\n<p>Edici\u00f3n<strong>:<\/strong> 2023 (6\u00aa)<br \/>\n24 mapas; Escala<b>:<\/b>\u00a01:25.000<\/p>","protected":false},"excerpt":{"rendered":"<p>67 recorridos desde Linza al Portalet Este es el primer tomo de una colecci\u00f3n que constar\u00e1 de 3 libros de rutas con esqu\u00eds en el Pirineo aragon\u00e9s (con itinerarios tambi\u00e9n en la vertiente francesa). Este primer tomo recoge el Pirineo aragon\u00e9s m\u00e1s occidental, con de 67 rutas con esqu\u00eds, que empiezan en Linza (Ans\u00f3) y [&#8230;]\n","protected":false},"featured_media":178525,"template":"","meta":[],"product_brand":[],"product_cat":[21540],"product_tag":[27699],"class_list":{"0":"post-178524","1":"product","2":"type-product","3":"status-publish","4":"has-post-thumbnail","6":"product_cat-fuehrerliteratur-alpin-winter","7":"product_tag-pyrenaeen-skitourenfuehrer","8":"pa_autor-jorge-garcia-dihinx","9":"pa_erscheinungsjahr-27129","10":"pa_region-spanien","11":"pa_sprache-espagnol","13":"first","14":"onbackorder","15":"taxable","16":"shipping-taxable","17":"purchasable","18":"product-type-simple"},"_links":{"self":[{"href":"https:\/\/pizbube.ch\/en\/wp-json\/wp\/v2\/product\/178524","targetHints":{"allow":["GET"]}}],"collection":[{"href":"https:\/\/pizbube.ch\/en\/wp-json\/wp\/v2\/product"}],"about":[{"href":"https:\/\/pizbube.ch\/en\/wp-json\/wp\/v2\/types\/product"}],"wp:featuredmedia":[{"embeddable":true,"href":"https:\/\/pizbube.ch\/en\/wp-json\/wp\/v2\/media\/178525"}],"wp:attachment":[{"href":"https:\/\/pizbube.ch\/en\/wp-json\/wp\/v2\/media?parent=178524"}],"wp:term":[{"taxonomy":"product_brand","embeddable":true,"href":"https:\/\/pizbube.ch\/en\/wp-json\/wp\/v2\/product_brand?post=178524"},{"taxonomy":"product_cat","embeddable":true,"href":"https:\/\/pizbube.ch\/en\/wp-json\/wp\/v2\/product_cat?post=178524"},{"taxonomy":"product_tag","embeddable":true,"href":"https:\/\/pizbube.ch\/en\/wp-json\/wp\/v2\/product_tag?post=178524"}],"curies":[{"name":"wp","href":"https:\/\/api.w.org\/{rel}","templated":true}]}}