{"id":178526,"date":"2025-02-13T11:23:45","date_gmt":"2025-02-13T10:23:45","guid":{"rendered":"https:\/\/pizbube.ch\/?post_type=product&#038;p=178526"},"modified":"2025-06-05T14:26:22","modified_gmt":"2025-06-05T12:26:22","slug":"ossola-rock-klettergaerten","status":"publish","type":"product","link":"https:\/\/pizbube.ch\/en\/shop\/ossola-rock-klettergaerten\/","title":{"rendered":"Ossola Rock &#8211; Kletterg\u00e4rten"},"content":{"rendered":"<p class=\"product-detail\">Kletterg\u00e4rten vom Lago Maggiore bis zum Simplon, vom Monte Rosa bis zu den T\u00e4lern Devero, Formazza und Vigezzo<\/p>\n<p>In diesem F\u00fchrer betonen wir die neuen Klettergebiete in der Region Verbano-Cusio-Ossola und hier in erster Linie Torraccia, Il Castello al Passet und La Cascata, doch genauso auch wichtige Erweiterungen klassischer Gebiete, wie z. B. Ponte Romano. Dazu kommen noch neue Trad-Gebiete wie Ossolandia, das \u00fcbrigens eine gute Alternative zu den bekannten Felsw\u00e4nden von Yosesigo und Cadarese ist.<\/p>\n<p>Aber auch die klassischen Gebiete von Macugnaga, Simplon, Croveo, Formazza und Vigezzo fehlen nicht. Und ja, auch die eine oder andere vergessene Wand holen wir wieder ins Bewusstsein. Mit ihrer Vielzahl an Routen und der Vielfalt an Felsw\u00e4nden ist diese Region mittlerweile weit \u00fcber die italienische Grenze hinaus bekannt.<\/p>\n<p>Deshalb sind die neuen F\u00fchrer auch in deutscher Sprache erh\u00e4ltlich und wir laden euch mit aktuellen Fotos und einem sehr benutzerfreundlichen Aufbau herzlich ein, die Freude f\u00fcr all diese Gebiete mit uns zu teilen.<\/p>\n<p>Ossola Rock \u2013 mit der f\u00fcnften Auflage des Kletterf\u00fchrers bekommt ihr jetzt zwei Versionen: eine f\u00fcr kurze Routen, eine f\u00fcr die Mehrseill\u00e4ngen.<\/p>\n<p>496 Seiten;<br \/>\n5. Auflage 2025<\/p>","protected":false},"excerpt":{"rendered":"<p>Kletterg\u00e4rten vom Lago Maggiore bis zum Simplon, vom Monte Rosa bis zu den T\u00e4lern Devero, Formazza und Vigezzo In diesem F\u00fchrer betonen wir die neuen Klettergebiete in der Region Verbano-Cusio-Ossola und hier in erster Linie Torraccia, Il Castello al Passet und La Cascata, doch genauso auch wichtige Erweiterungen klassischer Gebiete, wie z. B. Ponte Romano. [&#8230;]\n","protected":false},"featured_media":178532,"template":"","meta":[],"product_brand":[],"product_cat":[21539],"product_tag":[27056],"class_list":{"0":"post-178526","1":"product","2":"type-product","3":"status-publish","4":"has-post-thumbnail","6":"product_cat-fuehrerliteratur-sportklettern-bouldern","7":"product_tag-domodossola","8":"pa_autor-serino","9":"pa_erscheinungsjahr-27415","10":"pa_region-italien","11":"pa_sprache-de","13":"first","14":"instock","15":"taxable","16":"shipping-taxable","17":"purchasable","18":"product-type-simple"},"_links":{"self":[{"href":"https:\/\/pizbube.ch\/en\/wp-json\/wp\/v2\/product\/178526","targetHints":{"allow":["GET"]}}],"collection":[{"href":"https:\/\/pizbube.ch\/en\/wp-json\/wp\/v2\/product"}],"about":[{"href":"https:\/\/pizbube.ch\/en\/wp-json\/wp\/v2\/types\/product"}],"wp:featuredmedia":[{"embeddable":true,"href":"https:\/\/pizbube.ch\/en\/wp-json\/wp\/v2\/media\/178532"}],"wp:attachment":[{"href":"https:\/\/pizbube.ch\/en\/wp-json\/wp\/v2\/media?parent=178526"}],"wp:term":[{"taxonomy":"product_brand","embeddable":true,"href":"https:\/\/pizbube.ch\/en\/wp-json\/wp\/v2\/product_brand?post=178526"},{"taxonomy":"product_cat","embeddable":true,"href":"https:\/\/pizbube.ch\/en\/wp-json\/wp\/v2\/product_cat?post=178526"},{"taxonomy":"product_tag","embeddable":true,"href":"https:\/\/pizbube.ch\/en\/wp-json\/wp\/v2\/product_tag?post=178526"}],"curies":[{"name":"wp","href":"https:\/\/api.w.org\/{rel}","templated":true}]}}