{"id":178538,"date":"2025-02-13T14:44:33","date_gmt":"2025-02-13T13:44:33","guid":{"rendered":"https:\/\/pizbube.ch\/?post_type=product&#038;p=178538"},"modified":"2025-02-13T14:46:35","modified_gmt":"2025-02-13T13:46:35","slug":"up-climbing-annuario-2024","status":"publish","type":"product","link":"https:\/\/pizbube.ch\/en\/shop\/up-climbing-annuario-2024\/","title":{"rendered":"UP Climbing Annuario 2024"},"content":{"rendered":"<p class=\"product-detail\">Speciale annuario 2024<\/p>\n<p>Ritorna l&#8217;appuntamento con l&#8217;annuario di\u00a0<em>UP Climbing<\/em>, in questa edizione l&#8217;obiettivo \u00e8 quello di aprire uno scorcio sul mondo\u00a0verticale, riassumendo e contestualizzando gli exploit pi\u00f9 rilevanti nelle diverse discipline. Uno scorcio per mostrare quali siano le frontiere attualmente esplorate e chi siano i protagonisti del mondo verticale, con il loro carattere e la loro creativit\u00e0.<\/p>\n<p>Oltre alle realizzazioni per\u00f2, un evento che senza dubbio non si pu\u00f2 trascurare \u00e8 quello rappresentato dalle Olimpiadi di Parigi2024. Nella capitale francese l&#8217;arrampicata \u00e8 approdata in una forma meno discutibile rispetto a Tokyo2020, ma per approfondimenti e dettagli invitiamo tutti gli interessati a visionare il riassunto preciso dell&#8217;evento curato da Alessandro Palma.<\/p>\n<p>In questo annuario 2024 c&#8217;\u00e8 anche spazio per approfondimenti e interviste fra <em>Alpinismo e Ghiaccio<\/em>; Daniel Ladurner ci racconta le sue vie e la sua visione in\u00a0<em>Una giornata da sogno<\/em>, nell&#8217;articolo <em>I demoni del drytooling<\/em> invece Matteo Pillon descrive nel dettaglio l\u2019arrampicata con gli attrezzi, Stefano Ragazzo con <em>Isolato, difficile, in alto<\/em> ci accompagna invece alla ricerca dell\u2019avventura verticale.<\/p>\n<p>Avventurandoci nel mondo <em>Falesia<\/em> scopriremo il &#171;puma&#187; di Novara Gabri Moroni che racconta il suo 9b di Erebor, nell&#8217;intervista a James Pearson e Caroline Ciavaldini\u00a0parleremo di\u00a0Una vita Trad&#8230; tra friend e pannolini!, e ancora con Anak Werhoeven ripercorreremo\u00a0La Planta de Shiva.<\/p>\n<p>Ultimo, ma non per importanza, il\u00a0<em>Boulder\u00a0<\/em>con Jakob Schubert col quale parleremo di <em>Alphane\u00a0<\/em>a Chironico, per concludere con la quarta salita di\u00a0<em>Burden of Dreams<\/em> di\u00a0Elias Iagnemma, il primo italiano da 9a bloc!<\/p>\n<p>176 Pagine<\/p>","protected":false},"excerpt":{"rendered":"<p>Speciale annuario 2024 Ritorna l&#8217;appuntamento con l&#8217;annuario di\u00a0UP Climbing, in questa edizione l&#8217;obiettivo \u00e8 quello di aprire uno scorcio sul mondo\u00a0verticale, riassumendo e contestualizzando gli exploit pi\u00f9 rilevanti nelle diverse discipline. Uno scorcio per mostrare quali siano le frontiere attualmente esplorate e chi siano i protagonisti del mondo verticale, con il loro carattere e la [&#8230;]\n","protected":false},"featured_media":178539,"template":"","meta":[],"product_brand":[],"product_cat":[21541],"product_tag":[],"class_list":{"0":"post-178538","1":"product","2":"type-product","3":"status-publish","4":"has-post-thumbnail","6":"product_cat-zeitschriften","7":"pa_autor-redazione-up-climbing","8":"pa_erscheinungsjahr-27415","9":"pa_region-italien","10":"pa_region-uebrigers-europa","11":"pa_sprache-it","13":"first","14":"instock","15":"taxable","16":"shipping-taxable","17":"purchasable","18":"product-type-simple"},"_links":{"self":[{"href":"https:\/\/pizbube.ch\/en\/wp-json\/wp\/v2\/product\/178538","targetHints":{"allow":["GET"]}}],"collection":[{"href":"https:\/\/pizbube.ch\/en\/wp-json\/wp\/v2\/product"}],"about":[{"href":"https:\/\/pizbube.ch\/en\/wp-json\/wp\/v2\/types\/product"}],"wp:featuredmedia":[{"embeddable":true,"href":"https:\/\/pizbube.ch\/en\/wp-json\/wp\/v2\/media\/178539"}],"wp:attachment":[{"href":"https:\/\/pizbube.ch\/en\/wp-json\/wp\/v2\/media?parent=178538"}],"wp:term":[{"taxonomy":"product_brand","embeddable":true,"href":"https:\/\/pizbube.ch\/en\/wp-json\/wp\/v2\/product_brand?post=178538"},{"taxonomy":"product_cat","embeddable":true,"href":"https:\/\/pizbube.ch\/en\/wp-json\/wp\/v2\/product_cat?post=178538"},{"taxonomy":"product_tag","embeddable":true,"href":"https:\/\/pizbube.ch\/en\/wp-json\/wp\/v2\/product_tag?post=178538"}],"curies":[{"name":"wp","href":"https:\/\/api.w.org\/{rel}","templated":true}]}}