{"id":178596,"date":"2025-02-19T10:17:07","date_gmt":"2025-02-19T09:17:07","guid":{"rendered":"https:\/\/pizbube.ch\/?post_type=product&#038;p=178596"},"modified":"2025-02-19T14:05:30","modified_gmt":"2025-02-19T13:05:30","slug":"dolomiten-50-touren-zwischen-brixen-und-belluno","status":"publish","type":"product","link":"https:\/\/pizbube.ch\/en\/shop\/dolomiten-50-touren-zwischen-brixen-und-belluno\/","title":{"rendered":"Dolomiten &#8211; 50 Touren zwischen Brixen und Belluno"},"content":{"rendered":"<p><span class=\"value\">Drei Zinnen, Marmolada, Rosengarten \u2013 als eines der herrlichsten Berggebiete der Alpen warten die Dolomiten mit verhei\u00dfungsvollen Namen und beeindruckenden Panoramen auf. Wie kein anderes Gebiet in den Ostalpen bieten sie Wanderern, Gipfelst\u00fcrmern und Klettersteig-Liebhabern eine schier unbegrenzte Zahl von Tourenm\u00f6glichkeiten. Das Rother Wanderbuch \u00bbDolomiten\u00ab stellt 50 Touren f\u00fcr Genusswanderer als auch f\u00fcr Bergsteiger vor.<\/span><\/p>\n<p>Die Landschaft k\u00f6nnte sich nicht abwechslungsreicher zeigen: Sanfte Mittelgebirge stehen neben aufragenden Felsen, gr\u00fcne Wiesen neben grauen Karrenfeldern, liebliche L\u00e4rchenw\u00e4lder \u00fcber tiefen Schluchten und vertr\u00e4umten Bergseen. Die Auswahl in diesem Wanderbuch umfasst gem\u00fctliche Panoramawege, H\u00fcttenwanderungen mit sch\u00f6nen Einkehrm\u00f6glichkeiten, herausfordernde Gipfelbesteigungen und Bergtouren mit leichten Kletterpassagen. Das Gebiet beinhaltet die gesamten Dolomiten zwischen Eisacktal, Pustertal und Piavetal. Neben Klassikern wie Schlern, Piz Bo\u00e8 und Civetta werden auch so manche Geheimtipps pr\u00e4sentiert.<\/p>\n<p>Jede Tour wird mit einer einleitenden Charakterisierung, einem kurzen Steckbrief, einer farbigen Wanderkarte im Ma\u00dfstab 1:50.000 mit eingetragenem Routenverlauf, aussagekr\u00e4ftigem H\u00f6henprofil, ausf\u00fchrlicher Wegbeschreibung und Farbfotos vorgestellt. Besonders benutzerfreundlich ist die Tourentabelle auf der Umschlagklappe, die eine schnelle und gezielte Auswahl einer geeigneten Tour erm\u00f6glicht. Sie bietet dem Leser einen \u00dcberblick \u00fcber Seilbahnen, Erreichbarkeit mit \u00f6ffentlichen Verkehrsmitteln, Eignung f\u00fcr Kinder, Klettersteige sowie Einkehr- und \u00dcbernachtungsm\u00f6glichkeiten. Au\u00dferdem enth\u00e4lt sie Informationen zur Begehungsh\u00e4ufigkeit sowie zur L\u00e4nge und Schwierigkeit der einzelnen Touren. GPS-Daten stehen zum Download bereit.<\/p>\n<p>192 Seiten;<br \/>\n50 Wanderk\u00e4rtchen im Ma\u00dfstab 1:50.000, 50 H\u00f6hendiagramme, eine \u00dcbersichtskarte<\/p>\n<p>3. Auflage 2015<\/p>","protected":false},"excerpt":{"rendered":"<p>Drei Zinnen, Marmolada, Rosengarten \u2013 als eines der herrlichsten Berggebiete der Alpen warten die Dolomiten mit verhei\u00dfungsvollen Namen und beeindruckenden Panoramen auf. Wie kein anderes Gebiet in den Ostalpen bieten sie Wanderern, Gipfelst\u00fcrmern und Klettersteig-Liebhabern eine schier unbegrenzte Zahl von Tourenm\u00f6glichkeiten. Das Rother Wanderbuch \u00bbDolomiten\u00ab stellt 50 Touren f\u00fcr Genusswanderer als auch f\u00fcr Bergsteiger vor. [&#8230;]\n","protected":false},"featured_media":178597,"template":"","meta":[],"product_brand":[],"product_cat":[21605],"product_tag":[],"class_list":{"0":"post-178596","1":"product","2":"type-product","3":"status-publish","4":"has-post-thumbnail","6":"product_cat-wanderfuehrer-trekking","7":"pa_autor-hauleitner","8":"pa_erscheinungsjahr-21597","9":"pa_region-italien","10":"pa_sprache-de","12":"first","13":"instock","14":"taxable","15":"shipping-taxable","16":"purchasable","17":"product-type-simple"},"_links":{"self":[{"href":"https:\/\/pizbube.ch\/en\/wp-json\/wp\/v2\/product\/178596","targetHints":{"allow":["GET"]}}],"collection":[{"href":"https:\/\/pizbube.ch\/en\/wp-json\/wp\/v2\/product"}],"about":[{"href":"https:\/\/pizbube.ch\/en\/wp-json\/wp\/v2\/types\/product"}],"wp:featuredmedia":[{"embeddable":true,"href":"https:\/\/pizbube.ch\/en\/wp-json\/wp\/v2\/media\/178597"}],"wp:attachment":[{"href":"https:\/\/pizbube.ch\/en\/wp-json\/wp\/v2\/media?parent=178596"}],"wp:term":[{"taxonomy":"product_brand","embeddable":true,"href":"https:\/\/pizbube.ch\/en\/wp-json\/wp\/v2\/product_brand?post=178596"},{"taxonomy":"product_cat","embeddable":true,"href":"https:\/\/pizbube.ch\/en\/wp-json\/wp\/v2\/product_cat?post=178596"},{"taxonomy":"product_tag","embeddable":true,"href":"https:\/\/pizbube.ch\/en\/wp-json\/wp\/v2\/product_tag?post=178596"}],"curies":[{"name":"wp","href":"https:\/\/api.w.org\/{rel}","templated":true}]}}