{"id":178628,"date":"2025-02-21T12:12:39","date_gmt":"2025-02-21T11:12:39","guid":{"rendered":"https:\/\/pizbube.ch\/?post_type=product&#038;p=178628"},"modified":"2025-04-29T09:56:12","modified_gmt":"2025-04-29T07:56:12","slug":"glarner-alpbuch-zwischen-morgenweide-und-abendrot","status":"publish","type":"product","link":"https:\/\/pizbube.ch\/en\/shop\/glarner-alpbuch-zwischen-morgenweide-und-abendrot\/","title":{"rendered":"Glarner Alpbuch &#8211; Zwischen Morgenweide und Abendrot"},"content":{"rendered":"<p>Glarner Alpen in Text und Bild<\/p>\n<p>Fast 90 Alpen hat das Glarnerland. 90 Lebensr\u00e4ume auf Zeit, jeder mit seinem eigenen Charakter, seinen eigenen Geschichten. Wir haben sie aufgesp\u00fcrt und in einem Buch vereint.<\/p>\n<p>Wie ein Kranz umgeben die Alpen den schmalen Talboden des Glarnerlands. Anfang Sommer erwachen H\u00fctten und Weiden aus dem Winterschlaf, wenn die \u00c4lplerinnen und \u00c4lpler mit ihrem Vieh in die H\u00f6hen ziehen, die Schellen und Trycheln die Alpsaison einl\u00e4uten und in den Sennereien wieder das Feuer knistert.<br \/>\nDie Alpsaison in der Schweiz ist ins Immaterielle Kulturerbe der UNESCO aufgenommen worden, weil die Alparbeit langj\u00e4hriges Wissen, Handwerk, Brauchtum und die Pflege der Kulturlandschaften vereint. Im Glarnerland ist die Alpwirtschaft eng verbunden mit der Landwirtschaft im Tal. Die Bauernfamilien erweitern mit der S\u00f6mmerung die Futtergrundlage f\u00fcr ihre Tiere und produzieren naturnahe Nahrungsmittel. Das Buch \u00f6ffnet mit Geschichten, Portr\u00e4ts und Hintergr\u00fcnden ein Fenster in die Welt der Glarner \u00c4lplerinnen und \u00c4lpler.<\/p>\n<p>368 Seiten, 580 Bilder, gebunden<br \/>\ninklusiv Wanderkarte M 1:50\u2019000<\/p>","protected":false},"excerpt":{"rendered":"<p>Glarner Alpen in Text und Bild Fast 90 Alpen hat das Glarnerland. 90 Lebensr\u00e4ume auf Zeit, jeder mit seinem eigenen Charakter, seinen eigenen Geschichten. Wir haben sie aufgesp\u00fcrt und in einem Buch vereint. Wie ein Kranz umgeben die Alpen den schmalen Talboden des Glarnerlands. Anfang Sommer erwachen H\u00fctten und Weiden aus dem Winterschlaf, wenn die [&#8230;]\n","protected":false},"featured_media":178629,"template":"","meta":[],"product_brand":[],"product_cat":[21542],"product_tag":[],"class_list":{"0":"post-178628","1":"product","2":"type-product","3":"status-publish","4":"has-post-thumbnail","6":"product_cat-sachbuecher-dokumentationen","7":"pa_autor-avg","8":"pa_erscheinungsjahr-27339","9":"pa_region-schweiz","10":"pa_sprache-de","12":"first","13":"instock","14":"taxable","15":"shipping-taxable","16":"purchasable","17":"product-type-simple"},"_links":{"self":[{"href":"https:\/\/pizbube.ch\/en\/wp-json\/wp\/v2\/product\/178628","targetHints":{"allow":["GET"]}}],"collection":[{"href":"https:\/\/pizbube.ch\/en\/wp-json\/wp\/v2\/product"}],"about":[{"href":"https:\/\/pizbube.ch\/en\/wp-json\/wp\/v2\/types\/product"}],"wp:featuredmedia":[{"embeddable":true,"href":"https:\/\/pizbube.ch\/en\/wp-json\/wp\/v2\/media\/178629"}],"wp:attachment":[{"href":"https:\/\/pizbube.ch\/en\/wp-json\/wp\/v2\/media?parent=178628"}],"wp:term":[{"taxonomy":"product_brand","embeddable":true,"href":"https:\/\/pizbube.ch\/en\/wp-json\/wp\/v2\/product_brand?post=178628"},{"taxonomy":"product_cat","embeddable":true,"href":"https:\/\/pizbube.ch\/en\/wp-json\/wp\/v2\/product_cat?post=178628"},{"taxonomy":"product_tag","embeddable":true,"href":"https:\/\/pizbube.ch\/en\/wp-json\/wp\/v2\/product_tag?post=178628"}],"curies":[{"name":"wp","href":"https:\/\/api.w.org\/{rel}","templated":true}]}}