{"id":178674,"date":"2025-02-25T11:14:06","date_gmt":"2025-02-25T10:14:06","guid":{"rendered":"https:\/\/pizbube.ch\/?post_type=product&#038;p=178674"},"modified":"2026-03-12T08:57:40","modified_gmt":"2026-03-12T07:57:40","slug":"45-skialpinismus-steilwandklassiker-der-alpen","status":"publish","type":"product","link":"https:\/\/pizbube.ch\/en\/shop\/45-skialpinismus-steilwandklassiker-der-alpen\/","title":{"rendered":"45\u00b0 Skialpinismus: Steilwandklassiker der Alpen"},"content":{"rendered":"<div class=\"product attribute overview\">\n<div class=\"value\">\n<p>45 Grad. Der ultimative Guide f\u00fcr Skialpinisten. 45 legend\u00e4re Steilw\u00e4nde \u00fcber 45\u00b0<\/p>\n<p>Die 45 sch\u00f6nsten steilen Abfahrten der Alpen. Der ultimative Guide f\u00fcr Skialpinisten \u2013 die legend\u00e4rsten Steilw\u00e4nde und Couloirs.<\/p>\n<p>Der ultimative Guide f\u00fcr Skialpinisten. 45 legend\u00e4re Steilw\u00e4nde \u00fcber 45\u00b0 \u2013 von der Zugspitze bis zum Monviso, vom Mont Blanc bis zum Jalovec. Dieses Buch ist ein Kompendium von Herausforderungen f\u00fcr ambitionierte Skitourengeher, Freerider und Alpinisten.<\/p>\n<p>Auf \u00fcber 224 gro\u00dfformatigen Seiten finden Skialpinisten einen \u00dcberblick \u00fcber die besten steilen Skiabfahrten \u00fcber 45\u00b0 in den Alpen. Ein visueller Leckerbissen mit allen notwendigen Informationen, um die eigenen Traumabfahrten in den ber\u00fchmten Steilw\u00e4nden der Alpen selbst zu verwirklichen.<\/p>\n<p>1. Auflage 2024,<br \/>\n250 x 190 mm, Softcover,<br \/>\n224 Seiten mit \u00fcber 90 gro\u00dfformatigen Bildern der besten Skifotografen<\/p>\n<\/div>\n<\/div>","protected":false},"excerpt":{"rendered":"<p><strong><a href=\"https:\/\/pizbube.ch\/wp-content\/uploads\/2025\/02\/45grad_Leseprobe.pdf\" target=\"_blank\" rel=\"noopener\">45grad_Leseprobe<\/a><\/strong><\/p>","protected":false},"featured_media":178675,"template":"","meta":[],"product_brand":[],"product_cat":[21540],"product_tag":[],"class_list":{"0":"post-178674","1":"product","2":"type-product","3":"status-publish","4":"has-post-thumbnail","6":"product_cat-fuehrerliteratur-alpin-winter","7":"pa_autor-schwager","8":"pa_erscheinungsjahr-27339","9":"pa_region-deutschland","10":"pa_region-italien","11":"pa_region-oesterreich","12":"pa_region-schweiz","13":"pa_sprache-de","15":"first","16":"instock","17":"taxable","18":"shipping-taxable","19":"purchasable","20":"product-type-simple"},"_links":{"self":[{"href":"https:\/\/pizbube.ch\/en\/wp-json\/wp\/v2\/product\/178674","targetHints":{"allow":["GET"]}}],"collection":[{"href":"https:\/\/pizbube.ch\/en\/wp-json\/wp\/v2\/product"}],"about":[{"href":"https:\/\/pizbube.ch\/en\/wp-json\/wp\/v2\/types\/product"}],"wp:featuredmedia":[{"embeddable":true,"href":"https:\/\/pizbube.ch\/en\/wp-json\/wp\/v2\/media\/178675"}],"wp:attachment":[{"href":"https:\/\/pizbube.ch\/en\/wp-json\/wp\/v2\/media?parent=178674"}],"wp:term":[{"taxonomy":"product_brand","embeddable":true,"href":"https:\/\/pizbube.ch\/en\/wp-json\/wp\/v2\/product_brand?post=178674"},{"taxonomy":"product_cat","embeddable":true,"href":"https:\/\/pizbube.ch\/en\/wp-json\/wp\/v2\/product_cat?post=178674"},{"taxonomy":"product_tag","embeddable":true,"href":"https:\/\/pizbube.ch\/en\/wp-json\/wp\/v2\/product_tag?post=178674"}],"curies":[{"name":"wp","href":"https:\/\/api.w.org\/{rel}","templated":true}]}}