{"id":178695,"date":"2025-02-26T11:25:03","date_gmt":"2025-02-26T10:25:03","guid":{"rendered":"https:\/\/pizbube.ch\/?post_type=product&#038;p=178695"},"modified":"2025-02-26T11:25:03","modified_gmt":"2025-02-26T10:25:03","slug":"bergsteigen-eine-philosophie-des-lebens","status":"publish","type":"product","link":"https:\/\/pizbube.ch\/en\/shop\/bergsteigen-eine-philosophie-des-lebens\/","title":{"rendered":"Bergsteigen &#8211; Eine Philosophie des Lebens"},"content":{"rendered":"<p>Bergsteigen ist konzentriertes Tun. Bergsteigen ist konzentriertes Leben. Es verdichten sich: Zeit, Aufmerksamkeit, Sinnlichkeit, Nachdenklichkeit; es intensiviert sich die Beziehung von Mensch und Welt. Was Natur ist und was der Mensch kann, erf\u00e4hrt man beim Bergsteigen nachdr\u00fccklicher als in der Ebene des Alltags. Dieses konzentrierte Tun und innige Weltverh\u00e4ltnis vermag auf das allt\u00e4gliche Leben in der Ebene zur\u00fcckzustrahlen, sodass auch dieses bereichert wird und in neuem Licht erscheint.<\/p>\n<p>Diese fundierte und dennoch leicht verst\u00e4ndliche philosophische Abhandlung zeigt, dass Bergsteigen mehr ist als ein Sport, der Spa\u00df macht; es zeigt sich darin eine Haltung sich selbst und dem Leben gegen\u00fcber und bildet eine erf\u00fcllende Lebenskunst. Aufgezeigt werden die Sinnkomponenten des Bergsteigens, die \u00f6konomische und \u00f6kologische, die spirituelle und erotische Dimension dieses Tuns.<\/p>\n<p>Dabei will dieses Buch weder die Weltanschauungen renommierter Profibergsteiger analysieren noch eine Kulturgeschichte des Bergsteigens liefern; es beruht vielmehr auf individueller Sicht und vereinigt darin \u2013 und das ist das Besondere \u2013 die tiefgr\u00fcndige Denkweise des klassischen Philosophen mit den authentischen Erfahrungen des erfahrenen Bergsteigers. Damit bietet es Menschen, die selbst gern in die Berge gehen, ein inspirierendes Reflektieren dieses Tuns. Sie werden sich von diesem Buch ebenso verstanden f\u00fchlen wie neue Dimensionen darin finden.<\/p>\n<p>Hardcover<br \/>\n128 Seiten; Zweifarbdruck, 10 sw. Abb.; 20 cm x 13 cm<br \/>\n1. Auflage 2025<\/p>","protected":false},"excerpt":{"rendered":"<p>Bergsteigen ist konzentriertes Tun. Bergsteigen ist konzentriertes Leben. Es verdichten sich: Zeit, Aufmerksamkeit, Sinnlichkeit, Nachdenklichkeit; es intensiviert sich die Beziehung von Mensch und Welt. Was Natur ist und was der Mensch kann, erf\u00e4hrt man beim Bergsteigen nachdr\u00fccklicher als in der Ebene des Alltags. Dieses konzentrierte Tun und innige Weltverh\u00e4ltnis vermag auf das allt\u00e4gliche Leben in [&#8230;]\n","protected":false},"featured_media":178696,"template":"","meta":[],"product_brand":[],"product_cat":[21580,21542],"product_tag":[],"class_list":{"0":"post-178695","1":"product","2":"type-product","3":"status-publish","4":"has-post-thumbnail","6":"product_cat-kunst-kultur","7":"product_cat-sachbuecher-dokumentationen","8":"pa_autor-seubold","9":"pa_erscheinungsjahr-27415","10":"pa_region-oesterreich","11":"pa_sprache-de","13":"first","14":"instock","15":"taxable","16":"shipping-taxable","17":"purchasable","18":"product-type-simple"},"_links":{"self":[{"href":"https:\/\/pizbube.ch\/en\/wp-json\/wp\/v2\/product\/178695","targetHints":{"allow":["GET"]}}],"collection":[{"href":"https:\/\/pizbube.ch\/en\/wp-json\/wp\/v2\/product"}],"about":[{"href":"https:\/\/pizbube.ch\/en\/wp-json\/wp\/v2\/types\/product"}],"wp:featuredmedia":[{"embeddable":true,"href":"https:\/\/pizbube.ch\/en\/wp-json\/wp\/v2\/media\/178696"}],"wp:attachment":[{"href":"https:\/\/pizbube.ch\/en\/wp-json\/wp\/v2\/media?parent=178695"}],"wp:term":[{"taxonomy":"product_brand","embeddable":true,"href":"https:\/\/pizbube.ch\/en\/wp-json\/wp\/v2\/product_brand?post=178695"},{"taxonomy":"product_cat","embeddable":true,"href":"https:\/\/pizbube.ch\/en\/wp-json\/wp\/v2\/product_cat?post=178695"},{"taxonomy":"product_tag","embeddable":true,"href":"https:\/\/pizbube.ch\/en\/wp-json\/wp\/v2\/product_tag?post=178695"}],"curies":[{"name":"wp","href":"https:\/\/api.w.org\/{rel}","templated":true}]}}