{"id":178719,"date":"2025-02-27T12:16:00","date_gmt":"2025-02-27T11:16:00","guid":{"rendered":"https:\/\/pizbube.ch\/?post_type=product&#038;p=178719"},"modified":"2025-10-16T10:28:26","modified_gmt":"2025-10-16T08:28:26","slug":"toppturer-i-sunndalsfjella","status":"publish","type":"product","link":"https:\/\/pizbube.ch\/en\/shop\/toppturer-i-sunndalsfjella\/","title":{"rendered":"Toppturer i Sunndalsfjella"},"content":{"rendered":"<p class=\"text-left font-italic text-body\">Skiboka for de h\u00f8yeste kystfjellene i Nord-Europa<\/p>\n<p>88 turer p\u00e5 43 fjell presenteres med detaljerte beskrivelser. Alle ruter er tegnet inn p\u00e5 b\u00e5de flyfoto og turkart i m\u00e5lestokk 1:50 000. Boka er ogs\u00e5 illustrert med turbilder fra de aller fleste turene, hvor noen av landets \u00bf for ikke \u00e5 si verdens \u00bf beste skifotografer har bidratt.<\/p>\n<p>Alle rutene i\u00a0<em>Toppturer i Sunndalsfjella<\/em>\u00a0er kategorisert etter KAST (Klassifisering av skredterreng), slik at<\/p>\n<p>du enkelt kan finne en tur tilpasset sn\u00f8forhold, ambisjoner og ferdigheter. Denne boka tar dessuten i bruk en tilpasset versjon av graderingssystemet Voloskala, et tredelt graderingssystem som beskriver vanskelighetsgrad b\u00e5de skiteknisk s\u00e5vel som fjell- og ferdselsmessig \u00bf i tillegg til eksponeringsgrad.<\/p>\n<p>I Sunndalsfjella finner du noen av Europas h\u00f8yeste kystfjell, med fenomenale muligheter for toppturer p\u00e5 ski. F\u00e5 steder er skibakkene lengre, 1200 -1800 h\u00f8ydemeter er mer normalen enn unntaket. Her finnes store isbreer, nordvendte botner med kald sn\u00f8, flotte solvendte sn\u00f8sider, stupbratte brattkj\u00f8ringslinjer &#8211; og alt imellom. N\u00e5 kommer endelig boka som viser vei til alt dette.<\/p>\n<p><em>Toppturer i Sunndalsfjella<\/em>\u00a0beskriver de mest popul\u00e6re toppturomr\u00e5dene i Trollheimen, Vinnumassivet og Innerdalen, med klassikere som Kongskrona og Dronningkrona. Jordalsgrenda, med blant annet Trolltinden, er selvsagt med. \u00d8ksendalen, med sitt<\/p>\n<p>fenomenale skiterreng og v\u00e5rsn\u00f8favoritten Fl\u00f8tatinden, er grundig dekket. Men i denne boka finner du ogs\u00e5 mer ukjente omr\u00e5der, som Kalkinnmassivet, \u00c5lvundfjella og \u00d8vre Sunndalen. Boka beskriver trygge og familievennlige turer, men ogs\u00e5 bratte nedkj\u00f8ringer som krever perfekte forhold og gode ferdigheter.<\/p>","protected":false},"excerpt":{"rendered":"<p>Skiboka for de h\u00f8yeste kystfjellene i Nord-Europa 88 turer p\u00e5 43 fjell presenteres med detaljerte beskrivelser. Alle ruter er tegnet inn p\u00e5 b\u00e5de flyfoto og turkart i m\u00e5lestokk 1:50 000. Boka er ogs\u00e5 illustrert med turbilder fra de aller fleste turene, hvor noen av landets \u00bf for ikke \u00e5 si verdens \u00bf beste skifotografer har [&#8230;]\n","protected":false},"featured_media":178720,"template":"","meta":[],"product_brand":[],"product_cat":[21540],"product_tag":[],"class_list":{"0":"post-178719","1":"product","2":"type-product","3":"status-publish","4":"has-post-thumbnail","6":"product_cat-fuehrerliteratur-alpin-winter","7":"pa_autor-meirik-sande","8":"pa_erscheinungsjahr-27339","9":"pa_region-skandinavien-norwegen-schweden-finnland","10":"pa_sprache-norweg","12":"first","13":"instock","14":"taxable","15":"shipping-taxable","16":"purchasable","17":"product-type-simple"},"_links":{"self":[{"href":"https:\/\/pizbube.ch\/en\/wp-json\/wp\/v2\/product\/178719","targetHints":{"allow":["GET"]}}],"collection":[{"href":"https:\/\/pizbube.ch\/en\/wp-json\/wp\/v2\/product"}],"about":[{"href":"https:\/\/pizbube.ch\/en\/wp-json\/wp\/v2\/types\/product"}],"wp:featuredmedia":[{"embeddable":true,"href":"https:\/\/pizbube.ch\/en\/wp-json\/wp\/v2\/media\/178720"}],"wp:attachment":[{"href":"https:\/\/pizbube.ch\/en\/wp-json\/wp\/v2\/media?parent=178719"}],"wp:term":[{"taxonomy":"product_brand","embeddable":true,"href":"https:\/\/pizbube.ch\/en\/wp-json\/wp\/v2\/product_brand?post=178719"},{"taxonomy":"product_cat","embeddable":true,"href":"https:\/\/pizbube.ch\/en\/wp-json\/wp\/v2\/product_cat?post=178719"},{"taxonomy":"product_tag","embeddable":true,"href":"https:\/\/pizbube.ch\/en\/wp-json\/wp\/v2\/product_tag?post=178719"}],"curies":[{"name":"wp","href":"https:\/\/api.w.org\/{rel}","templated":true}]}}