{"id":178780,"date":"2025-03-04T17:29:55","date_gmt":"2025-03-04T16:29:55","guid":{"rendered":"https:\/\/pizbube.ch\/?post_type=product&#038;p=178780"},"modified":"2025-03-04T17:29:55","modified_gmt":"2025-03-04T16:29:55","slug":"naranjo-de-bulnes-5-vias-a-la-cumbre","status":"publish","type":"product","link":"https:\/\/pizbube.ch\/en\/shop\/naranjo-de-bulnes-5-vias-a-la-cumbre\/","title":{"rendered":"Naranjo de Bulnes &#8211; 5 v\u00edas a la cumbre"},"content":{"rendered":"<p>El Naranjo de Bulnes o Picu es legendario porque hay muy pocas monta\u00f1as con sus particularidades. Por un lado, tiene entidad suficiente para ser considerada como una monta\u00f1a y no una aguja, y adem\u00e1s, para subirla por cualquiera de sus caras es necesario escalar. Es muy dif\u00edcil encontrar, no ya en Espa\u00f1a sino en Europa, una monta\u00f1a que por alg\u00fan lado no ofrezca una debilidad, una pendiente m\u00e1s moderada, una trepada m\u00e1s asequible. A primera vista, el Naranjo se nos presenta inexpugnable, ah\u00ed radica parte de su grandeza.<\/p>\n<p>Otra singularidad del <i>Picu<\/i> es que, a pesar de esta apariencia infranqueable, ofrece posibilidades a quien, con el debido respeto, quiera llegar a su cima sin ser un consumado escalador. De una parte, la bondad de su caliza, una caliza adherente de la mejor calidad, en la que parece que te quedas <i>pegado<\/i>, incluso en los tramos m\u00e1s verticales y con menos agarres; de otra, peque\u00f1as debilidades que la monta\u00f1a va ofreciendo al escalador: un canalizo, una terraza escondida o un magn\u00edfico puente de roca.<\/p>\n<p>Esta gu\u00eda encierra las cinco mejores v\u00edas para alcanzar la cima del Picu: la <i>Pidal-Cainejo<\/i> de la cara Norte; la <i>Sur Directa<\/i>, en la Sur; la <i>Cepeda<\/i> y la <i>Amistad con el diablo<\/i> de la cara Este, y la <i>Murciana<\/i> de la Oeste. Cinco v\u00edas cl\u00e1sicas y asequibles, de trazado s\u00f3lido y elegante, para distintos grados de experiencia descritas con minucioso detalle para que los escaladores disfruten, como m\u00ednimo, tanto como lo ha hecho su autor, ascendi\u00e9ndolas varias veces y plasm\u00e1ndolas en esta gu\u00eda.<\/p>\n<p>96 pag.;<br \/>\nDimensiones: 12,5 cm x 17,5 cm<\/p>","protected":false},"excerpt":{"rendered":"<p>El Naranjo de Bulnes o Picu es legendario porque hay muy pocas monta\u00f1as con sus particularidades. Por un lado, tiene entidad suficiente para ser considerada como una monta\u00f1a y no una aguja, y adem\u00e1s, para subirla por cualquiera de sus caras es necesario escalar. Es muy dif\u00edcil encontrar, no ya en Espa\u00f1a sino en Europa, [&#8230;]\n","protected":false},"featured_media":178781,"template":"","meta":[],"product_brand":[],"product_cat":[21539],"product_tag":[],"class_list":{"0":"post-178780","1":"product","2":"type-product","3":"status-publish","4":"has-post-thumbnail","6":"product_cat-fuehrerliteratur-sportklettern-bouldern","7":"pa_autor-lora","8":"pa_erscheinungsjahr-21610","9":"pa_region-spanien","10":"pa_sprache-esp-2","12":"first","13":"instock","14":"taxable","15":"shipping-taxable","16":"purchasable","17":"product-type-simple"},"_links":{"self":[{"href":"https:\/\/pizbube.ch\/en\/wp-json\/wp\/v2\/product\/178780","targetHints":{"allow":["GET"]}}],"collection":[{"href":"https:\/\/pizbube.ch\/en\/wp-json\/wp\/v2\/product"}],"about":[{"href":"https:\/\/pizbube.ch\/en\/wp-json\/wp\/v2\/types\/product"}],"wp:featuredmedia":[{"embeddable":true,"href":"https:\/\/pizbube.ch\/en\/wp-json\/wp\/v2\/media\/178781"}],"wp:attachment":[{"href":"https:\/\/pizbube.ch\/en\/wp-json\/wp\/v2\/media?parent=178780"}],"wp:term":[{"taxonomy":"product_brand","embeddable":true,"href":"https:\/\/pizbube.ch\/en\/wp-json\/wp\/v2\/product_brand?post=178780"},{"taxonomy":"product_cat","embeddable":true,"href":"https:\/\/pizbube.ch\/en\/wp-json\/wp\/v2\/product_cat?post=178780"},{"taxonomy":"product_tag","embeddable":true,"href":"https:\/\/pizbube.ch\/en\/wp-json\/wp\/v2\/product_tag?post=178780"}],"curies":[{"name":"wp","href":"https:\/\/api.w.org\/{rel}","templated":true}]}}