{"id":178796,"date":"2025-03-05T10:00:57","date_gmt":"2025-03-05T09:00:57","guid":{"rendered":"https:\/\/pizbube.ch\/?post_type=product&#038;p=178796"},"modified":"2025-03-05T10:00:58","modified_gmt":"2025-03-05T09:00:58","slug":"midi-dossau-balaitus-parc-national-des-pyrenees-ouest-130000","status":"publish","type":"product","link":"https:\/\/pizbube.ch\/en\/shop\/midi-dossau-balaitus-parc-national-des-pyrenees-ouest-130000\/","title":{"rendered":"MIDI D\u2019OSSAU \u2013 BALAIT\u00daS (Parc National des Pyr\u00e9n\u00e9es . Ouest) 1:30&#8217;000"},"content":{"rendered":"<div class=\"product-short-description\">\n<p>Folder with two maps<\/p>\n<p>Scale 1:30.000<\/p>\n<p><em>Edition 2024 \/ 2025<\/em><\/p>\n<p>\u20222 hiking maps in one\u00a0 folder<br \/>\n\u2022Scale 1:30.000<br \/>\n\u2022Equidistance contours: 10 m distance<br \/>\n\u2022Master contours: at 50 m<br \/>\n\u2022Shady relief<br \/>\n\u2022Compatible with GPS<br \/>\n\u2022Land use symbolized at three levels<\/p>\n<\/div>","protected":false},"excerpt":{"rendered":"<p>Folder with two maps Scale 1:30.000 Edition 2024 \/ 2025 \u20222 hiking maps in one\u00a0 folder \u2022Scale 1:30.000 \u2022Equidistance contours: 10 m distance \u2022Master contours: at 50 m \u2022Shady relief \u2022Compatible with GPS \u2022Land use symbolized at three levels<\/p>","protected":false},"featured_media":178797,"template":"","meta":[],"product_brand":[],"product_cat":[21543],"product_tag":[],"class_list":{"0":"post-178796","1":"product","2":"type-product","3":"status-publish","4":"has-post-thumbnail","6":"product_cat-landkarten","7":"pa_autor-alpina-edit","8":"pa_erscheinungsjahr-27415","9":"pa_region-spanien","10":"pa_sprache-en-es-fr","12":"first","13":"instock","14":"taxable","15":"shipping-taxable","16":"purchasable","17":"product-type-simple"},"_links":{"self":[{"href":"https:\/\/pizbube.ch\/en\/wp-json\/wp\/v2\/product\/178796","targetHints":{"allow":["GET"]}}],"collection":[{"href":"https:\/\/pizbube.ch\/en\/wp-json\/wp\/v2\/product"}],"about":[{"href":"https:\/\/pizbube.ch\/en\/wp-json\/wp\/v2\/types\/product"}],"wp:featuredmedia":[{"embeddable":true,"href":"https:\/\/pizbube.ch\/en\/wp-json\/wp\/v2\/media\/178797"}],"wp:attachment":[{"href":"https:\/\/pizbube.ch\/en\/wp-json\/wp\/v2\/media?parent=178796"}],"wp:term":[{"taxonomy":"product_brand","embeddable":true,"href":"https:\/\/pizbube.ch\/en\/wp-json\/wp\/v2\/product_brand?post=178796"},{"taxonomy":"product_cat","embeddable":true,"href":"https:\/\/pizbube.ch\/en\/wp-json\/wp\/v2\/product_cat?post=178796"},{"taxonomy":"product_tag","embeddable":true,"href":"https:\/\/pizbube.ch\/en\/wp-json\/wp\/v2\/product_tag?post=178796"}],"curies":[{"name":"wp","href":"https:\/\/api.w.org\/{rel}","templated":true}]}}