{"id":178827,"date":"2025-03-08T13:56:41","date_gmt":"2025-03-08T12:56:41","guid":{"rendered":"https:\/\/pizbube.ch\/?post_type=product&#038;p=178827"},"modified":"2025-08-19T09:25:35","modified_gmt":"2025-08-19T07:25:35","slug":"badewandern-schweiz","status":"publish","type":"product","link":"https:\/\/pizbube.ch\/en\/shop\/badewandern-schweiz\/","title":{"rendered":"Badewandern Schweiz"},"content":{"rendered":"<p>40 Routen ins k\u00fchle Nass<\/p>\n<p>Wanderungen f\u00fcr alle, die sich keine Gelegenheit zum Baden entgehen lassen! Hattet ihr schon einmal den Drang, nach einer ausgiebigen Wanderung ins Wasser zu springen? Genau das bietet euch Isabelle in ihrem Wanderf\u00fchrer: Zu jeder Wanderung gibt es eine Badestelle, die direkt oder w\u00e4hrend der Wanderung erreichbar ist.<\/p>\n<p>Entdeckt 40 Routen in der ganzen Schweiz, die Wandern und Baden miteinander verbinden, wo ihr euch nach dem Laufen in eure Badehose st\u00fcrzen k\u00f6nnt. Ihr werdet die Ufer zahlreicher Schweizer Fl\u00fcsse, Seen und Bergseen entdecken.<\/p>\n<p>Im Appenzell oder am Genfersee, in der Aare oder im Doubs, in den Weinbergen oder auf dem Land, in der H\u00f6henluft oder in der Stadt: Vertretet euch die Beine und entdeckt sch\u00f6ne Str\u00e4nde, an denen ihr ein Bad nehmen k\u00f6nnt! Alle Wanderwege und Badestellen sind familienfreundlich, sofern nicht anders angegeben. Mit praktischen Informationen zum Wandern und zu den Str\u00e4nden sowie GPX-Tracks k\u00f6nnt ihr euch einfach auf den Weg machen und euch auf einen Sprung ins k\u00fchle Nass freuen!<\/p>\n<p>&#8211; Mit Karten und GPX-Routen zum Herunterladen<br \/>\n&#8211; Ein Mix aus Badem\u00f6glichkeiten in der freien Natur und angelegten Badestellen<br \/>\n&#8211; Mit n\u00fctzlichen Informationen (Parkplatz, Art der Badi, Picknickplatz usw.)<br \/>\n&#8211; F\u00fcr alle Niveaus, auch f\u00fcr Familien<br \/>\n&#8211; Mit \u00f6ffentlichen Verkehrsmitteln erreichbar<\/p>","protected":false},"excerpt":{"rendered":"<p>40 Routen ins k\u00fchle Nass Wanderungen f\u00fcr alle, die sich keine Gelegenheit zum Baden entgehen lassen! Hattet ihr schon einmal den Drang, nach einer ausgiebigen Wanderung ins Wasser zu springen? Genau das bietet euch Isabelle in ihrem Wanderf\u00fchrer: Zu jeder Wanderung gibt es eine Badestelle, die direkt oder w\u00e4hrend der Wanderung erreichbar ist. Entdeckt 40 [&#8230;]\n","protected":false},"featured_media":178829,"template":"","meta":[],"product_brand":[],"product_cat":[21605],"product_tag":[],"class_list":{"0":"post-178827","1":"product","2":"type-product","3":"status-publish","4":"has-post-thumbnail","6":"product_cat-wanderfuehrer-trekking","7":"pa_autor-van-wynsberghe","8":"pa_erscheinungsjahr-27339","9":"pa_region-schweiz","10":"pa_sprache-d","12":"first","13":"instock","14":"taxable","15":"shipping-taxable","16":"purchasable","17":"product-type-simple"},"_links":{"self":[{"href":"https:\/\/pizbube.ch\/en\/wp-json\/wp\/v2\/product\/178827","targetHints":{"allow":["GET"]}}],"collection":[{"href":"https:\/\/pizbube.ch\/en\/wp-json\/wp\/v2\/product"}],"about":[{"href":"https:\/\/pizbube.ch\/en\/wp-json\/wp\/v2\/types\/product"}],"wp:featuredmedia":[{"embeddable":true,"href":"https:\/\/pizbube.ch\/en\/wp-json\/wp\/v2\/media\/178829"}],"wp:attachment":[{"href":"https:\/\/pizbube.ch\/en\/wp-json\/wp\/v2\/media?parent=178827"}],"wp:term":[{"taxonomy":"product_brand","embeddable":true,"href":"https:\/\/pizbube.ch\/en\/wp-json\/wp\/v2\/product_brand?post=178827"},{"taxonomy":"product_cat","embeddable":true,"href":"https:\/\/pizbube.ch\/en\/wp-json\/wp\/v2\/product_cat?post=178827"},{"taxonomy":"product_tag","embeddable":true,"href":"https:\/\/pizbube.ch\/en\/wp-json\/wp\/v2\/product_tag?post=178827"}],"curies":[{"name":"wp","href":"https:\/\/api.w.org\/{rel}","templated":true}]}}