{"id":178894,"date":"2025-03-13T09:09:24","date_gmt":"2025-03-13T08:09:24","guid":{"rendered":"https:\/\/pizbube.ch\/?post_type=product&#038;p=178894"},"modified":"2025-03-13T09:19:43","modified_gmt":"2025-03-13T08:19:43","slug":"skitourenfuehrer-tuxer-zillertaler-alpen","status":"publish","type":"product","link":"https:\/\/pizbube.ch\/en\/shop\/skitourenfuehrer-tuxer-zillertaler-alpen\/","title":{"rendered":"Skitourenf\u00fchrer Tuxer &amp; Zillertaler Alpen"},"content":{"rendered":"<p>Skif\u00fchrer Tuxer und Zillertaler Alpen \u2013 Innsbrucks liebste Tourenziele; inkl.<br \/>\nGPS-Tracks zum downloaden.<\/p>\n<p>Dieser Skif\u00fchrer beschreibt sowohl die skifreundlichen Tuxer Alpen als auch die wilden, urspr\u00fcnglichen Zillertaler Alpen, die mit ihrer steilen Topografie und starken Vergletscherung bereits westalpinen Charakter besitzen. Der \u00fcberwiegende Teil der Anstiege in den Tuxer Alpen besteht daher auch aus leichteren bis mittelschweren Skitouren, die entsprechend beliebt sind \u2013 einsame Ecken findet man dort vergleichsweise selten. Das im Sommer eher unspektakul\u00e4re Gebiet geh\u00f6rt, was die Skitourenm\u00f6glichkeiten angeht, zum Besten, was Tirol zu bieten hat, und die N\u00e4he zum Tourengeher-Zentrum Innsbruck tut das ihre. Wer eher f\u00fcr sich unterwegs sein will und sich lange und anspruchsvolle Skitouren zutraut, f\u00e4hrt daher vermutlich lieber ins Zillertal. Dort dominieren anf\u00e4nglich noch die Pistengebiete, aber hinter Mayrhofen l\u00e4sst man dann den Wintersportrummel hinter sich und taucht schlagartig in eine urspr\u00fcngliche und ruhige Bergwelt ein.<\/p>\n<p>Die vorliegende 2. Auflage wurde um die lohnendsten Skitouren auf der S\u00fcdseite des Zillertaler Hauptkammes erweitert, also die Anstiege aus dem Pfitscher Tal und Pfunderer Tal, von Lappach, Wei\u00dfenbach und aus dem Ahrntal. Das Buch reiht sich jetzt mit rund 238 Tourenvorschl\u00e4gen auf 424 Seiten bei unseren Panico-Skif\u00fchrern ganz vorne ein. F\u00fcr alle beschriebenen Routen gibt es zudem <strong>GPS-Daten<\/strong> zum Download &#8211; ein individueller Download-Code ist im Buch abgedruckt.<\/p>\n<p>3. Auflage, 2025,<br \/>\n456 Seiten, 120 x 185 mm, Softcover, komplett 4 Farbig inkl. GPS-Tracks zum downloaden<\/p>\n<p>Die passenden [Alpenvereinskarten] dazu sind:<br \/>\n31\/3 Stubaier Alpen, Brennerberge<br \/>\n31\/5 Innsbruck, Umgebung<br \/>\n33 Tuxer Alpen<\/p>\n","protected":false},"excerpt":{"rendered":"<ul>\n<li><a href=\"https:\/\/pizbube.ch\/wp-content\/uploads\/attachments\/a_028\/C813465B072AD58F0C5A29E42787A687.pdf\" target=\"_blank\" rel=\"noopener\">PDF: Leseprobe_skitouren-tuxer-zillertaler-alpen.pdf<\/a><strong><br \/>\n<\/strong><\/li>\n<\/ul>","protected":false},"featured_media":178705,"template":"","meta":[],"product_brand":[],"product_cat":[21540],"product_tag":[],"class_list":{"0":"post-178894","1":"product","2":"type-product","3":"status-publish","4":"has-post-thumbnail","6":"product_cat-fuehrerliteratur-alpin-winter","7":"pa_autor-stadler","8":"pa_erscheinungsjahr-27415","9":"pa_region-oesterreich","10":"pa_sprache-de","12":"first","13":"instock","14":"taxable","15":"shipping-taxable","16":"purchasable","17":"product-type-simple"},"_links":{"self":[{"href":"https:\/\/pizbube.ch\/en\/wp-json\/wp\/v2\/product\/178894","targetHints":{"allow":["GET"]}}],"collection":[{"href":"https:\/\/pizbube.ch\/en\/wp-json\/wp\/v2\/product"}],"about":[{"href":"https:\/\/pizbube.ch\/en\/wp-json\/wp\/v2\/types\/product"}],"wp:featuredmedia":[{"embeddable":true,"href":"https:\/\/pizbube.ch\/en\/wp-json\/wp\/v2\/media\/178705"}],"wp:attachment":[{"href":"https:\/\/pizbube.ch\/en\/wp-json\/wp\/v2\/media?parent=178894"}],"wp:term":[{"taxonomy":"product_brand","embeddable":true,"href":"https:\/\/pizbube.ch\/en\/wp-json\/wp\/v2\/product_brand?post=178894"},{"taxonomy":"product_cat","embeddable":true,"href":"https:\/\/pizbube.ch\/en\/wp-json\/wp\/v2\/product_cat?post=178894"},{"taxonomy":"product_tag","embeddable":true,"href":"https:\/\/pizbube.ch\/en\/wp-json\/wp\/v2\/product_tag?post=178894"}],"curies":[{"name":"wp","href":"https:\/\/api.w.org\/{rel}","templated":true}]}}