{"id":178907,"date":"2025-03-14T09:16:00","date_gmt":"2025-03-14T08:16:00","guid":{"rendered":"https:\/\/pizbube.ch\/?post_type=product&#038;p=178907"},"modified":"2025-12-17T09:15:36","modified_gmt":"2025-12-17T08:15:36","slug":"wanderorte-literarische-werke-und-ihre-schauplaetze","status":"publish","type":"product","link":"https:\/\/pizbube.ch\/en\/shop\/wanderorte-literarische-werke-und-ihre-schauplaetze\/","title":{"rendered":"WanderOrte &#8211; Literarische Werke und ihre Schaupl\u00e4tze"},"content":{"rendered":"<p>Wandern und Literatur \u2013 eine verlockende Kombination. Gibt es Bez\u00fcge und \u00dcberlappungen zwischen der fiktiven und der realen Welt, zwischen dem Gelesenen und dem, was man wandernd mit eigenen Augen sieht und erlebt?<\/p>\n<p>Dieses Buch l\u00e4dt dazu ein, Schaupl\u00e4tze und Handlungsorte zu entdecken und durch Landschaften zu streifen, die in literarischen Werken eine wichtige Rolle spielen. Es folgt den Spuren von achtzehn Schriftstellerinnen und Schriftstellern aus unterschiedlichen Epochen: von Gottfried Keller in Z\u00fcrich \u00fcber Friedrich D\u00fcrrenmatt am Bielersee und Friedrich Glauser in M\u00fcnsingen bis zu Corinna Bille im Vallon de R\u00e9chy. Was sich dabei erschliesst, sind nicht nur faszinierende literarische Welten, sondern auch geografische Orte, die Sie so noch nie gesehen haben.<\/p>\n<p>1. Auflage 2025<br \/>\n140&#215;210 mm, 216 Seiten<\/p>","protected":false},"excerpt":{"rendered":"<p>Wandern und Literatur \u2013 eine verlockende Kombination. Gibt es Bez\u00fcge und \u00dcberlappungen zwischen der fiktiven und der realen Welt, zwischen dem Gelesenen und dem, was man wandernd mit eigenen Augen sieht und erlebt? Dieses Buch l\u00e4dt dazu ein, Schaupl\u00e4tze und Handlungsorte zu entdecken und durch Landschaften zu streifen, die in literarischen Werken eine wichtige Rolle [&#8230;]\n","protected":false},"featured_media":178908,"template":"","meta":[],"product_brand":[],"product_cat":[21580,21605],"product_tag":[27548],"class_list":{"0":"post-178907","1":"product","2":"type-product","3":"status-publish","4":"has-post-thumbnail","6":"product_cat-kunst-kultur","7":"product_cat-wanderfuehrer-trekking","8":"product_tag-wander-orte","9":"pa_autor-stieger","10":"pa_erscheinungsjahr-27415","11":"pa_region-schweiz","12":"pa_sprache-de","14":"first","15":"instock","16":"taxable","17":"shipping-taxable","18":"purchasable","19":"product-type-simple"},"_links":{"self":[{"href":"https:\/\/pizbube.ch\/en\/wp-json\/wp\/v2\/product\/178907","targetHints":{"allow":["GET"]}}],"collection":[{"href":"https:\/\/pizbube.ch\/en\/wp-json\/wp\/v2\/product"}],"about":[{"href":"https:\/\/pizbube.ch\/en\/wp-json\/wp\/v2\/types\/product"}],"wp:featuredmedia":[{"embeddable":true,"href":"https:\/\/pizbube.ch\/en\/wp-json\/wp\/v2\/media\/178908"}],"wp:attachment":[{"href":"https:\/\/pizbube.ch\/en\/wp-json\/wp\/v2\/media?parent=178907"}],"wp:term":[{"taxonomy":"product_brand","embeddable":true,"href":"https:\/\/pizbube.ch\/en\/wp-json\/wp\/v2\/product_brand?post=178907"},{"taxonomy":"product_cat","embeddable":true,"href":"https:\/\/pizbube.ch\/en\/wp-json\/wp\/v2\/product_cat?post=178907"},{"taxonomy":"product_tag","embeddable":true,"href":"https:\/\/pizbube.ch\/en\/wp-json\/wp\/v2\/product_tag?post=178907"}],"curies":[{"name":"wp","href":"https:\/\/api.w.org\/{rel}","templated":true}]}}