{"id":178912,"date":"2025-03-14T11:47:56","date_gmt":"2025-03-14T10:47:56","guid":{"rendered":"https:\/\/pizbube.ch\/?post_type=product&#038;p=178912"},"modified":"2025-03-14T11:47:56","modified_gmt":"2025-03-14T10:47:56","slug":"histoires-descalade","status":"publish","type":"product","link":"https:\/\/pizbube.ch\/en\/shop\/histoires-descalade\/","title":{"rendered":"Histoires d&#8217;escalade"},"content":{"rendered":"<p>30 ans d&#8217;histoires et de photos d&#8217;escalade!<\/p>\n<p>33 grimpeurs(euses) qui prennent leur plume pour vous raconter leurs aventures.<br \/>\nPlus de 75 grimpeurs(euses) photographi\u00e9s, sur 4 continents.<\/p>\n<p>Yann Corby est auteur-photographe et grimpeur passionn\u00e9. Il a document\u00e9 l&#8217;escalade en Alsace, en France, et dans le monde entier, et cela depuis plus de 30 ans. Certaines des plus grandes stars de l&#8217;escalade fran\u00e7aise (et pas que) ont \u00e9t\u00e9 captur\u00e9es par son objectif. Il rougira en lisant ces quelques lignes, mais oui, certaines de ses images ont accompagn\u00e9 l&#8217;histoire de ce sport. Cette ann\u00e9e marque le 30\u00e8me anniversaire de sa premi\u00e8re publication : en 1994, l\u2019une de ses photo a fait la couverture du magazine Rock en Australie.<\/p>\n<p>Il y a tout juste 30 ans, Yann Corby accompagnait Jean-Minh Trinh-Thieu en Australie pour un trip de deux mois. Au cours de ce voyage, les deux amis rencontr\u00e8rent le r\u00e9dacteur en chef du magazine d&#8217;escalade Australien. Il leur garda plusieurs diapositives et quelques semaines plus tard, une fois revenus en France, ils d\u00e9couvrirent que l&#8217;une des images fut s\u00e9lectionn\u00e9e pour faire la couverture du magazine. Ce fut le d\u00e9but d&#8217;une belle aventure.<\/p>\n<p>Le livre que nous vous pr\u00e9sentons retrace un parcours de 30 ans de photographies, mais surtout 30 ans d&#8217;aventures, de r\u00e9alisations de premiers ordres et de rencontres.<\/p>\n<p>240 pages.<br \/>\nFormat beau livre de 24x32cm &#8211; papier 170g de premi\u00e8re qualit\u00e9<\/p>","protected":false},"excerpt":{"rendered":"<p>30 ans d&#8217;histoires et de photos d&#8217;escalade! 33 grimpeurs(euses) qui prennent leur plume pour vous raconter leurs aventures. Plus de 75 grimpeurs(euses) photographi\u00e9s, sur 4 continents. Yann Corby est auteur-photographe et grimpeur passionn\u00e9. Il a document\u00e9 l&#8217;escalade en Alsace, en France, et dans le monde entier, et cela depuis plus de 30 ans. Certaines des [&#8230;]\n","protected":false},"featured_media":178913,"template":"","meta":[],"product_brand":[],"product_cat":[21542],"product_tag":[],"class_list":{"0":"post-178912","1":"product","2":"type-product","3":"status-publish","4":"has-post-thumbnail","6":"product_cat-sachbuecher-dokumentationen","7":"pa_autor-baudry-corby-bilger-chabrier","8":"pa_autor-corby","9":"pa_erscheinungsjahr-27339","10":"pa_region-frankreich","11":"pa_sprache-fr","13":"first","14":"instock","15":"taxable","16":"shipping-taxable","17":"purchasable","18":"product-type-simple"},"_links":{"self":[{"href":"https:\/\/pizbube.ch\/en\/wp-json\/wp\/v2\/product\/178912","targetHints":{"allow":["GET"]}}],"collection":[{"href":"https:\/\/pizbube.ch\/en\/wp-json\/wp\/v2\/product"}],"about":[{"href":"https:\/\/pizbube.ch\/en\/wp-json\/wp\/v2\/types\/product"}],"wp:featuredmedia":[{"embeddable":true,"href":"https:\/\/pizbube.ch\/en\/wp-json\/wp\/v2\/media\/178913"}],"wp:attachment":[{"href":"https:\/\/pizbube.ch\/en\/wp-json\/wp\/v2\/media?parent=178912"}],"wp:term":[{"taxonomy":"product_brand","embeddable":true,"href":"https:\/\/pizbube.ch\/en\/wp-json\/wp\/v2\/product_brand?post=178912"},{"taxonomy":"product_cat","embeddable":true,"href":"https:\/\/pizbube.ch\/en\/wp-json\/wp\/v2\/product_cat?post=178912"},{"taxonomy":"product_tag","embeddable":true,"href":"https:\/\/pizbube.ch\/en\/wp-json\/wp\/v2\/product_tag?post=178912"}],"curies":[{"name":"wp","href":"https:\/\/api.w.org\/{rel}","templated":true}]}}