{"id":178971,"date":"2025-03-19T17:44:12","date_gmt":"2025-03-19T16:44:12","guid":{"rendered":"https:\/\/pizbube.ch\/?post_type=product&#038;p=178971"},"modified":"2025-03-19T18:12:11","modified_gmt":"2025-03-19T17:12:11","slug":"22-wanderungen-liparische-inseln","status":"publish","type":"product","link":"https:\/\/pizbube.ch\/en\/shop\/22-wanderungen-liparische-inseln\/","title":{"rendered":"22 Wanderungen Liparische Inseln"},"content":{"rendered":"<p>Liparische Inseln \u2013 wo sind die? Sp\u00e4testens wenn aber der Name \u201eStromboli\u201c f\u00e4llt, einer von 7 Inseln des Archipels, bekommen einige eine Ahnung: \u201eirgendwo bei Sizilien\u201c. Genauer gesagt: Die Liparischen (oder auch: \u00c4olischen) Inseln sind eine vulkanische Inselgruppe zwischen Neapel und Sizilien, deren bekanntester Vulkan, der Stromboli, oft in einem Atemzug mit Vesuv und \u00c4tna genannt wird. In der Nebensaison, von April bis Juni und September bis Oktober, bieten die Liparischen Inseln Wanderfreunden abwechslungsreiche Touren unterschiedlichen Schwierigkeitsgrades \u2013 jede Insel hat ihr eigenes Flair. Nach einer Einleitung zur Region bzw. der Wanderinfrastruktur beschreibt der Autor 22 Tageswanderungen. Bei der Tourenauswahl hat der Autor bewusst auf Vielfalt geachtet: Die Touren sind mal als Strecken-, mal als Rundtour beschrieben und entsprechen verschiedenen Schwierigkeitsniveaus. Alle Touren bieten besondere Highlights; seien es kulturelle oder nat\u00fcrliche Sehensw\u00fcrdigkeiten oder einfach nur tolle Aussichten. Fast immer gibt es zumindest am Ende eine Einkehrgelegenheit. Wie in der Tageswanderungen-Reihe \u00fcblich gibt es bei jeder Tour Hinweise, wieweit die Wanderungen f\u00fcr Familien bzw. Kinder sowie f\u00fcr Hunde geeignet sind. Bei der Orientierung helfen neben der genauen Wegbeschreibung die Karten im Ma\u00dfstab 1:25.000\/1:50.000, die \u00dcbersichtskarte in der Umschlagklappe und die GPS-Tracks zu jeder Tour, die kostenlos im Internet heruntergeladen werden k\u00f6nnen. Das handliche und leichte Format ist ideal f\u00fcr unterwegs.<\/p>","protected":false},"excerpt":{"rendered":"<p>Liparische Inseln \u2013 wo sind die? Sp\u00e4testens wenn aber der Name \u201eStromboli\u201c f\u00e4llt, einer von 7 Inseln des Archipels, bekommen einige eine Ahnung: \u201eirgendwo bei Sizilien\u201c. Genauer gesagt: Die Liparischen (oder auch: \u00c4olischen) Inseln sind eine vulkanische Inselgruppe zwischen Neapel und Sizilien, deren bekanntester Vulkan, der Stromboli, oft in einem Atemzug mit Vesuv und \u00c4tna [&#8230;]\n","protected":false},"featured_media":178974,"template":"","meta":[],"product_brand":[],"product_cat":[21605],"product_tag":[],"class_list":{"0":"post-178971","1":"product","2":"type-product","3":"status-publish","4":"has-post-thumbnail","6":"product_cat-wanderfuehrer-trekking","7":"pa_autor-barelds","8":"pa_erscheinungsjahr-27339","9":"pa_region-italien","10":"pa_sprache-de","12":"first","13":"instock","14":"taxable","15":"shipping-taxable","16":"purchasable","17":"product-type-simple"},"_links":{"self":[{"href":"https:\/\/pizbube.ch\/en\/wp-json\/wp\/v2\/product\/178971","targetHints":{"allow":["GET"]}}],"collection":[{"href":"https:\/\/pizbube.ch\/en\/wp-json\/wp\/v2\/product"}],"about":[{"href":"https:\/\/pizbube.ch\/en\/wp-json\/wp\/v2\/types\/product"}],"wp:featuredmedia":[{"embeddable":true,"href":"https:\/\/pizbube.ch\/en\/wp-json\/wp\/v2\/media\/178974"}],"wp:attachment":[{"href":"https:\/\/pizbube.ch\/en\/wp-json\/wp\/v2\/media?parent=178971"}],"wp:term":[{"taxonomy":"product_brand","embeddable":true,"href":"https:\/\/pizbube.ch\/en\/wp-json\/wp\/v2\/product_brand?post=178971"},{"taxonomy":"product_cat","embeddable":true,"href":"https:\/\/pizbube.ch\/en\/wp-json\/wp\/v2\/product_cat?post=178971"},{"taxonomy":"product_tag","embeddable":true,"href":"https:\/\/pizbube.ch\/en\/wp-json\/wp\/v2\/product_tag?post=178971"}],"curies":[{"name":"wp","href":"https:\/\/api.w.org\/{rel}","templated":true}]}}