{"id":178988,"date":"2025-03-21T17:44:41","date_gmt":"2025-03-21T16:44:41","guid":{"rendered":"https:\/\/pizbube.ch\/?post_type=product&#038;p=178988"},"modified":"2025-03-25T09:39:15","modified_gmt":"2025-03-25T08:39:15","slug":"ecrins-nord","status":"publish","type":"product","link":"https:\/\/pizbube.ch\/en\/shop\/ecrins-nord\/","title":{"rendered":"Ecrins Nord"},"content":{"rendered":"<p>Cette troisi\u00e8me \u00e9dition (d\u00e9cembre 2021) couvre comme la pr\u00e9c\u00e9dente (2010) les vall\u00e9es du Drac, de la Bonne, du V\u00e9n\u00e9on et de la Romanche.<\/p>\n<p>ENO comprend les groupes : Beaumont, Rochail-Olan, Bans-Ailefroide, Meije-Ecrins, Agneaux-Grande Ruine au d\u00e9part des vall\u00e9es entourant ou traversant la partie nord du massif.<\/p>\n<p>Un chapitre Hautes-Routes permet de d\u00e9couvrir l\u2019ensemble du massif d\u00e9crit aussi dans les volumes Ecrins Est (EES) et Ecrins Sud (ESU)<\/p>\n<p>On acc\u00e8de assez rapidement aux vall\u00e9es d\u2019Ecrins Nord depuis Grenoble, Gap ou Brian\u00e7on.<\/p>\n<p><span class=\"spip-puce ltr\">\u2013<\/span>\u00a0Auteurs\u00a0: Volodia Shahshahani &#8211; Lionel Allemand &#8211;<br \/>\n<span class=\"spip-puce ltr\">\u2013<\/span>\u00a0Format\u00a0: 110&#215;170 mm. Reliure rigide, signet.<br \/>\n<span class=\"spip-puce ltr\">\u2013<\/span>\u00a0320 pages en couleurs<br \/>\n<span class=\"spip-puce ltr\">\u2013<\/span>\u00a0196 courses de base et 236 variantes<br \/>\n<span class=\"spip-puce ltr\">\u2013<\/span> 307 photos avec trac\u00e9s des itin\u00e9raires<\/p>","protected":false},"excerpt":{"rendered":"<p>Cette troisi\u00e8me \u00e9dition (d\u00e9cembre 2021) couvre comme la pr\u00e9c\u00e9dente (2010) les vall\u00e9es du Drac, de la Bonne, du V\u00e9n\u00e9on et de la Romanche. ENO comprend les groupes : Beaumont, Rochail-Olan, Bans-Ailefroide, Meije-Ecrins, Agneaux-Grande Ruine au d\u00e9part des vall\u00e9es entourant ou traversant la partie nord du massif. Un chapitre Hautes-Routes permet de d\u00e9couvrir l\u2019ensemble du massif [&#8230;]\n","protected":false},"featured_media":178989,"template":"","meta":[],"product_brand":[],"product_cat":[21540],"product_tag":[],"class_list":{"0":"post-178988","1":"product","2":"type-product","3":"status-publish","4":"has-post-thumbnail","6":"product_cat-fuehrerliteratur-alpin-winter","7":"pa_autor-shahshahani-allemand","8":"pa_erscheinungsjahr-25440","9":"pa_region-frankreich","10":"pa_sprache-fr","12":"first","13":"instock","14":"taxable","15":"shipping-taxable","16":"purchasable","17":"product-type-simple"},"_links":{"self":[{"href":"https:\/\/pizbube.ch\/en\/wp-json\/wp\/v2\/product\/178988","targetHints":{"allow":["GET"]}}],"collection":[{"href":"https:\/\/pizbube.ch\/en\/wp-json\/wp\/v2\/product"}],"about":[{"href":"https:\/\/pizbube.ch\/en\/wp-json\/wp\/v2\/types\/product"}],"wp:featuredmedia":[{"embeddable":true,"href":"https:\/\/pizbube.ch\/en\/wp-json\/wp\/v2\/media\/178989"}],"wp:attachment":[{"href":"https:\/\/pizbube.ch\/en\/wp-json\/wp\/v2\/media?parent=178988"}],"wp:term":[{"taxonomy":"product_brand","embeddable":true,"href":"https:\/\/pizbube.ch\/en\/wp-json\/wp\/v2\/product_brand?post=178988"},{"taxonomy":"product_cat","embeddable":true,"href":"https:\/\/pizbube.ch\/en\/wp-json\/wp\/v2\/product_cat?post=178988"},{"taxonomy":"product_tag","embeddable":true,"href":"https:\/\/pizbube.ch\/en\/wp-json\/wp\/v2\/product_tag?post=178988"}],"curies":[{"name":"wp","href":"https:\/\/api.w.org\/{rel}","templated":true}]}}