{"id":179039,"date":"2025-03-26T10:26:01","date_gmt":"2025-03-26T09:26:01","guid":{"rendered":"https:\/\/pizbube.ch\/?post_type=product&#038;p=179039"},"modified":"2025-03-26T10:28:31","modified_gmt":"2025-03-26T09:28:31","slug":"karten-knacknuesse-schweiz","status":"publish","type":"product","link":"https:\/\/pizbube.ch\/en\/shop\/karten-knacknuesse-schweiz\/","title":{"rendered":"Karten-Knackn\u00fcsse &#8211; Schweiz"},"content":{"rendered":"<p>250 R\u00e4tsel auf Schweizer Landkarten<\/p>\n<p>Karten-Knackn\u00fcsse enth\u00e4lt 30 Landkarten mit R\u00e4tseln, Geheimnissen, Wortspielen und sonstigem Schabernack. Findet ihr die Stadt, in der man friert, die Gemeinde, in der besonders zu Weihnachten Musik ert\u00f6nt, oder den ansehnlichsten Gipfel im Wallis? L\u00f6st richtige Knackn\u00fcsse, berechnet H\u00f6henmeter und schaut die Schweiz in 250 Fragen aus einem anderen Blickwinkel an.<br \/>\nOb im Auto, im Zug oder im Wohnzimmer, ob zu zweit oder allein \u2013 dieses Buch ist perfekt, um die grauen Zellen in Schwung zu bringen, Spass mit der Familie oder mit Freunden zu haben und die Zeit zu vergessen. Alle Antworten befinden sich auf der Karte!<\/p>\n<ul>\n<li>250 R\u00e4tsel auf 30 Schweizer Landkarten<\/li>\n<li>Im praktischen Taschenbuchformat f\u00fcr Reisen im Zug und im Auto<\/li>\n<li>Ber\u00fchmtheiten, Kultur, Geografie \u2026 Auf spielerische Weise Fakten zur Schweiz lernen<\/li>\n<li>3 Schwierigkeitsgrade: Ein Buch, das die Gehirnzellen der ganzen Familie herausfordert.<\/li>\n<li>F\u00fcr Kinder ab 7 Jahren geeignet<\/li>\n<\/ul>\n<p>144 Seiten,<br \/>\n1. AUflage 2025<\/p>","protected":false},"excerpt":{"rendered":"<p>250 R\u00e4tsel auf Schweizer Landkarten Karten-Knackn\u00fcsse enth\u00e4lt 30 Landkarten mit R\u00e4tseln, Geheimnissen, Wortspielen und sonstigem Schabernack. Findet ihr die Stadt, in der man friert, die Gemeinde, in der besonders zu Weihnachten Musik ert\u00f6nt, oder den ansehnlichsten Gipfel im Wallis? L\u00f6st richtige Knackn\u00fcsse, berechnet H\u00f6henmeter und schaut die Schweiz in 250 Fragen aus einem anderen Blickwinkel [&#8230;]\n","protected":false},"featured_media":179040,"template":"","meta":[],"product_brand":[],"product_cat":[21629,21542],"product_tag":[27551],"class_list":{"0":"post-179039","1":"product","2":"type-product","3":"status-publish","4":"has-post-thumbnail","6":"product_cat-belletristik","7":"product_cat-sachbuecher-dokumentationen","8":"product_tag-kartenknacknuesse-schweiz","9":"pa_autor-smith","10":"pa_erscheinungsjahr-27415","11":"pa_region-schweiz","12":"pa_sprache-de","14":"first","15":"instock","16":"taxable","17":"shipping-taxable","18":"purchasable","19":"product-type-simple"},"_links":{"self":[{"href":"https:\/\/pizbube.ch\/en\/wp-json\/wp\/v2\/product\/179039","targetHints":{"allow":["GET"]}}],"collection":[{"href":"https:\/\/pizbube.ch\/en\/wp-json\/wp\/v2\/product"}],"about":[{"href":"https:\/\/pizbube.ch\/en\/wp-json\/wp\/v2\/types\/product"}],"wp:featuredmedia":[{"embeddable":true,"href":"https:\/\/pizbube.ch\/en\/wp-json\/wp\/v2\/media\/179040"}],"wp:attachment":[{"href":"https:\/\/pizbube.ch\/en\/wp-json\/wp\/v2\/media?parent=179039"}],"wp:term":[{"taxonomy":"product_brand","embeddable":true,"href":"https:\/\/pizbube.ch\/en\/wp-json\/wp\/v2\/product_brand?post=179039"},{"taxonomy":"product_cat","embeddable":true,"href":"https:\/\/pizbube.ch\/en\/wp-json\/wp\/v2\/product_cat?post=179039"},{"taxonomy":"product_tag","embeddable":true,"href":"https:\/\/pizbube.ch\/en\/wp-json\/wp\/v2\/product_tag?post=179039"}],"curies":[{"name":"wp","href":"https:\/\/api.w.org\/{rel}","templated":true}]}}