{"id":179050,"date":"2025-03-29T10:21:20","date_gmt":"2025-03-29T09:21:20","guid":{"rendered":"https:\/\/pizbube.ch\/?post_type=product&#038;p=179050"},"modified":"2025-04-01T14:42:10","modified_gmt":"2025-04-01T12:42:10","slug":"escalade-en-pyrenees-centrales","status":"publish","type":"product","link":"https:\/\/pizbube.ch\/en\/shop\/escalade-en-pyrenees-centrales\/","title":{"rendered":"Escalade en Pyr\u00e9n\u00e9es Centrales"},"content":{"rendered":"<p>Le topoguide &#171;Escalade en Pyr\u00e9n\u00e9es Centrales&#187; couvre 14 sites d\u2019escalade sportifs et de terrains d\u2019aventure.<br \/>\nIl r\u00e9pertorie plus de 500 voies allant du 3 au 8 dans le Luchonnais, le Comminges et la Barousse. Il y en aura pour tous les go\u00fbts !<\/p>\n<p>Escalade en Pyr\u00e9n\u00e9es Centrales 2024 est un guide indispensable pour les passionn\u00e9s d&#8217;escalade et alpinismes, offrant une exploration d\u00e9taill\u00e9e des topos ouvrages au c\u0153ur des majestueuses montagnes pyr\u00e9n\u00e9ennes pour une aventure outdoor inoubliable.<\/p>\n<ul>\n<li>Contient des topos ouvrages complets pour une pr\u00e9paration optimale<\/li>\n<li>Illustrations et cartes d\u00e9taill\u00e9es pour une navigation facile<\/li>\n<li>Conseils d&#8217;experts pour am\u00e9liorer votre technique d&#8217;escalade<\/li>\n<li>Id\u00e9al pour les grimpeurs de tous niveaux, du d\u00e9butant \u00e0 l&#8217;expert<\/li>\n<li>Format: Livre broch\u00e9<\/li>\n<\/ul>\n<ul>\n<li>Pages: 320<\/li>\n<\/ul>","protected":false},"excerpt":{"rendered":"<p>Le topoguide &#171;Escalade en Pyr\u00e9n\u00e9es Centrales&#187; couvre 14 sites d\u2019escalade sportifs et de terrains d\u2019aventure. Il r\u00e9pertorie plus de 500 voies allant du 3 au 8 dans le Luchonnais, le Comminges et la Barousse. Il y en aura pour tous les go\u00fbts ! Escalade en Pyr\u00e9n\u00e9es Centrales 2024 est un guide indispensable pour les passionn\u00e9s [&#8230;]\n","protected":false},"featured_media":179051,"template":"","meta":[],"product_brand":[],"product_cat":[21539],"product_tag":[],"class_list":{"0":"post-179050","1":"product","2":"type-product","3":"status-publish","4":"has-post-thumbnail","6":"product_cat-fuehrerliteratur-sportklettern-bouldern","7":"pa_autor-ffme","8":"pa_erscheinungsjahr-27339","9":"pa_region-frankreich","10":"pa_region-spanien","11":"pa_sprache-fr","13":"first","14":"instock","15":"taxable","16":"shipping-taxable","17":"purchasable","18":"product-type-simple"},"_links":{"self":[{"href":"https:\/\/pizbube.ch\/en\/wp-json\/wp\/v2\/product\/179050","targetHints":{"allow":["GET"]}}],"collection":[{"href":"https:\/\/pizbube.ch\/en\/wp-json\/wp\/v2\/product"}],"about":[{"href":"https:\/\/pizbube.ch\/en\/wp-json\/wp\/v2\/types\/product"}],"wp:featuredmedia":[{"embeddable":true,"href":"https:\/\/pizbube.ch\/en\/wp-json\/wp\/v2\/media\/179051"}],"wp:attachment":[{"href":"https:\/\/pizbube.ch\/en\/wp-json\/wp\/v2\/media?parent=179050"}],"wp:term":[{"taxonomy":"product_brand","embeddable":true,"href":"https:\/\/pizbube.ch\/en\/wp-json\/wp\/v2\/product_brand?post=179050"},{"taxonomy":"product_cat","embeddable":true,"href":"https:\/\/pizbube.ch\/en\/wp-json\/wp\/v2\/product_cat?post=179050"},{"taxonomy":"product_tag","embeddable":true,"href":"https:\/\/pizbube.ch\/en\/wp-json\/wp\/v2\/product_tag?post=179050"}],"curies":[{"name":"wp","href":"https:\/\/api.w.org\/{rel}","templated":true}]}}