{"id":179229,"date":"2025-04-09T16:58:59","date_gmt":"2025-04-09T14:58:59","guid":{"rendered":"https:\/\/pizbube.ch\/?post_type=product&#038;p=179229"},"modified":"2025-04-25T15:22:36","modified_gmt":"2025-04-25T13:22:36","slug":"lynn-hill-ma-vie-a-la-verticale","status":"publish","type":"product","link":"https:\/\/pizbube.ch\/en\/shop\/lynn-hill-ma-vie-a-la-verticale\/","title":{"rendered":"Lynn Hill &#8211; Ma vie \u00e0 la v\u00e9rticale"},"content":{"rendered":"<div id=\"product-description-short-793\" class=\"product-short-description\">\n<p>Un r\u00e9cit de l\u2019escalade au f\u00e9minin.<\/p>\n<\/div>\n<div id=\"product-description-793\" class=\"product-long-description\">\n<p>Le r\u00e9cit commence par un cri primal : Lynn Hill chute du haut de la falaise de Buoux en poussant un hurlement entendu \u00e0 un kilom\u00e8tre de distance. Ce 9 mai 1989, un buisson miraculeux l\u2019accueille et elle survit. \u00ab \u00catre pass\u00e9e si pr\u00e8s de la mort \u00e9tait le signe qu\u2019il \u00e9tait temps de m\u2019occuper de moi, de la mani\u00e8re dont je grimpais, mais aussi dont je vivais. \u00bb<\/p>\n<p>La jeune Am\u00e9ricaine, n\u00e9e en 1961, pur produit de la Californie des Seventies, se r\u00e9v\u00e8le sur les Big Walls o\u00f9 elle va marquer l\u2019histoire en r\u00e9ussissant une premi\u00e8re convoit\u00e9e qui r\u00e9sistait aux meilleurs grimpeurs masculins : l\u2019ascension en libre du Nose, un pilier de granit haut d\u2019un kilom\u00e8tre, dans le Yosemite. Elle leur a lanc\u00e9 en souriant une phrase devenue c\u00e9l\u00e8bre :\u00ab It goes boys \u00bb, \u00ab \u00c7a passe, les gar\u00e7ons \u00bb\u2026<br \/>\nElle raconte le chemin qui l\u2019a conduite \u00e0 cet exploit rare et, dans une pr\u00e9face, revient sur sa vie apr\u00e8s le Nose, la maternit\u00e9, l\u2019escalade toujours et encore\u2026 et ce jour o\u00f9 elle a compris pour quoi elle \u00e9tait n\u00e9e\u2026<\/p>\n<p>Traduit de l\u2019anglais (\u00c9tats-Unis) par Nad\u00e8ge Chable &amp; Jacques Chabert<\/p>\n<p>360 pages, 15 x 25 cm<\/p>\n<\/div>","protected":false},"excerpt":{"rendered":"<p>Un r\u00e9cit de l\u2019escalade au f\u00e9minin. Le r\u00e9cit commence par un cri primal : Lynn Hill chute du haut de la falaise de Buoux en poussant un hurlement entendu \u00e0 un kilom\u00e8tre de distance. Ce 9 mai 1989, un buisson miraculeux l\u2019accueille et elle survit. \u00ab \u00catre pass\u00e9e si pr\u00e8s de la mort \u00e9tait le [&#8230;]\n","protected":false},"featured_media":179461,"template":"","meta":[],"product_brand":[],"product_cat":[21542],"product_tag":[],"class_list":{"0":"post-179229","1":"product","2":"type-product","3":"status-publish","4":"has-post-thumbnail","6":"product_cat-sachbuecher-dokumentationen","7":"pa_autor-child","8":"pa_autor-hill","9":"pa_erscheinungsjahr-27415","10":"pa_region-frankreich","11":"pa_sprache-fr","13":"first","14":"instock","15":"taxable","16":"shipping-taxable","17":"purchasable","18":"product-type-simple"},"_links":{"self":[{"href":"https:\/\/pizbube.ch\/en\/wp-json\/wp\/v2\/product\/179229","targetHints":{"allow":["GET"]}}],"collection":[{"href":"https:\/\/pizbube.ch\/en\/wp-json\/wp\/v2\/product"}],"about":[{"href":"https:\/\/pizbube.ch\/en\/wp-json\/wp\/v2\/types\/product"}],"wp:featuredmedia":[{"embeddable":true,"href":"https:\/\/pizbube.ch\/en\/wp-json\/wp\/v2\/media\/179461"}],"wp:attachment":[{"href":"https:\/\/pizbube.ch\/en\/wp-json\/wp\/v2\/media?parent=179229"}],"wp:term":[{"taxonomy":"product_brand","embeddable":true,"href":"https:\/\/pizbube.ch\/en\/wp-json\/wp\/v2\/product_brand?post=179229"},{"taxonomy":"product_cat","embeddable":true,"href":"https:\/\/pizbube.ch\/en\/wp-json\/wp\/v2\/product_cat?post=179229"},{"taxonomy":"product_tag","embeddable":true,"href":"https:\/\/pizbube.ch\/en\/wp-json\/wp\/v2\/product_tag?post=179229"}],"curies":[{"name":"wp","href":"https:\/\/api.w.org\/{rel}","templated":true}]}}