{"id":179251,"date":"2025-04-10T14:56:54","date_gmt":"2025-04-10T12:56:54","guid":{"rendered":"https:\/\/pizbube.ch\/?post_type=product&#038;p=179251"},"modified":"2025-10-02T15:07:13","modified_gmt":"2025-10-02T13:07:13","slug":"bavella-corsica-escalades-choisies-kopie","status":"publish","type":"product","link":"https:\/\/pizbube.ch\/en\/shop\/bavella-corsica-escalades-choisies-kopie\/","title":{"rendered":"Bavella Corsica &#8211; Escalades choisies"},"content":{"rendered":"<p>Au fil des ans Bavella est devenu une destination incontournable pour les grimpeurs de grandes voies. Parmi les centaines d\u2019itin\u00e9raires recens\u00e9s sur ces aiguilles battues par le maquis, nous en avons s\u00e9lectionn\u00e9 plus de 170, de tous niveaux et dans tous les styles d\u2019\u00e9quipement ; autant de fa\u00e7ons de visiter ce massif exceptionnel.<br \/>\nVous trouverez dans ce livre les incontournables \u00e9videment, des classiques mais aussi des nouveaut\u00e9s int\u00e9ressantes et des red\u00e9couvertes ainsi que le site sportif du Col de Bavella et ses 200 couennes. . Vous y trouverez aussi de nombreuses anecdotes, des portraits, des r\u00e9cits\u2026 qui font de ce livre un peu plus qu\u2019un simple topo d\u2019escalade.<\/p>\n<p>Pour chaque voie, nous pr\u00e9sentons une approche d\u00e9taill\u00e9e, le mat\u00e9riel n\u00e9cessaire et une description pr\u00e9cise, particuli\u00e8rement pour les voies en terrain d\u2019aventure. Le format, sup\u00e9rieur au format utilis\u00e9 jusqu\u2019\u00e0 pr\u00e9sent, met davantage en avant les belles photos pour vous donner un avant-go\u00fbt de vos prochaines \u00e9chapp\u00e9es verticales.<\/p>\n<p>Nous nous sommes attach\u00e9s \u00e0 \u00eatre le plus s\u00fbr et pr\u00e9cis possible mais des erreurs peuvent cependant \u00eatre relev\u00e9es, des variantes ajout\u00e9es, de nouvelles voies propos\u00e9es. L\u2019application d\u00e9velopp\u00e9e sp\u00e9cialement, vous donne bien s\u00fbr acc\u00e8s au topo num\u00e9rique mais aussi aux mises \u00e0 jour en temps r\u00e9el.<\/p>\n<p>2i\u00e8me \u00e9dition 2025<br \/>\nReli\u00e9 17 X 24 cm \/ 320 pages tout couleur<br \/>\nBilingue Fran\u00e7ais \/ Anglais<\/p>\n<p>&nbsp;<\/p>\n<p>The Bavella massif is a key location for granite rock climbing. It has become an unmissable destination for multi-pitch route climbers.<br \/>\nWe have selected more than 170 routes from the hundreds that have been climbed on these needles. Our selection covers all difficulties and all styles, ranging from trad to entirely bolted routes.<br \/>\nThe richness of Bavella is also expressed in the incredible diversity of geological structures. For a long time, the reputation of the massif focused on tafoni and slab climbs. But this is now changing and more and more crack routes are coming to light.<br \/>\nIn this book, you will of course find the must-do routes, the classic climbs, but also recently established routes and rediscovered gems, as well as the Col de Bavella sport climbing site with its 200 single-pitch routes. In addition, you will find many extra anecdotes, portraits of members of the climbing scene, historical information, etc., that transform this book into something more than just a guidebook.<\/p>\n<p>For each climb, we give a detailed description of the walk-in, the gear required, and the route itself, in particular for trad routes. The larger page layout leaves more room for photos to give you a taste of your next vertical adventure.<\/p>\n<p>2nd edition 2025<br \/>\nBound 17 X 24 cm \/ 320 pages all in colour<br \/>\nBilingual French \/ English<\/p>\n<p>&nbsp;<\/p>","protected":false},"excerpt":{"rendered":"<p>Au fil des ans Bavella est devenu une destination incontournable pour les grimpeurs de grandes voies. Parmi les centaines d\u2019itin\u00e9raires recens\u00e9s sur ces aiguilles battues par le maquis, nous en avons s\u00e9lectionn\u00e9 plus de 170, de tous niveaux et dans tous les styles d\u2019\u00e9quipement ; autant de fa\u00e7ons de visiter ce massif exceptionnel. Vous trouverez [&#8230;]\n","protected":false},"featured_media":179257,"template":"","meta":[],"product_brand":[],"product_cat":[21539],"product_tag":[26791,26779],"class_list":{"0":"post-179251","1":"product","2":"type-product","3":"status-publish","4":"has-post-thumbnail","6":"product_cat-fuehrerliteratur-sportklettern-bouldern","7":"product_tag-kletterfuehrer-korsika","8":"product_tag-korsika","9":"pa_autor-suchard-maurin","10":"pa_erscheinungsjahr-27415","11":"pa_region-frankreich","12":"pa_sprache-fr-en","14":"first","15":"instock","16":"taxable","17":"shipping-taxable","18":"purchasable","19":"product-type-simple"},"_links":{"self":[{"href":"https:\/\/pizbube.ch\/en\/wp-json\/wp\/v2\/product\/179251","targetHints":{"allow":["GET"]}}],"collection":[{"href":"https:\/\/pizbube.ch\/en\/wp-json\/wp\/v2\/product"}],"about":[{"href":"https:\/\/pizbube.ch\/en\/wp-json\/wp\/v2\/types\/product"}],"wp:featuredmedia":[{"embeddable":true,"href":"https:\/\/pizbube.ch\/en\/wp-json\/wp\/v2\/media\/179257"}],"wp:attachment":[{"href":"https:\/\/pizbube.ch\/en\/wp-json\/wp\/v2\/media?parent=179251"}],"wp:term":[{"taxonomy":"product_brand","embeddable":true,"href":"https:\/\/pizbube.ch\/en\/wp-json\/wp\/v2\/product_brand?post=179251"},{"taxonomy":"product_cat","embeddable":true,"href":"https:\/\/pizbube.ch\/en\/wp-json\/wp\/v2\/product_cat?post=179251"},{"taxonomy":"product_tag","embeddable":true,"href":"https:\/\/pizbube.ch\/en\/wp-json\/wp\/v2\/product_tag?post=179251"}],"curies":[{"name":"wp","href":"https:\/\/api.w.org\/{rel}","templated":true}]}}