{"id":179262,"date":"2025-04-15T15:26:08","date_gmt":"2025-04-15T13:26:08","guid":{"rendered":"https:\/\/pizbube.ch\/?post_type=product&#038;p=179262"},"modified":"2025-04-15T15:26:08","modified_gmt":"2025-04-15T13:26:08","slug":"spuren-am-everest-das-raetsel-um-mallory-und-irvine","status":"publish","type":"product","link":"https:\/\/pizbube.ch\/en\/shop\/spuren-am-everest-das-raetsel-um-mallory-und-irvine\/","title":{"rendered":"Spuren am Everest &#8211; Das R\u00e4tsel um Mallory und Irvine"},"content":{"rendered":"<p><span class=\"value\">Ein Buch \u00fcber das Verschwinden von Mallory und Irvine am Everest ver\u00e4ndert 1987 das Leben von Jochen Hemmleb. In den folgenden Jahrzehnten begibt sich der heutige Autor und passionierte Bergg\u00e4nger auf Spurensuche. Was war 1924 passiert? Haben Mallory und Irvine damals schon den Gipfel erreicht? Dabei wird die Suche nach Antworten f\u00fcr Jochen Hemmleb zu einer Richtschnur f\u00fcr seinen gesamten Lebensweg. <\/span><\/p>\n<p><span class=\"value\">Als der Engl\u00e4nder George Mallory 1921 zum ersten Mal den Mount Everest erblickt, wird das Erlebnis den Rest seines Lebens bestimmen, bis er am 8. Juni 1924 mit seinem Partner Andrew Irvine Nahe des Gipfels im Nebel verschwindet. Dreiundsechzig Jahre sp\u00e4ter liest der damals 16-j\u00e4hrige Jochen Hemmleb ein Buch \u00fcber das Verschwinden von Mallory und Irvine \u2013 und ihn \u00fcberkommt das untr\u00fcgliche Gef\u00fchl, dass diese Geschichte sein Leben ver\u00e4ndern wird \u2026 <\/span><\/p>\n<p><span class=\"value\">Ausgehend von beiden Schl\u00fcsselmomenten verwebt Jochen Hemmleb den Lebensweg Mallorys mit seinem eigenen. Dabei bilden die Suche nach der Antwort, was mit Mallory und Irvine geschah, sowie die Berge im Allgemeinen eine Richtschnur in seinem Leben, die ihn durch alle H\u00f6hen und Tiefen leitet. Eine packende Detektivgeschichte verkn\u00fcpft mit einer bewegenden, refl ektierend erz\u00e4hlten Lebensgeschichte um Intuition, Berufung und die Heilkraft der Berge. Und um das Suchen, Finden und Gehen eines eigenen Weges.<\/span><\/p>\n<p>1. Auflage 2025,<br \/>\n<span class=\"value\">240 Seiten, Zahlreiche farbige Abbildungen<\/span><\/p>","protected":false},"excerpt":{"rendered":"<p>Ein Buch \u00fcber das Verschwinden von Mallory und Irvine am Everest ver\u00e4ndert 1987 das Leben von Jochen Hemmleb. In den folgenden Jahrzehnten begibt sich der heutige Autor und passionierte Bergg\u00e4nger auf Spurensuche. Was war 1924 passiert? Haben Mallory und Irvine damals schon den Gipfel erreicht? Dabei wird die Suche nach Antworten f\u00fcr Jochen Hemmleb zu [&#8230;]\n","protected":false},"featured_media":179263,"template":"","meta":[],"product_brand":[],"product_cat":[21542],"product_tag":[],"class_list":{"0":"post-179262","1":"product","2":"type-product","3":"status-publish","4":"has-post-thumbnail","6":"product_cat-sachbuecher-dokumentationen","7":"pa_autor-hemmleb","8":"pa_erscheinungsjahr-27415","9":"pa_region-asien","10":"pa_sprache-de","12":"first","13":"instock","14":"taxable","15":"shipping-taxable","16":"purchasable","17":"product-type-simple"},"_links":{"self":[{"href":"https:\/\/pizbube.ch\/en\/wp-json\/wp\/v2\/product\/179262","targetHints":{"allow":["GET"]}}],"collection":[{"href":"https:\/\/pizbube.ch\/en\/wp-json\/wp\/v2\/product"}],"about":[{"href":"https:\/\/pizbube.ch\/en\/wp-json\/wp\/v2\/types\/product"}],"wp:featuredmedia":[{"embeddable":true,"href":"https:\/\/pizbube.ch\/en\/wp-json\/wp\/v2\/media\/179263"}],"wp:attachment":[{"href":"https:\/\/pizbube.ch\/en\/wp-json\/wp\/v2\/media?parent=179262"}],"wp:term":[{"taxonomy":"product_brand","embeddable":true,"href":"https:\/\/pizbube.ch\/en\/wp-json\/wp\/v2\/product_brand?post=179262"},{"taxonomy":"product_cat","embeddable":true,"href":"https:\/\/pizbube.ch\/en\/wp-json\/wp\/v2\/product_cat?post=179262"},{"taxonomy":"product_tag","embeddable":true,"href":"https:\/\/pizbube.ch\/en\/wp-json\/wp\/v2\/product_tag?post=179262"}],"curies":[{"name":"wp","href":"https:\/\/api.w.org\/{rel}","templated":true}]}}