{"id":179266,"date":"2025-04-15T12:48:43","date_gmt":"2025-04-15T10:48:43","guid":{"rendered":"https:\/\/pizbube.ch\/?post_type=product&#038;p=179266"},"modified":"2025-10-02T10:24:24","modified_gmt":"2025-10-02T08:24:24","slug":"klassiker-50-klettertouren","status":"publish","type":"product","link":"https:\/\/pizbube.ch\/en\/shop\/klassiker-50-klettertouren\/","title":{"rendered":"Klassiker &#8211; 50 Klettertouren"},"content":{"rendered":"<p>50 grossartige Routen mit hakengenauen Topos und fantastischen Bildern<\/p>\n<p>Was ist ein Klassiker? Watzmann, Gro\u00dfglockner, Ortler, Gro\u00dfe Zinne, Marmolada \u2013 klassische Klettertouren f\u00fchren auf Gipfel mit klingenden Namen. Auch die Hotspots des Kletterns fehlen im Buch nat\u00fcrlich nicht: Oberreintal, Wilder Kaiser, Dolomiten, Hochk\u00f6nig. Legend\u00e4re Klettertouren, Wunsch- und Traumziele vieler Bergsteiger. Gro\u00dfartige W\u00e4nde, markante Verschneidungen, sch\u00f6ne \u00dcberschreitungen. Vor allem aber: Grate \u2013 die klassischste Art des alpinen Kletterns.<\/p>\n<p>Ein Gro\u00dfteil der Touren ist im mittleren Schwierigkeitsgrad IV. und V, alpin nicht zu untersch\u00e4tzen, aber auch dennoch f\u00fcr ambitionierte Hobbyalpinisten kletterbar.<br \/>\nGro\u00dfformatige \u00dcbersichtsbilder zeigen die beeindruckenden Berge, und mit den dazugeh\u00f6rigen detailierten Toposkizzen l\u00e4sst sich bereits vorab der Routenverlauf erarbeiten. Hakengenaue Topos und die dazugeh\u00f6rigen Beschreibungen fehlen nat\u00fcrlich nicht. Herrliche Bilder zeigen die Sch\u00f6nheit der Natur und vermitteln die Stimmung auf Tour. Es werden haupts\u00e4chlich Touren in den Ostalpen beschrieben, mit einem kleinen Schlenker in die Schweiz.<\/p>\n<p>Alle Touren sind vom Autor Stefan Stadler selbst geklettert und \u00e4u\u00dferst akribisch recherchiert. Dass es die Routen s\u00e4mtlicher Touren auch als GPS-Tracks zum Download gibt, versteht sich von selbst.<br \/>\nEin prachtvolles Buch, das sich gleicherma\u00dfen zur Lekt\u00fcre, zur Planung neuer Klettertouren oder zur R\u00fcckbesinnung auf vergangene Erlebnisse eignet. DER Geschenktipp f\u00fcr Alpinisten!<\/p>\n<p>1. Auflage 2025;<br \/>\n292 Seiten, 280 x 210, gebunden<\/p>","protected":false},"excerpt":{"rendered":"<p><strong><a href=\"https:\/\/pizbube.ch\/wp-content\/uploads\/2025\/04\/Klassiker_50-Klettertouren_Leseprobe.pdf\" target=\"_blank\" rel=\"noopener\">Klassiker_50 Klettertouren_Leseprobe<\/a><\/strong><\/p>","protected":false},"featured_media":179462,"template":"","meta":[],"product_brand":[],"product_cat":[21544,21539,21542],"product_tag":[],"class_list":{"0":"post-179266","1":"product","2":"type-product","3":"status-publish","4":"has-post-thumbnail","6":"product_cat-fuehrerliteratur-alpin-sommer","7":"product_cat-fuehrerliteratur-sportklettern-bouldern","8":"product_cat-sachbuecher-dokumentationen","9":"pa_autor-stadler","10":"pa_erscheinungsjahr-27415","11":"pa_region-deutschland","12":"pa_region-italien","13":"pa_region-oesterreich","14":"pa_region-schweiz","15":"pa_sprache-de","17":"first","18":"instock","19":"taxable","20":"shipping-taxable","21":"purchasable","22":"product-type-simple"},"_links":{"self":[{"href":"https:\/\/pizbube.ch\/en\/wp-json\/wp\/v2\/product\/179266","targetHints":{"allow":["GET"]}}],"collection":[{"href":"https:\/\/pizbube.ch\/en\/wp-json\/wp\/v2\/product"}],"about":[{"href":"https:\/\/pizbube.ch\/en\/wp-json\/wp\/v2\/types\/product"}],"wp:featuredmedia":[{"embeddable":true,"href":"https:\/\/pizbube.ch\/en\/wp-json\/wp\/v2\/media\/179462"}],"wp:attachment":[{"href":"https:\/\/pizbube.ch\/en\/wp-json\/wp\/v2\/media?parent=179266"}],"wp:term":[{"taxonomy":"product_brand","embeddable":true,"href":"https:\/\/pizbube.ch\/en\/wp-json\/wp\/v2\/product_brand?post=179266"},{"taxonomy":"product_cat","embeddable":true,"href":"https:\/\/pizbube.ch\/en\/wp-json\/wp\/v2\/product_cat?post=179266"},{"taxonomy":"product_tag","embeddable":true,"href":"https:\/\/pizbube.ch\/en\/wp-json\/wp\/v2\/product_tag?post=179266"}],"curies":[{"name":"wp","href":"https:\/\/api.w.org\/{rel}","templated":true}]}}