{"id":179415,"date":"2025-04-23T13:59:31","date_gmt":"2025-04-23T11:59:31","guid":{"rendered":"https:\/\/pizbube.ch\/?post_type=product&#038;p=179415"},"modified":"2025-11-05T11:42:36","modified_gmt":"2025-11-05T10:42:36","slug":"auf-den-spuren-folgenschwerer-naturereignisse-in-der-schweiz","status":"publish","type":"product","link":"https:\/\/pizbube.ch\/en\/shop\/auf-den-spuren-folgenschwerer-naturereignisse-in-der-schweiz\/","title":{"rendered":"Auf den Spuren folgenschwerer Naturereignisse in der Schweiz"},"content":{"rendered":"<div class=\"shortdesc\">Mit 25 geologischen Exkursionen<\/div>\n<div>\n<p>Geologische Extremereignisse wie Berg- und Felsst\u00fcrze, Murg\u00e4nge, \u00dcberschwemmungen und Erdbeben kommen in gebirgigen L\u00e4ndern wie der Schweiz immer wieder vor. Sie hinterlassen nicht nur Spuren im kollektiven Ged\u00e4chtnis der Bev\u00f6lkerung, sondern pr\u00e4gen auch die Landschaft ma\u00dfgeblich mit. Eine Auswahl besonders pr\u00e4gender Ereignisse aus den letzten 10&#8217;000 Jahren werden in diesem Buch vorgestellt. 25 Exkursionsvorschl\u00e4ge motivieren dazu, sie im Gel\u00e4nde aufzusp\u00fcren und mehr \u00fcber die Landschaft und ihre Geschichte zu lernen.<\/p>\n<\/div>\n<div class=\"shortdesc headlines\">\n<ul>\n<li>Bergst\u00fcrze, Erdbeben, Murg\u00e4nge \u2013 25 Exkursionsvorschl\u00e4ge zu historosch und geologisch bedeutsamen Orten in der Schweiz.<\/li>\n<li>Spuren im Gel\u00e4nde erkennen und interpretieren.<\/li>\n<\/ul>\n<p>1. Auflage 2025<br \/>\n144 Seiten, 130 Abbildungen, 28 Karten, 2 Tabellen<br \/>\nSoftcover (Flexobroschur), 15,5 x 22,5 cm, 440 g<\/p>\n<\/div>","protected":false},"excerpt":{"rendered":"<p>Mit 25 geologischen Exkursionen Geologische Extremereignisse wie Berg- und Felsst\u00fcrze, Murg\u00e4nge, \u00dcberschwemmungen und Erdbeben kommen in gebirgigen L\u00e4ndern wie der Schweiz immer wieder vor. Sie hinterlassen nicht nur Spuren im kollektiven Ged\u00e4chtnis der Bev\u00f6lkerung, sondern pr\u00e4gen auch die Landschaft ma\u00dfgeblich mit. Eine Auswahl besonders pr\u00e4gender Ereignisse aus den letzten 10&#8217;000 Jahren werden in diesem Buch [&#8230;]\n","protected":false},"featured_media":179416,"template":"","meta":[],"product_brand":[],"product_cat":[21538,21542,21605],"product_tag":[],"class_list":{"0":"post-179415","1":"product","2":"type-product","3":"status-publish","4":"has-post-thumbnail","6":"product_cat-lehrbuecher","7":"product_cat-sachbuecher-dokumentationen","8":"product_cat-wanderfuehrer-trekking","9":"pa_autor-pfiffner","10":"pa_autor-wildi","11":"pa_erscheinungsjahr-27415","12":"pa_region-fauna-flora-geologie-glaziologie","13":"pa_region-schweiz","14":"pa_sprache-de","16":"first","17":"instock","18":"taxable","19":"shipping-taxable","20":"purchasable","21":"product-type-simple"},"_links":{"self":[{"href":"https:\/\/pizbube.ch\/en\/wp-json\/wp\/v2\/product\/179415","targetHints":{"allow":["GET"]}}],"collection":[{"href":"https:\/\/pizbube.ch\/en\/wp-json\/wp\/v2\/product"}],"about":[{"href":"https:\/\/pizbube.ch\/en\/wp-json\/wp\/v2\/types\/product"}],"wp:featuredmedia":[{"embeddable":true,"href":"https:\/\/pizbube.ch\/en\/wp-json\/wp\/v2\/media\/179416"}],"wp:attachment":[{"href":"https:\/\/pizbube.ch\/en\/wp-json\/wp\/v2\/media?parent=179415"}],"wp:term":[{"taxonomy":"product_brand","embeddable":true,"href":"https:\/\/pizbube.ch\/en\/wp-json\/wp\/v2\/product_brand?post=179415"},{"taxonomy":"product_cat","embeddable":true,"href":"https:\/\/pizbube.ch\/en\/wp-json\/wp\/v2\/product_cat?post=179415"},{"taxonomy":"product_tag","embeddable":true,"href":"https:\/\/pizbube.ch\/en\/wp-json\/wp\/v2\/product_tag?post=179415"}],"curies":[{"name":"wp","href":"https:\/\/api.w.org\/{rel}","templated":true}]}}