{"id":179422,"date":"2025-04-23T14:12:59","date_gmt":"2025-04-23T12:12:59","guid":{"rendered":"https:\/\/pizbube.ch\/?post_type=product&#038;p=179422"},"modified":"2026-03-24T09:46:04","modified_gmt":"2026-03-24T08:46:04","slug":"les-gorges-de-la-jonte-kopie","status":"publish","type":"product","link":"https:\/\/pizbube.ch\/en\/shop\/les-gorges-de-la-jonte-kopie\/","title":{"rendered":"Les Gorges de La Jonte"},"content":{"rendered":"<p>Le tout nouveau topo d&#8217;escalade des Gorges de la Jonte est enfin arriv\u00e9.<br \/>\nLa nouvelle version ravira les grimpeurs les plus exigeants !! De superbes<br \/>\nphotos, des itin\u00e9raires soign\u00e9s aux petits oignons et toujours des conseils de<br \/>\ns\u00e9curit\u00e9 pour que votre s\u00e9jour d&#8217;escalade reste un moment inoubliable !!<\/p>\n<p>Ob Mehrseill\u00e4ngenwege oder kurze Sportkletterrouten, ob klassisch oder typisch<br \/>\ns\u00fcdfranz\u00f6sisch gesichert, alles findet man in der Jonteschlucht. Zwischen dem<br \/>\nCausse M\u00e9jean und dem Causse Noir ist sie mit rund 500 m Tiefe durch ihre<br \/>\nwildromantische Unber\u00fchrtheit sehr beeindruckend.<\/p>\n<p>Pr\u00e4gnanter F\u00fchrer f\u00fcr ein tolles Klettergebiet. Kein Zuviel im handlichen<br \/>\nTopoguide. Topos auf Buntfotos, kurze Wegangaben (H\u00f6he, Schwierigkeit und Art<br \/>\nder Sicherungen) zeichnen diesen Gebietsf\u00fchrer aus. Einleitende Worte zum<br \/>\nGebiet und zum Gebrauch des F\u00fchrers gibt\u2019s in mehreren Sprachen.<\/p>\n<p>Eine \u00dcbersicht zur Lage der einzelnen Sektoren findet man im vorderen Teil des<br \/>\nBuches, kleine Zustiegsskizzen zum Sektor im jeweiligen Kapitel.<\/p>\n<p>Auflage 2024<br \/>\n200 Seiten; Sprachen: Franz\u00f6sisch \/ Englisch \/ Deutsch \/ Spanisch<\/p>","protected":false},"excerpt":{"rendered":"<p>Le tout nouveau topo d&#8217;escalade des Gorges de la Jonte est enfin arriv\u00e9. La nouvelle version ravira les grimpeurs les plus exigeants !! De superbes photos, des itin\u00e9raires soign\u00e9s aux petits oignons et toujours des conseils de s\u00e9curit\u00e9 pour que votre s\u00e9jour d&#8217;escalade reste un moment inoubliable !! Ob Mehrseill\u00e4ngenwege oder kurze Sportkletterrouten, ob klassisch [&#8230;]\n","protected":false},"featured_media":179423,"template":"","meta":[],"product_brand":[],"product_cat":[21539],"product_tag":[],"class_list":{"0":"post-179422","1":"product","2":"type-product","3":"status-publish","4":"has-post-thumbnail","6":"product_cat-fuehrerliteratur-sportklettern-bouldern","7":"pa_autor-caf","8":"pa_erscheinungsjahr-27339","9":"pa_region-frankreich","10":"pa_sprache-d","11":"pa_sprache-e","12":"pa_sprache-f","13":"pa_sprache-i","14":"pa_sprache-s","16":"first","17":"onbackorder","18":"taxable","19":"shipping-taxable","20":"purchasable","21":"product-type-simple"},"_links":{"self":[{"href":"https:\/\/pizbube.ch\/en\/wp-json\/wp\/v2\/product\/179422","targetHints":{"allow":["GET"]}}],"collection":[{"href":"https:\/\/pizbube.ch\/en\/wp-json\/wp\/v2\/product"}],"about":[{"href":"https:\/\/pizbube.ch\/en\/wp-json\/wp\/v2\/types\/product"}],"wp:featuredmedia":[{"embeddable":true,"href":"https:\/\/pizbube.ch\/en\/wp-json\/wp\/v2\/media\/179423"}],"wp:attachment":[{"href":"https:\/\/pizbube.ch\/en\/wp-json\/wp\/v2\/media?parent=179422"}],"wp:term":[{"taxonomy":"product_brand","embeddable":true,"href":"https:\/\/pizbube.ch\/en\/wp-json\/wp\/v2\/product_brand?post=179422"},{"taxonomy":"product_cat","embeddable":true,"href":"https:\/\/pizbube.ch\/en\/wp-json\/wp\/v2\/product_cat?post=179422"},{"taxonomy":"product_tag","embeddable":true,"href":"https:\/\/pizbube.ch\/en\/wp-json\/wp\/v2\/product_tag?post=179422"}],"curies":[{"name":"wp","href":"https:\/\/api.w.org\/{rel}","templated":true}]}}