{"id":179430,"date":"2025-04-23T14:30:56","date_gmt":"2025-04-23T12:30:56","guid":{"rendered":"https:\/\/pizbube.ch\/?post_type=product&#038;p=179430"},"modified":"2025-10-16T12:27:44","modified_gmt":"2025-10-16T10:27:44","slug":"escalades-a-presles","status":"publish","type":"product","link":"https:\/\/pizbube.ch\/en\/shop\/escalades-a-presles\/","title":{"rendered":"Escalades \u00e0 Presles"},"content":{"rendered":"<p>Des voies les plus faciles aux plus difficiles, des plus belles voies de<br \/>\nPresles \u00e0 celles qui le sont moins. Ce topo est exhaustif avec un trac\u00e9 des<br \/>\nitin\u00e9raires sur photos.<\/p>\n<p>L\u2019historique de l\u2019escalade a \u00e9t\u00e9 privil\u00e9gi\u00e9e par des textes \u00e9crits par les<br \/>\nprincipaux acteurs qui ont ouvert \u00e0 Presles. De nombreuses photos d\u2019\u00e9poque et<br \/>\nactuelles agr\u00e9mentent l\u2019ouvrage.<\/p>\n<p>Les approches et les retours sont d\u00e9crits en fran\u00e7ais et anglais.<\/p>\n<p>&#8211; Il comprend les grandes voies sportives et traditionnelles de libre, ainsi<br \/>\nque les voies d\u2019artif et les sites sportifs.<\/p>\n<p>Format 17&#215;24 cm, 220 pages en couleurs<br \/>\n<img loading=\"lazy\" decoding=\"async\" class=\"puce\" src=\"http:\/\/www.promo-grimpe.com\/local\/cache-vignettes\/L8xH11\/puce-32883.gif?1493240247\" alt=\"-\" width=\"8\" height=\"11\" \/> + de 350 grandes voies (jusqu\u2019\u00e0 300 m\u00e8tres de haut) sur 15 secteurs<br \/>\n<img loading=\"lazy\" decoding=\"async\" class=\"puce\" src=\"http:\/\/www.promo-grimpe.com\/local\/cache-vignettes\/L8xH11\/puce-32883.gif?1493240247\" alt=\"-\" width=\"8\" height=\"11\" \/> Et plus de 450 voies sportives r\u00e9parties sur 8 \u00e9coles<\/p>\n<p>Edition 2025<\/p>","protected":false},"excerpt":{"rendered":"<p>Des voies les plus faciles aux plus difficiles, des plus belles voies de Presles \u00e0 celles qui le sont moins. Ce topo est exhaustif avec un trac\u00e9 des itin\u00e9raires sur photos. L\u2019historique de l\u2019escalade a \u00e9t\u00e9 privil\u00e9gi\u00e9e par des textes \u00e9crits par les principaux acteurs qui ont ouvert \u00e0 Presles. De nombreuses photos d\u2019\u00e9poque et [&#8230;]\n","protected":false},"featured_media":179431,"template":"","meta":[],"product_brand":[],"product_cat":[21539],"product_tag":[27270],"class_list":{"0":"post-179430","1":"product","2":"type-product","3":"status-publish","4":"has-post-thumbnail","6":"product_cat-fuehrerliteratur-sportklettern-bouldern","7":"product_tag-presles","8":"pa_autor-duhaut","9":"pa_erscheinungsjahr-27415","10":"pa_region-frankreich","11":"pa_sprache-fr","13":"first","14":"instock","15":"taxable","16":"shipping-taxable","17":"purchasable","18":"product-type-simple"},"_links":{"self":[{"href":"https:\/\/pizbube.ch\/en\/wp-json\/wp\/v2\/product\/179430","targetHints":{"allow":["GET"]}}],"collection":[{"href":"https:\/\/pizbube.ch\/en\/wp-json\/wp\/v2\/product"}],"about":[{"href":"https:\/\/pizbube.ch\/en\/wp-json\/wp\/v2\/types\/product"}],"wp:featuredmedia":[{"embeddable":true,"href":"https:\/\/pizbube.ch\/en\/wp-json\/wp\/v2\/media\/179431"}],"wp:attachment":[{"href":"https:\/\/pizbube.ch\/en\/wp-json\/wp\/v2\/media?parent=179430"}],"wp:term":[{"taxonomy":"product_brand","embeddable":true,"href":"https:\/\/pizbube.ch\/en\/wp-json\/wp\/v2\/product_brand?post=179430"},{"taxonomy":"product_cat","embeddable":true,"href":"https:\/\/pizbube.ch\/en\/wp-json\/wp\/v2\/product_cat?post=179430"},{"taxonomy":"product_tag","embeddable":true,"href":"https:\/\/pizbube.ch\/en\/wp-json\/wp\/v2\/product_tag?post=179430"}],"curies":[{"name":"wp","href":"https:\/\/api.w.org\/{rel}","templated":true}]}}