{"id":179499,"date":"2025-04-29T10:56:20","date_gmt":"2025-04-29T08:56:20","guid":{"rendered":"https:\/\/pizbube.ch\/?post_type=product&#038;p=179499"},"modified":"2026-03-06T14:41:25","modified_gmt":"2026-03-06T13:41:25","slug":"toskana-und-elba-116-klettergaerten-zwischen-den-apuanen-und-dem-argentario","status":"publish","type":"product","link":"https:\/\/pizbube.ch\/en\/shop\/toskana-und-elba-116-klettergaerten-zwischen-den-apuanen-und-dem-argentario\/","title":{"rendered":"TOSKANA UND ELBA &#8211; 116 Kletterg\u00e4rten zwischen den Apuanen und dem Argentario"},"content":{"rendered":"<p>In dieser neuen Auflage wird das bereits reiche Kletterangebot der Toskana um 50 neue Sektoren erweitert. Klettern kann man vom Norden bis zum S\u00fcden der Region, in den traumhaften Landschaften von Camaiore und Sant\u2019Anna di Stazzema in den Apuanen, in der magischen Atmosph\u00e4re der Garfagnana oder auf der zauberhaft sch\u00f6nen Insel Elba. Hier bekommt man fantastisches Panorama, Felsen mit Routen in allen Schwierigkeitsgraden, sowie Kultur und einzigartige kulinarische K\u00f6stlichkeiten. Nicht\u00a0zu vergessen der Argentario, wo sich Klettern und\u00a0Meer in harmonischem Einklang begegnen.<\/p>\n<p>Die neuen Kletterg\u00e4rten im Gebiet von Massa, die enorme Weiterentwicklung am Monte Amiata und die neuen Gebiete im S\u00fcden der Toskana bereichern diese neue Ausgabe, die mit ihren zahlreichen Fotos nicht nur Mittel zum Zweck f\u00fcr Kletterfreunde ist, sondern auch ein F\u00fchrer f\u00fcr alle, die die Toskana in ihrer ganzen Sch\u00f6nheit kennenlernen wollen. Mit diesem Buch k\u00f6nnt ihr Abenteuer und Tourismus zu einer einzigartigen und unvergesslichen Erfahrung verbinden.<\/p>\n<p>6. Auflage 2025;<br \/>\n672 Seiten<\/p>","protected":false},"excerpt":{"rendered":"<p>In dieser neuen Auflage wird das bereits reiche Kletterangebot der Toskana um 50 neue Sektoren erweitert. Klettern kann man vom Norden bis zum S\u00fcden der Region, in den traumhaften Landschaften von Camaiore und Sant\u2019Anna di Stazzema in den Apuanen, in der magischen Atmosph\u00e4re der Garfagnana oder auf der zauberhaft sch\u00f6nen Insel Elba. Hier bekommt man [&#8230;]\n","protected":false},"featured_media":179500,"template":"","meta":[],"product_brand":[],"product_cat":[21539],"product_tag":[],"class_list":{"0":"post-179499","1":"product","2":"type-product","3":"status-publish","4":"has-post-thumbnail","6":"product_cat-fuehrerliteratur-sportklettern-bouldern","7":"pa_autor-giannetti","8":"pa_erscheinungsjahr-27415","9":"pa_region-italien","10":"pa_sprache-de","12":"first","13":"instock","14":"taxable","15":"shipping-taxable","16":"purchasable","17":"product-type-simple"},"_links":{"self":[{"href":"https:\/\/pizbube.ch\/en\/wp-json\/wp\/v2\/product\/179499","targetHints":{"allow":["GET"]}}],"collection":[{"href":"https:\/\/pizbube.ch\/en\/wp-json\/wp\/v2\/product"}],"about":[{"href":"https:\/\/pizbube.ch\/en\/wp-json\/wp\/v2\/types\/product"}],"wp:featuredmedia":[{"embeddable":true,"href":"https:\/\/pizbube.ch\/en\/wp-json\/wp\/v2\/media\/179500"}],"wp:attachment":[{"href":"https:\/\/pizbube.ch\/en\/wp-json\/wp\/v2\/media?parent=179499"}],"wp:term":[{"taxonomy":"product_brand","embeddable":true,"href":"https:\/\/pizbube.ch\/en\/wp-json\/wp\/v2\/product_brand?post=179499"},{"taxonomy":"product_cat","embeddable":true,"href":"https:\/\/pizbube.ch\/en\/wp-json\/wp\/v2\/product_cat?post=179499"},{"taxonomy":"product_tag","embeddable":true,"href":"https:\/\/pizbube.ch\/en\/wp-json\/wp\/v2\/product_tag?post=179499"}],"curies":[{"name":"wp","href":"https:\/\/api.w.org\/{rel}","templated":true}]}}