{"id":179509,"date":"2025-04-29T16:00:24","date_gmt":"2025-04-29T14:00:24","guid":{"rendered":"https:\/\/pizbube.ch\/?post_type=product&#038;p=179509"},"modified":"2025-07-21T15:13:19","modified_gmt":"2025-07-21T13:13:19","slug":"hochtouren-topofuehrer-walliser-alpen-kopie","status":"publish","type":"product","link":"https:\/\/pizbube.ch\/en\/shop\/hochtouren-topofuehrer-walliser-alpen-kopie\/","title":{"rendered":"Hochtouren Topof\u00fchrer Walliser Alpen"},"content":{"rendered":"<p>99 Touren in Fels und Eis zwischen Mont Dolont und Fletschhorn<\/p>\n<p>Ein umfassender Auswahlf\u00fchrer mit klassischen Hochtouren im mittleren Schwierigkeitsbereich s\u00fcdlich der Rhone vom Mont Dolent bis zum Simplonpass.<\/p>\n<p>Alle Touren werden mit vielen Bildern, Topos und Ausschnitten der swisstopo Karten beschrieben.<br \/>\nDas neue Standardwerk f\u00fcr zeitgem\u00e4sse F\u00fchrerliteratur \u00fcber Hochtouren!<\/p>\n<p>99 Touren in Fels und Eis zwischen Mont Dolent und Fletschhorn. Mit Topos und Landeskartenausschnitten der swisstopo, H\u00fcttenliste und Infos zu Ausgangspunkten.<br \/>\nZus\u00e4tzlich 180 Alternativrouten und Varianten.<\/p>\n<p>Viel hat sich seit der 5. Auflage von 2021 ver\u00e4ndert. Besonders pr\u00e4gnant f\u00fcr die Ver\u00e4nderungen sind der markante Gletscherr\u00fcckgang. Trotz allem ist es weiterhin lohnend in den Walliser Alpen Hochtouren zu unternehmen und wunderbare Touren zu erleben!<br \/>\nDie 6. Auflage wurde komplett \u00fcberarbeitet und mit weiteren Touren erg\u00e4nzt.<br \/>\nDie Karten mit den eingezeichneten Routen und Topos wurden auf den neusten Stand gebracht.<\/p>\n<p>6., \u00fcberarbeitete Ausgabe Sommer 2025, d, 448 Seiten, 13 x 18<br \/>\ncm, 4-farbig<\/p>\n<p>&nbsp;<\/p>\n<p>A new topoguidebook for alpine climbs in the Valais Alps (Aig. du Chardonnet<br \/>\nto Fletschhorn), 99 routes!<br \/>\nIntroduction, infos and explanation in english. 448 pages.<br \/>\n6th revised edition 2025<\/p>\n<p>&nbsp;<\/p>\n<p>Nouveau topo- guide des Alpes Valaisannes: Introduction et infos en fran\u00e7ais,<br \/>\n99 voies sont d\u00e9crites. 448 pages.<br \/>\n6\u00e8me nouvelle \u00e9dit. 2025<\/p>","protected":false},"excerpt":{"rendered":"<p><strong><a href=\"https:\/\/pizbube.ch\/wp-content\/uploads\/2025\/04\/Topofuehrer_Walliser_Alpen_Leseprobe.pdf\" target=\"_blank\" rel=\"noopener\">Inhalt_Topof\u00fchrer_Walliser_Alpen_Leseprobe<\/a><\/strong><\/p>","protected":false},"featured_media":179510,"template":"","meta":[],"product_brand":[],"product_cat":[21544],"product_tag":[],"class_list":{"0":"post-179509","1":"product","2":"type-product","3":"status-publish","4":"has-post-thumbnail","6":"product_cat-fuehrerliteratur-alpin-sommer","7":"pa_autor-silbernagel-wullschleger","8":"pa_erscheinungsjahr-27415","9":"pa_region-schweiz","10":"pa_sprache-de-fr-en","12":"first","13":"instock","14":"taxable","15":"shipping-taxable","16":"purchasable","17":"product-type-simple"},"_links":{"self":[{"href":"https:\/\/pizbube.ch\/en\/wp-json\/wp\/v2\/product\/179509","targetHints":{"allow":["GET"]}}],"collection":[{"href":"https:\/\/pizbube.ch\/en\/wp-json\/wp\/v2\/product"}],"about":[{"href":"https:\/\/pizbube.ch\/en\/wp-json\/wp\/v2\/types\/product"}],"wp:featuredmedia":[{"embeddable":true,"href":"https:\/\/pizbube.ch\/en\/wp-json\/wp\/v2\/media\/179510"}],"wp:attachment":[{"href":"https:\/\/pizbube.ch\/en\/wp-json\/wp\/v2\/media?parent=179509"}],"wp:term":[{"taxonomy":"product_brand","embeddable":true,"href":"https:\/\/pizbube.ch\/en\/wp-json\/wp\/v2\/product_brand?post=179509"},{"taxonomy":"product_cat","embeddable":true,"href":"https:\/\/pizbube.ch\/en\/wp-json\/wp\/v2\/product_cat?post=179509"},{"taxonomy":"product_tag","embeddable":true,"href":"https:\/\/pizbube.ch\/en\/wp-json\/wp\/v2\/product_tag?post=179509"}],"curies":[{"name":"wp","href":"https:\/\/api.w.org\/{rel}","templated":true}]}}