{"id":179527,"date":"2025-04-30T14:43:21","date_gmt":"2025-04-30T12:43:21","guid":{"rendered":"https:\/\/pizbube.ch\/?post_type=product&#038;p=179527"},"modified":"2025-04-30T15:34:38","modified_gmt":"2025-04-30T13:34:38","slug":"gottardo-boulder-schoellenen-goeschenen","status":"publish","type":"product","link":"https:\/\/pizbube.ch\/en\/shop\/gottardo-boulder-schoellenen-goeschenen\/","title":{"rendered":"Gottardo Boulder + Sch\u00f6llenen + G\u00f6schenen"},"content":{"rendered":"<p>Der neueste Boulderf\u00fchrer Gotthardpass + G\u00f6schenen + Sch\u00f6llenen<\/p>\n<p>Die Boulderm\u00f6glichkeiten am San Gotthard wurden erst vor wenigen Jahren entdeckt.<br \/>\nHier liegt nun ein neu \u00fcberarbeiteter F\u00fchrer vor, von dem wir hoffen, dass er angenehme Klettertage bereiten wird.<br \/>\nHeute z\u00e4hlt das Gebiet mehr als 1200 Boulderprobleme und umfasst 29 verschiedene Sektoren.<\/p>\n<p>192 Seiten;<br \/>\n3. Auflage 2025<\/p>\n<p>&nbsp;<\/p>\n<p>Over recent years The Gotthard Pass has gradually become a favoured rather than an optional summer bouldering area. Its location (boulders at 2000 meters above sea level) makes it particularly pleasant during the hot summer days. The presence of lichens (which never prejudices or disturbs the ascents) gives it the fascination of the more northern lands, completely different from the known areas in Ticino.<\/p>\n<p>Because of this development we have now updated the Guide Book for this interesting and very special place for bouldering, and we hope that it will offer you enjoyable climbing days. Today there are 29 sectors and up to 1200 problems!<\/p>\n<p>3rd edition 2025<br \/>\n192 pages<\/p>\n<p>&nbsp;<\/p>\n<p>Negli ultimi anni il Passo del San Gottardo \u00e8 gradualmente diventato un punto di riferimento per l&#8217;attivit\u00e0 del bouldering durante l&#8217;estate. La sua posizione (massi a 2000 metri sul livello del mare), la rende particolarmente gradevole durante le calde giornate estive. La presenza di licheni (che non pregiudica o disturba le salite) d\u00e0 il fascino delle terre pi\u00f9 settentrionali, completamente diverse dalle zone conosciute in Ticino. La sua estensione in termini di bellezza e numero dei passaggi la fa entrare a tutti i diritti nella triade delle Alpi svizzere, insieme a Magic Wood e il Susten. A causa di questo sviluppo la guida \u00e8 stata aggiornata per questo posto interessante e molto speciale per il bouldering, e speriamo che vi offrir\u00e0 piacevoli giorni di arrampicata. Oggi si contano 29 settori e pi\u00f9 di 1200 passaggi!<\/p>\n<p>3a edizione 2025<br \/>\n192 pagine<\/p>","protected":false},"excerpt":{"rendered":"<p>Der neueste Boulderf\u00fchrer Gotthardpass + G\u00f6schenen + Sch\u00f6llenen Die Boulderm\u00f6glichkeiten am San Gotthard wurden erst vor wenigen Jahren entdeckt. Hier liegt nun ein neu \u00fcberarbeiteter F\u00fchrer vor, von dem wir hoffen, dass er angenehme Klettertage bereiten wird. Heute z\u00e4hlt das Gebiet mehr als 1200 Boulderprobleme und umfasst 29 verschiedene Sektoren. 192 Seiten; 3. Auflage 2025 [&#8230;]\n","protected":false},"featured_media":179531,"template":"","meta":[],"product_brand":[],"product_cat":[21539],"product_tag":[],"class_list":{"0":"post-179527","1":"product","2":"type-product","3":"status-publish","4":"has-post-thumbnail","6":"product_cat-fuehrerliteratur-sportklettern-bouldern","7":"pa_autor-cameroni-grizzi-lodi","8":"pa_erscheinungsjahr-27415","9":"pa_region-schweiz","10":"pa_sprache-de-it-en","12":"first","13":"instock","14":"taxable","15":"shipping-taxable","16":"purchasable","17":"product-type-simple"},"_links":{"self":[{"href":"https:\/\/pizbube.ch\/en\/wp-json\/wp\/v2\/product\/179527","targetHints":{"allow":["GET"]}}],"collection":[{"href":"https:\/\/pizbube.ch\/en\/wp-json\/wp\/v2\/product"}],"about":[{"href":"https:\/\/pizbube.ch\/en\/wp-json\/wp\/v2\/types\/product"}],"wp:featuredmedia":[{"embeddable":true,"href":"https:\/\/pizbube.ch\/en\/wp-json\/wp\/v2\/media\/179531"}],"wp:attachment":[{"href":"https:\/\/pizbube.ch\/en\/wp-json\/wp\/v2\/media?parent=179527"}],"wp:term":[{"taxonomy":"product_brand","embeddable":true,"href":"https:\/\/pizbube.ch\/en\/wp-json\/wp\/v2\/product_brand?post=179527"},{"taxonomy":"product_cat","embeddable":true,"href":"https:\/\/pizbube.ch\/en\/wp-json\/wp\/v2\/product_cat?post=179527"},{"taxonomy":"product_tag","embeddable":true,"href":"https:\/\/pizbube.ch\/en\/wp-json\/wp\/v2\/product_tag?post=179527"}],"curies":[{"name":"wp","href":"https:\/\/api.w.org\/{rel}","templated":true}]}}