{"id":179551,"date":"2025-05-02T18:06:21","date_gmt":"2025-05-02T16:06:21","guid":{"rendered":"https:\/\/pizbube.ch\/?post_type=product&#038;p=179551"},"modified":"2025-05-03T10:11:01","modified_gmt":"2025-05-03T08:11:01","slug":"monte-bianco-val-veny-e-val-ferret","status":"publish","type":"product","link":"https:\/\/pizbube.ch\/en\/shop\/monte-bianco-val-veny-e-val-ferret\/","title":{"rendered":"Monte Bianco &#8211; Val Veny e Val Ferret"},"content":{"rendered":"<div class=\"woocommerce-product-details__short-description\">\n<p>Il Monte Bianco, con i suoi 4807 m, \u00e8 la montagna pi\u00f9 alta delle Alpi. In parallelo, questo volume rappresenta il culmine pi\u00f9 importante della collana Vie Normali Valle d\u2019Aosta.<br \/>\nLa grandiosit\u00e0 delle sue cime, l\u2019estensione dei suoi ghiacciai e la profondit\u00e0 delle sue valli fanno del Monte Bianco la vera mecca dell\u2019alpinismo. La sua conquista, infatti, avvenuta nel 1786, segna l\u2019inizio di un\u2019attivit\u00e0, quella dell\u2019esplorazione delle terre alte, fino ad allora per nulla sviluppata.<\/p>\n<p>Una montagna importante per tutto il movimento degli amanti dell\u2019alpinismo e dell\u2019escursionismo. Vera terra di conquista, raccontata in pagine e pagine di libri di avventura alpinistica alle quali si aggiungono quelle di questo volume che conduce verso tutte le vette del gruppo.<\/p>\n<p>Il progetto \u201dVie Normali Valle d\u2019Aosta\u201d prevede di salire tutte le oltre 1200 vie normali alle cime di questa regione, senza limiti di quote e di gerarchie, e di realizzare una collana di 8 volumi, dove troveranno posto le relazioni tecniche, fotografie e tracciati che descriveranno in maniera dettagliata e precisa le salite effettuate. Una collana di 8 guide escursionistiche-alpinistiche, aggiornate e tutte provate \u201csul campo\u201d dagli autori.<\/p>\n<p>prima ediz. 2024<br \/>\n384 pagine<\/p>\n<\/div>","protected":false},"excerpt":{"rendered":"<p>Il Monte Bianco, con i suoi 4807 m, \u00e8 la montagna pi\u00f9 alta delle Alpi. In parallelo, questo volume rappresenta il culmine pi\u00f9 importante della collana Vie Normali Valle d\u2019Aosta. La grandiosit\u00e0 delle sue cime, l\u2019estensione dei suoi ghiacciai e la profondit\u00e0 delle sue valli fanno del Monte Bianco la vera mecca dell\u2019alpinismo. La sua [&#8230;]\n","protected":false},"featured_media":179552,"template":"","meta":[],"product_brand":[],"product_cat":[21544],"product_tag":[],"class_list":{"0":"post-179551","1":"product","2":"type-product","3":"status-publish","4":"has-post-thumbnail","6":"product_cat-fuehrerliteratur-alpin-sommer","7":"pa_autor-greci-rossetti","8":"pa_erscheinungsjahr-27339","9":"pa_region-frankreich","10":"pa_region-italien","11":"pa_sprache-it","13":"first","14":"instock","15":"taxable","16":"shipping-taxable","17":"purchasable","18":"product-type-simple"},"_links":{"self":[{"href":"https:\/\/pizbube.ch\/en\/wp-json\/wp\/v2\/product\/179551","targetHints":{"allow":["GET"]}}],"collection":[{"href":"https:\/\/pizbube.ch\/en\/wp-json\/wp\/v2\/product"}],"about":[{"href":"https:\/\/pizbube.ch\/en\/wp-json\/wp\/v2\/types\/product"}],"wp:featuredmedia":[{"embeddable":true,"href":"https:\/\/pizbube.ch\/en\/wp-json\/wp\/v2\/media\/179552"}],"wp:attachment":[{"href":"https:\/\/pizbube.ch\/en\/wp-json\/wp\/v2\/media?parent=179551"}],"wp:term":[{"taxonomy":"product_brand","embeddable":true,"href":"https:\/\/pizbube.ch\/en\/wp-json\/wp\/v2\/product_brand?post=179551"},{"taxonomy":"product_cat","embeddable":true,"href":"https:\/\/pizbube.ch\/en\/wp-json\/wp\/v2\/product_cat?post=179551"},{"taxonomy":"product_tag","embeddable":true,"href":"https:\/\/pizbube.ch\/en\/wp-json\/wp\/v2\/product_tag?post=179551"}],"curies":[{"name":"wp","href":"https:\/\/api.w.org\/{rel}","templated":true}]}}