{"id":179553,"date":"2025-05-02T18:08:07","date_gmt":"2025-05-02T16:08:07","guid":{"rendered":"https:\/\/pizbube.ch\/?post_type=product&#038;p=179553"},"modified":"2025-10-16T12:07:08","modified_gmt":"2025-10-16T10:07:08","slug":"arco-plaisir-2","status":"publish","type":"product","link":"https:\/\/pizbube.ch\/en\/shop\/arco-plaisir-2\/","title":{"rendered":"ARCO PLAISIR"},"content":{"rendered":"<p>In weniger als drei Jahren hat der Kletterf\u00fchrer seine vierte Auflage erreicht, die immer umfangreicher und genauer geworden ist. Es wurden zahlreiche Routen hinzugef\u00fcgt, nicht weniger als 53, sowie Korrekturen und neue Bilder.<br \/>\nDer Autor hat zahlreichen neuen Sektoren Platz einger\u00e4umt, ein Zeichen daf\u00fcr, dass Arco und das Valle del Sarca eine wahres Paradies ist, in dem das Klettern sowohl Spa\u00df macht als auch sicher ist.<\/p>\n<p>136 Plaisir &#8211; Routen im Sarcatal sind beschrieben; die in diesem F\u00fchrer beschriebenen Routen rund um Arco sind in einer nicht all zu grossen Schwierigkeit gehalten und sind durchwegs gut abgesichert. Der F\u00fchrer ist mit \u00dcbersichtsbildern, Skizzen und Topos selbsterkl\u00e4rend gestaltet. GPS Daten geben zus\u00e4tzliche Infos \u00fcber Einstiege und Parkm\u00f6glichkeiten.<\/p>\n<p>\u2022 Monte Castello di Gaino<br \/>\n\u2022 Corno di B\u00f2<br \/>\n\u2022 Monte Baone<br \/>\n\u2022 Placche di Baone<br \/>\n\u2022 Parete di Padaro<br \/>\n\u2022 Colodri<br \/>\n\u2022 Parete di San Paolo<br \/>\n\u2022 Coste dell&#8217;Anglone<br \/>\n\u2022 Placche di Dro<br \/>\n\u2022 Piramide Lakshmi<br \/>\n\u2022 Parete zebrata<br \/>\n\u2022 Piccolo Dain<br \/>\n\u2022 Santa Massenza, due laghi<\/p>\n<p>&nbsp;<\/p>\n<p>In meno di tre anni la guida \u00e8 arrivata alla quarta edizione, sempre pi\u00f9 ricca e precisa. Numerose sono infatti le vie aggiunte, ben 53, oltre che a correzioni e immagini rinnovate.<br \/>\nL\u2019autore ha dato spazio anche a numerosi settori nuovi, segno che Arco e la Valle del Sarca sono un vero paradiso di arrampicate di piacevole e sicuro interesse.<\/p>\n<p>4. Auflage 2025<\/p>","protected":false},"excerpt":{"rendered":"<p>In weniger als drei Jahren hat der Kletterf\u00fchrer seine vierte Auflage erreicht, die immer umfangreicher und genauer geworden ist. Es wurden zahlreiche Routen hinzugef\u00fcgt, nicht weniger als 53, sowie Korrekturen und neue Bilder. Der Autor hat zahlreichen neuen Sektoren Platz einger\u00e4umt, ein Zeichen daf\u00fcr, dass Arco und das Valle del Sarca eine wahres Paradies ist, [&#8230;]\n","protected":false},"featured_media":179554,"template":"","meta":[],"product_brand":[],"product_cat":[21539],"product_tag":[],"class_list":{"0":"post-179553","1":"product","2":"type-product","3":"status-publish","4":"has-post-thumbnail","6":"product_cat-fuehrerliteratur-sportklettern-bouldern","7":"pa_autor-kluckner","8":"pa_erscheinungsjahr-27415","9":"pa_region-italien","10":"pa_sprache-de-it","12":"first","13":"instock","14":"taxable","15":"shipping-taxable","16":"purchasable","17":"product-type-simple"},"_links":{"self":[{"href":"https:\/\/pizbube.ch\/en\/wp-json\/wp\/v2\/product\/179553","targetHints":{"allow":["GET"]}}],"collection":[{"href":"https:\/\/pizbube.ch\/en\/wp-json\/wp\/v2\/product"}],"about":[{"href":"https:\/\/pizbube.ch\/en\/wp-json\/wp\/v2\/types\/product"}],"wp:featuredmedia":[{"embeddable":true,"href":"https:\/\/pizbube.ch\/en\/wp-json\/wp\/v2\/media\/179554"}],"wp:attachment":[{"href":"https:\/\/pizbube.ch\/en\/wp-json\/wp\/v2\/media?parent=179553"}],"wp:term":[{"taxonomy":"product_brand","embeddable":true,"href":"https:\/\/pizbube.ch\/en\/wp-json\/wp\/v2\/product_brand?post=179553"},{"taxonomy":"product_cat","embeddable":true,"href":"https:\/\/pizbube.ch\/en\/wp-json\/wp\/v2\/product_cat?post=179553"},{"taxonomy":"product_tag","embeddable":true,"href":"https:\/\/pizbube.ch\/en\/wp-json\/wp\/v2\/product_tag?post=179553"}],"curies":[{"name":"wp","href":"https:\/\/api.w.org\/{rel}","templated":true}]}}