{"id":179556,"date":"2025-05-03T09:34:29","date_gmt":"2025-05-03T07:34:29","guid":{"rendered":"https:\/\/pizbube.ch\/?post_type=product&#038;p=179556"},"modified":"2025-10-30T15:00:19","modified_gmt":"2025-10-30T14:00:19","slug":"wandern-wo-andere-forschen-davos-und-umgebung","status":"publish","type":"product","link":"https:\/\/pizbube.ch\/en\/shop\/wandern-wo-andere-forschen-davos-und-umgebung\/","title":{"rendered":"Wandern, wo andere forschen &#8211; Davos und Umgebung"},"content":{"rendered":"<p>Was ist eigentlich eine Lawine, und wie bewahrt man Menschen und Infrastruktur davor? Wie ver\u00e4ndert sich die Biodiversit\u00e4t auf Berggipfeln in Zeiten des Klimawandels? Welche B\u00e4ume sind ideal f\u00fcr einen Schutzwald? Und was macht der Permafrost, wenn es w\u00e4rmer wird?<\/p>\n<p>Diesen und vielen anderen Fragen gehen die Forschenden am WSL-Institut f\u00fcr Schnee- und Lawinenforschung SLF in Davos nach. Auf acht teils hochalpinen Wanderungen rund um die h\u00f6chstgelegene Stadt der Alpen erkunden Interessierte die Sch\u00f6nheit der Bergwelt, erhalten tiefe Einblicke in die Arbeit des SLF und kommen an vielen Orten vorbei, an denen aktuell geforscht wird. Eine App erg\u00e4nzt den Wanderf\u00fchrer mit umfangreichen Zusatzinformationen, Video- und Audiodateien.<\/p>\n<ul>\n<li>Spannende Einblicke in die naturwissenschaftliche Arbeit.<\/li>\n<li>Wanderungen rund um Davos, die Lebensr\u00e4ume, Naturgefahren und Klimawandel vor Augen f\u00fchren.<\/li>\n<\/ul>\n<p>1. Auflage 2025<br \/>\n322 Seiten, durchgehend farbig illustriert<br \/>\nSoftcover mit Klappen, 15,5 x 22,5 cm<\/p>","protected":false},"excerpt":{"rendered":"<p>Was ist eigentlich eine Lawine, und wie bewahrt man Menschen und Infrastruktur davor? Wie ver\u00e4ndert sich die Biodiversit\u00e4t auf Berggipfeln in Zeiten des Klimawandels? Welche B\u00e4ume sind ideal f\u00fcr einen Schutzwald? Und was macht der Permafrost, wenn es w\u00e4rmer wird? Diesen und vielen anderen Fragen gehen die Forschenden am WSL-Institut f\u00fcr Schnee- und Lawinenforschung SLF [&#8230;]\n","protected":false},"featured_media":179557,"template":"","meta":[],"product_brand":[],"product_cat":[21542,21605],"product_tag":[],"class_list":{"0":"post-179556","1":"product","2":"type-product","3":"status-publish","4":"has-post-thumbnail","6":"product_cat-sachbuecher-dokumentationen","7":"product_cat-wanderfuehrer-trekking","8":"pa_autor-huovinen-christine-bettzieche-keber-jochen-bebi-peter-krumm-frank-gurzeler-sandra-ottmer-birgit","9":"pa_erscheinungsjahr-27415","10":"pa_region-schweiz","11":"pa_sprache-de","13":"first","14":"instock","15":"taxable","16":"shipping-taxable","17":"purchasable","18":"product-type-simple"},"_links":{"self":[{"href":"https:\/\/pizbube.ch\/en\/wp-json\/wp\/v2\/product\/179556","targetHints":{"allow":["GET"]}}],"collection":[{"href":"https:\/\/pizbube.ch\/en\/wp-json\/wp\/v2\/product"}],"about":[{"href":"https:\/\/pizbube.ch\/en\/wp-json\/wp\/v2\/types\/product"}],"wp:featuredmedia":[{"embeddable":true,"href":"https:\/\/pizbube.ch\/en\/wp-json\/wp\/v2\/media\/179557"}],"wp:attachment":[{"href":"https:\/\/pizbube.ch\/en\/wp-json\/wp\/v2\/media?parent=179556"}],"wp:term":[{"taxonomy":"product_brand","embeddable":true,"href":"https:\/\/pizbube.ch\/en\/wp-json\/wp\/v2\/product_brand?post=179556"},{"taxonomy":"product_cat","embeddable":true,"href":"https:\/\/pizbube.ch\/en\/wp-json\/wp\/v2\/product_cat?post=179556"},{"taxonomy":"product_tag","embeddable":true,"href":"https:\/\/pizbube.ch\/en\/wp-json\/wp\/v2\/product_tag?post=179556"}],"curies":[{"name":"wp","href":"https:\/\/api.w.org\/{rel}","templated":true}]}}