{"id":179561,"date":"2025-05-03T09:45:16","date_gmt":"2025-05-03T07:45:16","guid":{"rendered":"https:\/\/pizbube.ch\/?post_type=product&#038;p=179561"},"modified":"2025-10-10T09:20:10","modified_gmt":"2025-10-10T07:20:10","slug":"geologische-spurensuche-30-erdwissenschaftliche-ausfluege-und-touren-im-kanton-bern","status":"publish","type":"product","link":"https:\/\/pizbube.ch\/en\/shop\/geologische-spurensuche-30-erdwissenschaftliche-ausfluege-und-touren-im-kanton-bern\/","title":{"rendered":"Geologische Spurensuche &#8211; 30 erdwissenschaftliche Ausfl\u00fcge und Touren im Kanton Bern"},"content":{"rendered":"<p>Der Kanton Bern zeichnet sich durch einen geologischen Querschnitt durch Jura, Mittelland und Voralpen bis in die Alpen aus. Diese Landschaften weisen sehr unterschiedliche geologische Ph\u00e4nomene auf.<\/p>\n<p>25 Geologinnen und Geologen pr\u00e4sentieren hier eine Auswahl, die Sie zu Fuss oder per Fahrrad erkunden k\u00f6nnen. In verst\u00e4ndlichen Texten und anhand zahlreichen Fotos und Grafiken stellen sie Mineralfundorte, verfaltete Felsw\u00e4nde, von Gletschern transportierte Bl\u00f6cke, Nagelfluh und Sandsteine, nutzbare Lagerst\u00e4tten, H\u00f6hlen, Bergst\u00fcrze und mehr vor.<\/p>\n<ul>\n<li>Gelogische Spurensuche vom Jura bis zu den Berner Alpen auf unkomplizierten Ausfl\u00fcgen und anspruchsvollen Touren.<\/li>\n<li>Geologische Lieblingspl\u00e4tze im Kanton Bern \u2013 ausgew\u00e4hlt und beschrieben von erfahrenen Erdwissenschaftler:innen<\/li>\n<\/ul>\n<p>1. Auflage 2025<br \/>\n308 Seiten, rund 220 Fotos, 85 Grafiken und 50 Karten<br \/>\nSoftcover (Flexobroschur), 15,5 x 22,5 cm<\/p>","protected":false},"excerpt":{"rendered":"<p>Der Kanton Bern zeichnet sich durch einen geologischen Querschnitt durch Jura, Mittelland und Voralpen bis in die Alpen aus. Diese Landschaften weisen sehr unterschiedliche geologische Ph\u00e4nomene auf. 25 Geologinnen und Geologen pr\u00e4sentieren hier eine Auswahl, die Sie zu Fuss oder per Fahrrad erkunden k\u00f6nnen. In verst\u00e4ndlichen Texten und anhand zahlreichen Fotos und Grafiken stellen sie [&#8230;]\n","protected":false},"featured_media":179562,"template":"","meta":[],"product_brand":[],"product_cat":[21538,21542],"product_tag":[],"class_list":{"0":"post-179561","1":"product","2":"type-product","3":"status-publish","4":"has-post-thumbnail","6":"product_cat-lehrbuecher","7":"product_cat-sachbuecher-dokumentationen","8":"pa_autor-burri-abrecht","9":"pa_erscheinungsjahr-27415","10":"pa_region-fauna-flora-geologie-glaziologie","11":"pa_region-schweiz","12":"pa_sprache-de","14":"first","15":"instock","16":"taxable","17":"shipping-taxable","18":"purchasable","19":"product-type-simple"},"_links":{"self":[{"href":"https:\/\/pizbube.ch\/en\/wp-json\/wp\/v2\/product\/179561","targetHints":{"allow":["GET"]}}],"collection":[{"href":"https:\/\/pizbube.ch\/en\/wp-json\/wp\/v2\/product"}],"about":[{"href":"https:\/\/pizbube.ch\/en\/wp-json\/wp\/v2\/types\/product"}],"wp:featuredmedia":[{"embeddable":true,"href":"https:\/\/pizbube.ch\/en\/wp-json\/wp\/v2\/media\/179562"}],"wp:attachment":[{"href":"https:\/\/pizbube.ch\/en\/wp-json\/wp\/v2\/media?parent=179561"}],"wp:term":[{"taxonomy":"product_brand","embeddable":true,"href":"https:\/\/pizbube.ch\/en\/wp-json\/wp\/v2\/product_brand?post=179561"},{"taxonomy":"product_cat","embeddable":true,"href":"https:\/\/pizbube.ch\/en\/wp-json\/wp\/v2\/product_cat?post=179561"},{"taxonomy":"product_tag","embeddable":true,"href":"https:\/\/pizbube.ch\/en\/wp-json\/wp\/v2\/product_tag?post=179561"}],"curies":[{"name":"wp","href":"https:\/\/api.w.org\/{rel}","templated":true}]}}