{"id":179617,"date":"2025-05-08T17:50:31","date_gmt":"2025-05-08T15:50:31","guid":{"rendered":"https:\/\/pizbube.ch\/?post_type=product&#038;p=179617"},"modified":"2025-07-02T15:11:11","modified_gmt":"2025-07-02T13:11:11","slug":"klettersteige-schweiz","status":"publish","type":"product","link":"https:\/\/pizbube.ch\/en\/shop\/klettersteige-schweiz\/","title":{"rendered":"Klettersteige Schweiz &#8211; 81 Touren &#8211; die sch\u00f6nsten Klettersteige der Schweiz und viele gesicherte Wege"},"content":{"rendered":"<p>Umfassend \u00fcberarbeitete und erweiterte neue Auflage \u2013 mit zahlreichen neuen Klettersteigen und gesicherten Wegen<br \/>\nKlettersteige f\u00fcr jedes Niveau \u2013 vom Anf\u00e4nger bis zum Klettersteig-Enthusiasten<br \/>\nFast alle Touren mit \u00d6ffis erreichbar<br \/>\nPr\u00e4zise Routenbeschreibungen mit allen wichtigen Infos<br \/>\nGepr\u00fcfte GPS-Tracks zum Download<\/p>\n<p>Die Schweiz ist ein wahres Paradies f\u00fcr Klettersteig-Fans. Dieser Rother Klettersteigf\u00fchrer pr\u00e4sentiert alle Klettersteige der Schweiz sowie die sch\u00f6nsten gesicherten Wege \u2013 von bekannten Klassikern bis hin zu versteckten Juwelen. Mit einer perfekten Mischung aus Kletterspa\u00df, Wandererlebnissen und atemberaubenden Panoramen garantiert dieser Guide echte Via Ferrata-Erlebnisse f\u00fcr jedes Niveau.<\/p>\n<p>Ob Anf\u00e4nger oder erfahrene Kletterer \u2013 die Auswahl reicht von kurzen, leichten Klettersteigen bis hin zu anspruchsvolleren Routen. F\u00fcr Einsteiger eignen sich Touren wie die Gornerschlucht bei Zermatt oder die Gorge Alpine in Saas Fee, die mit ihrem abenteuerlichen Charakter begeistern. Wer die Herausforderung sucht, wird auf dem F\u00fcrenwand-Klettersteig oder der Via Ferrata San Salvatore f\u00fcndig. Besonders hochalpine Steige wie der Jegisteig oder der Salbit-Kettenweg bieten nicht nur sportliche Herausforderungen, sondern auch spektakul\u00e4re Ausblicke.<\/p>\n<p>Viele Klettersteige in der Schweiz sind nicht ganz so gesichert wie in anderen Regionen, was den direkten Kontakt mit dem Fels und ein authentisches Klettererlebnis garantiert. Diese Touren bieten damit mehr als nur Kletterspa\u00df \u2013 sie vereinen Naturgenuss und Abenteuer wie kaum ein anderer Bergsport.<\/p>\n<p>Alle 81 Klettersteige sind pr\u00e4zise beschrieben und mit GPS-Tracks, detaillierten Tourenkarten und Schwierigkeitsbewertungen versehen. Die \u00fcbersichtlichen Tourensteckbriefe liefern alle wichtigen Infos zu Anforderungen, H\u00f6henunterschieden, Gehzeiten und St\u00fctzpunkten f\u00fcr die genaue Planung.<\/p>\n<p>Die perfekte Mischung aus Klettergenuss und Abenteuer \u2013 dieser Klettersteigf\u00fchrer l\u00e4sst keine W\u00fcnsche offen. Egal ob man das erste Mal einen Klettersteig angehen will oder als erfahrener Bergsteiger neue Herausforderungen sucht: Der Rother Klettersteigf\u00fchrer Schweiz ist der ideale Begleiter in den Schweizer Alpen!<\/p>\n<p>248 Seiten,<br \/>\n5., aktualisierte und erweiterte Auflage 2025<\/p>","protected":false},"excerpt":{"rendered":"<p>Umfassend \u00fcberarbeitete und erweiterte neue Auflage \u2013 mit zahlreichen neuen Klettersteigen und gesicherten Wegen Klettersteige f\u00fcr jedes Niveau \u2013 vom Anf\u00e4nger bis zum Klettersteig-Enthusiasten Fast alle Touren mit \u00d6ffis erreichbar Pr\u00e4zise Routenbeschreibungen mit allen wichtigen Infos Gepr\u00fcfte GPS-Tracks zum Download Die Schweiz ist ein wahres Paradies f\u00fcr Klettersteig-Fans. Dieser Rother Klettersteigf\u00fchrer pr\u00e4sentiert alle Klettersteige der [&#8230;]\n","protected":false},"featured_media":179618,"template":"","meta":[],"product_brand":[],"product_cat":[21544],"product_tag":[],"class_list":{"0":"post-179617","1":"product","2":"type-product","3":"status-publish","4":"has-post-thumbnail","6":"product_cat-fuehrerliteratur-alpin-sommer","7":"pa_autor-kuerschner","8":"pa_erscheinungsjahr-27415","9":"pa_region-schweiz","10":"pa_sprache-de","12":"first","13":"instock","14":"taxable","15":"shipping-taxable","16":"purchasable","17":"product-type-simple"},"_links":{"self":[{"href":"https:\/\/pizbube.ch\/en\/wp-json\/wp\/v2\/product\/179617","targetHints":{"allow":["GET"]}}],"collection":[{"href":"https:\/\/pizbube.ch\/en\/wp-json\/wp\/v2\/product"}],"about":[{"href":"https:\/\/pizbube.ch\/en\/wp-json\/wp\/v2\/types\/product"}],"wp:featuredmedia":[{"embeddable":true,"href":"https:\/\/pizbube.ch\/en\/wp-json\/wp\/v2\/media\/179618"}],"wp:attachment":[{"href":"https:\/\/pizbube.ch\/en\/wp-json\/wp\/v2\/media?parent=179617"}],"wp:term":[{"taxonomy":"product_brand","embeddable":true,"href":"https:\/\/pizbube.ch\/en\/wp-json\/wp\/v2\/product_brand?post=179617"},{"taxonomy":"product_cat","embeddable":true,"href":"https:\/\/pizbube.ch\/en\/wp-json\/wp\/v2\/product_cat?post=179617"},{"taxonomy":"product_tag","embeddable":true,"href":"https:\/\/pizbube.ch\/en\/wp-json\/wp\/v2\/product_tag?post=179617"}],"curies":[{"name":"wp","href":"https:\/\/api.w.org\/{rel}","templated":true}]}}