{"id":179624,"date":"2025-05-09T11:48:28","date_gmt":"2025-05-09T09:48:28","guid":{"rendered":"https:\/\/pizbube.ch\/?post_type=product&#038;p=179624"},"modified":"2025-05-09T12:28:03","modified_gmt":"2025-05-09T10:28:03","slug":"tessin-55-touren-zwischen-gotthard-und-luganer-see","status":"publish","type":"product","link":"https:\/\/pizbube.ch\/en\/shop\/tessin-55-touren-zwischen-gotthard-und-luganer-see\/","title":{"rendered":"Tessin &#8211; 55 Touren Zwischen Gotthard und Luganer See"},"content":{"rendered":"<p>Erweiterte und aktualisierte neue Auflage<br \/>\n55 sorgf\u00e4ltig ausgew\u00e4hlte Wanderungen im Tessin \u2013 von Alpenregionen bis zu mediterranen Seen<br \/>\nFast alle Touren mit \u00d6ffis erreichbar<br \/>\nZuverl\u00e4ssige Wegbeschreibungen, H\u00f6henprofile und Karten f\u00fcr eine sichere Planung<br \/>\nGepr\u00fcfte GPS-Tracks zum Download f\u00fcr eine einfache Navigation<\/p>\n<p>Tessin zum Wandern: Der perfekte Begleiter f\u00fcr sonnige Pfade, italienische Lebensart und spektakul\u00e4re Bergtouren<\/p>\n<p>Von den hohen Alpen bis zu den mediterranen Seen: Das Tessin ist eine der gro\u00dfartigsten Landschaften der Schweizer Alpen. Die Region zwischen Gotthard, Lago Maggiore und Luganer See ist ein Wanderparadies, das eine fantastische Bergwelt und italienische Lebensart miteinander verbindet. Der Rother Wanderf\u00fchrer \u00bbTessin\u00ab l\u00e4sst mit 55 ausgew\u00e4hlten Touren dazu ein, die s\u00fcdliche Schweiz zu entdecken \u2013 von genussvoll bis spektakul\u00e4r ist f\u00fcr jeden Geschmack die passende Wanderung dabei.<\/p>\n<p>Ausgedehnte Spazierg\u00e4nge f\u00fchren entlang der sonnigen Tessiner Seeufer und rund um die charmanten, italienisch gepr\u00e4gten St\u00e4dtchen Lugano, Bellinzona und Locarno. Wer h\u00f6her hinaus m\u00f6chte, wird in den alpinen Regionen belohnt: Panoramareiche Almen und beeindruckende Gipfel bieten unvergessliche Ausblicke. Besondere Highlights sind das Verzascatal und das Maggiatal mit ihren abwechslungsreichen Wanderm\u00f6glichkeiten sowie die stillen T\u00e4ler des n\u00f6rdlichen Tessins, darunter das Bavona-, Lavizza- und Bieniotal. Ein absoluter H\u00f6hepunkt f\u00fcr Mehrtageswanderer: die dreit\u00e4gige H\u00fcttentour auf der \u00bbStrada alta Leventina\u00ab, einer der sch\u00f6nsten Weitwanderwege der Schweiz.<\/p>\n<p>Der Rother Wanderf\u00fchrer \u00bbTessin\u00ab pr\u00e4sentiert vor allem einfache bis mittelschwere Touren zwischen Gotthard und dem Luganer See, ideal f\u00fcr Genusswanderer. Alle Touren verf\u00fcgen \u00fcber zuverl\u00e4ssige Wegbeschreibungen, aussagekr\u00e4ftige H\u00f6henprofile und Wanderkarten mit Wegverlauf. Gepr\u00fcfte GPS-Tracks, die zum Download von der Internetseite des Rother Bergverlags bereitstehen, vereinfachen die Orientierung unterwegs. Besonders umweltfreundlich: Fast alle Touren sind bequem mit \u00f6ffentlichen Verkehrsmitteln erreichbar.<\/p>\n<p>Die neue Auflage des Rother Wanderf\u00fchrers \u00bbTessin\u00ab wurde umfassend aktualisiert und um neue Touren erg\u00e4nzt \u2013 f\u00fcr noch mehr Abwechslung und Entdeckungen in der s\u00fcdlichen Schweiz.<\/p>","protected":false},"excerpt":{"rendered":"<p>Erweiterte und aktualisierte neue Auflage 55 sorgf\u00e4ltig ausgew\u00e4hlte Wanderungen im Tessin \u2013 von Alpenregionen bis zu mediterranen Seen Fast alle Touren mit \u00d6ffis erreichbar Zuverl\u00e4ssige Wegbeschreibungen, H\u00f6henprofile und Karten f\u00fcr eine sichere Planung Gepr\u00fcfte GPS-Tracks zum Download f\u00fcr eine einfache Navigation Tessin zum Wandern: Der perfekte Begleiter f\u00fcr sonnige Pfade, italienische Lebensart und spektakul\u00e4re Bergtouren [&#8230;]\n","protected":false},"featured_media":179625,"template":"","meta":[],"product_brand":[],"product_cat":[21605],"product_tag":[],"class_list":{"0":"post-179624","1":"product","2":"type-product","3":"status-publish","4":"has-post-thumbnail","6":"product_cat-wanderfuehrer-trekking","7":"pa_autor-bauregger","8":"pa_erscheinungsjahr-27415","9":"pa_region-schweiz","10":"pa_sprache-de","12":"first","13":"instock","14":"taxable","15":"shipping-taxable","16":"purchasable","17":"product-type-simple"},"_links":{"self":[{"href":"https:\/\/pizbube.ch\/en\/wp-json\/wp\/v2\/product\/179624","targetHints":{"allow":["GET"]}}],"collection":[{"href":"https:\/\/pizbube.ch\/en\/wp-json\/wp\/v2\/product"}],"about":[{"href":"https:\/\/pizbube.ch\/en\/wp-json\/wp\/v2\/types\/product"}],"wp:featuredmedia":[{"embeddable":true,"href":"https:\/\/pizbube.ch\/en\/wp-json\/wp\/v2\/media\/179625"}],"wp:attachment":[{"href":"https:\/\/pizbube.ch\/en\/wp-json\/wp\/v2\/media?parent=179624"}],"wp:term":[{"taxonomy":"product_brand","embeddable":true,"href":"https:\/\/pizbube.ch\/en\/wp-json\/wp\/v2\/product_brand?post=179624"},{"taxonomy":"product_cat","embeddable":true,"href":"https:\/\/pizbube.ch\/en\/wp-json\/wp\/v2\/product_cat?post=179624"},{"taxonomy":"product_tag","embeddable":true,"href":"https:\/\/pizbube.ch\/en\/wp-json\/wp\/v2\/product_tag?post=179624"}],"curies":[{"name":"wp","href":"https:\/\/api.w.org\/{rel}","templated":true}]}}