{"id":179628,"date":"2025-05-09T12:05:32","date_gmt":"2025-05-09T10:05:32","guid":{"rendered":"https:\/\/pizbube.ch\/?post_type=product&#038;p=179628"},"modified":"2025-06-17T10:01:59","modified_gmt":"2025-06-17T08:01:59","slug":"mont-blanc-mit-der-tour-du-mont-blanc-2","status":"publish","type":"product","link":"https:\/\/pizbube.ch\/en\/shop\/mont-blanc-mit-der-tour-du-mont-blanc-2\/","title":{"rendered":"Mont Blanc &#8211; Mit der Tour du Mont Blanc"},"content":{"rendered":"<p>Von einfach bis anspruchsvoll<br \/>\nHighlight: die Tour du Mont Blanc \u2013 einer der sch\u00f6nsten H\u00f6henwege der Alpen<br \/>\nZuverl\u00e4ssige Beschreibungen, detaillierte Karten, aussagekr\u00e4ftige H\u00f6henprofile und gepr\u00fcfte GPS-Tracks<\/p>\n<p>Der Mont Blanc \u2013 mit 4.806 Metern ist er der h\u00f6chste Gipfel der Alpen. Sein Name steht f\u00fcr gewaltige Viertausender, eisige Gletscher und majest\u00e4tische Eisw\u00e4nde. Doch rund um das Mont-Blanc-Massiv finden sich auch malerische T\u00e4ler und sanfte Almlandschaften, die ideal f\u00fcr gem\u00e4\u00dfigtere Wanderungen sind. Der Rother Wanderf\u00fchrer \u00bbRund um den Mont Blanc\u00ab vereint 50 sorgf\u00e4ltig ausgew\u00e4hlte Touren im Grenzgebiet von Frankreich, Italien und der Schweiz, die von gem\u00fctlichen Almspazierg\u00e4ngen bis zu beeindruckenden Panorama-Gipfeln reichen.<\/p>\n<p>Die Wanderungen sind vielf\u00e4ltig: Genusswanderer kommen auf blumen\u00fcbers\u00e4ten Almen und sonnigen Bergwiesen auf ihre Kosten, die majest\u00e4tische Kulisse des Mont Blanc ist oft schon von Talwegen aus zu sehen. Andere Touren f\u00fchren in hochalpine Lagen, an die Grenzen von Fels und Eis, und bieten Herausforderungen f\u00fcr erfahrene Alpinisten. Ber\u00fchmte Orte wie Chamonix, Argenti\u00e8re, Martigny, St. Gervais und Courmayeur sind ideale Ausgangspunkte f\u00fcr die Wanderungen.<\/p>\n<p>Ein Highlight in diesem Wanderf\u00fchrer ist die ber\u00fchmte Tour du Mont Blanc, kurz TMB genannt \u2013 die mehrt\u00e4gige Umrundung des Mont Blanc z\u00e4hlt zu den sch\u00f6nsten H\u00f6henwegen der Alpen und bietet spektakul\u00e4re Aussichten. Der Wanderf\u00fchrer beschreibt alle Etappen, Varianten und M\u00f6glichkeiten umfassend, sodass jeder seine Tour du Mont Blanc individuell planen kann.<\/p>\n<p>Hartmut Eberlein, ein ausgewiesener Kenner der Region, hat die Wanderungen im Mont-Blanc-Gebiet mit viel Liebe zum Detail zusammengestellt. \u00dcbersichtliche Infos, Kartenausschnitte mit Routenverl\u00e4ufen, H\u00f6henprofile und pr\u00e4zise Wegbeschreibungen geben Sicherheit und Orientierung. Gepr\u00fcfte GPS-Tracks, die zum Download bereitstehen, sorgen f\u00fcr einfache Navigation. Zahlreiche praktische Tipps machen diesen Wanderf\u00fchrer zum perfekten Begleiter in der Bergwelt rund um den Mont Blanc.<\/p>","protected":false},"excerpt":{"rendered":"<p>Von einfach bis anspruchsvoll Highlight: die Tour du Mont Blanc \u2013 einer der sch\u00f6nsten H\u00f6henwege der Alpen Zuverl\u00e4ssige Beschreibungen, detaillierte Karten, aussagekr\u00e4ftige H\u00f6henprofile und gepr\u00fcfte GPS-Tracks Der Mont Blanc \u2013 mit 4.806 Metern ist er der h\u00f6chste Gipfel der Alpen. Sein Name steht f\u00fcr gewaltige Viertausender, eisige Gletscher und majest\u00e4tische Eisw\u00e4nde. Doch rund um das [&#8230;]\n","protected":false},"featured_media":179634,"template":"","meta":[],"product_brand":[],"product_cat":[21605],"product_tag":[],"class_list":{"0":"post-179628","1":"product","2":"type-product","3":"status-publish","4":"has-post-thumbnail","6":"product_cat-wanderfuehrer-trekking","7":"pa_autor-eberlein","8":"pa_erscheinungsjahr-27415","9":"pa_region-frankreich","10":"pa_sprache-de","12":"first","13":"instock","14":"taxable","15":"shipping-taxable","16":"purchasable","17":"product-type-simple"},"_links":{"self":[{"href":"https:\/\/pizbube.ch\/en\/wp-json\/wp\/v2\/product\/179628","targetHints":{"allow":["GET"]}}],"collection":[{"href":"https:\/\/pizbube.ch\/en\/wp-json\/wp\/v2\/product"}],"about":[{"href":"https:\/\/pizbube.ch\/en\/wp-json\/wp\/v2\/types\/product"}],"wp:featuredmedia":[{"embeddable":true,"href":"https:\/\/pizbube.ch\/en\/wp-json\/wp\/v2\/media\/179634"}],"wp:attachment":[{"href":"https:\/\/pizbube.ch\/en\/wp-json\/wp\/v2\/media?parent=179628"}],"wp:term":[{"taxonomy":"product_brand","embeddable":true,"href":"https:\/\/pizbube.ch\/en\/wp-json\/wp\/v2\/product_brand?post=179628"},{"taxonomy":"product_cat","embeddable":true,"href":"https:\/\/pizbube.ch\/en\/wp-json\/wp\/v2\/product_cat?post=179628"},{"taxonomy":"product_tag","embeddable":true,"href":"https:\/\/pizbube.ch\/en\/wp-json\/wp\/v2\/product_tag?post=179628"}],"curies":[{"name":"wp","href":"https:\/\/api.w.org\/{rel}","templated":true}]}}