{"id":179674,"date":"2025-05-14T12:32:21","date_gmt":"2025-05-14T10:32:21","guid":{"rendered":"https:\/\/pizbube.ch\/?post_type=product&#038;p=179674"},"modified":"2025-05-14T14:48:20","modified_gmt":"2025-05-14T12:48:20","slug":"vinschgau","status":"publish","type":"product","link":"https:\/\/pizbube.ch\/en\/shop\/vinschgau\/","title":{"rendered":"Vinschgau"},"content":{"rendered":"<p>Fast alle Wanderungen mit Bahn und Bus erreichbar<br \/>\nViele Informationen zu Sehensw\u00fcrdigkeiten und Ausflugszielen<br \/>\nDetaillierte Wanderkarten,aussagekr\u00e4ftige H\u00f6henprofile und GPS-Tracks zum Download<\/p>\n<p>Der Vinschgau, eine der beliebtsten Wanderregionen S\u00fcdtirols, lockt mit einer einzigartigen Landschaft aus lieblichen Weinbergen, Obstg\u00e4rten und Kastanienb\u00e4umen und einer beeindruckenden Bergwelt, die von imposanten Dreitausendern dominiert wird \u2013 allen voran dem 3908 Meter hohen Ortler. Hier k\u00f6nnen Wanderer auf atemberaubenden Pfaden unterwegs sein und dennoch die Einsamkeit der Natur genie\u00dfen. Der Rother Wanderf\u00fchrer Vinschgau pr\u00e4sentiert 50 herrliche Wanderungen in dieser fantastischen Region im Herzen der Alpen. Von gem\u00fctlichen Spazierg\u00e4ngen bis zu heraufordernden Gipfeltouren ist f\u00fcr jeden die passende Tour dabei.<\/p>\n<p>Gem\u00fctliche Waalwege f\u00fchren durch die sonnenbeschienenen T\u00e4ler des Vinschgaus, w\u00e4hrend aussichtsreiche H\u00f6henwege die Sch\u00f6nheit der alpinen Bergwelt offenbaren. Viele Almen und H\u00fctten laden zur Rast ein, wo Wanderer bei einer Jause mit Speck, K\u00e4se und den ber\u00fchmten Vinschgerln, einem k\u00f6stlichen Fladenbrot, neue Kraft sch\u00f6pfen k\u00f6nnen. Anspruchsvollere Gipfeltouren f\u00fchren hinauf auf die teilweise vergletscherten Gipfel der Dreitausender.<\/p>\n<p>Der Wanderf\u00fchrer leitet auf abwechlsungsreichen Wegen durch das Obere Etschtal und seine Vinschgauer Nebent\u00e4ler: vom Reschenpass \u00fcber das Stilfserjoch bis nach Naturns, rund um Mals, Trafoi, Sulden und Schlanders \u2013 eindrucksvoll \u00fcberragt vom majest\u00e4tischen Ortler, der sich auf vielen Touren bewundert werden kann.<\/p>\n<p>Jede Wanderung ist mit einer zuverl\u00e4ssigen Wegbeschreibung, einem aussagekr\u00e4ftigen H\u00f6henprofil und einem detaillierten Kartenausschnitten mit Routenverlauf ausgestattet. Gepr\u00fcfte GPS-Tracks zum Download erleichtern die Orientierung unterwegs. Viele Touren lassen sich durch vorgestellte Varianten nach Belieben verk\u00fcrzen oder verl\u00e4ngern. Fast alle Touren sind mit Bus und Bahn erreichbar. Zahlreiche Infos zu Sehensw\u00fcrdigkeiten, Natursch\u00f6nheiten und Ausflugszielen im Vinschgau bieten wertvolle Tipps f\u00fcr wanderfreie Tage.<\/p>\n<p>F\u00fcr die 11. Auflage wurde der Rother Wanderf\u00fchrer \u00bbVinschgau\u00ab sorgf\u00e4ltig aktualisiert.<\/p>","protected":false},"excerpt":{"rendered":"<p>Fast alle Wanderungen mit Bahn und Bus erreichbar Viele Informationen zu Sehensw\u00fcrdigkeiten und Ausflugszielen Detaillierte Wanderkarten,aussagekr\u00e4ftige H\u00f6henprofile und GPS-Tracks zum Download Der Vinschgau, eine der beliebtsten Wanderregionen S\u00fcdtirols, lockt mit einer einzigartigen Landschaft aus lieblichen Weinbergen, Obstg\u00e4rten und Kastanienb\u00e4umen und einer beeindruckenden Bergwelt, die von imposanten Dreitausendern dominiert wird \u2013 allen voran dem 3908 Meter [&#8230;]\n","protected":false},"featured_media":179676,"template":"","meta":[],"product_brand":[],"product_cat":[21605],"product_tag":[],"class_list":{"0":"post-179674","1":"product","2":"type-product","3":"status-publish","4":"has-post-thumbnail","6":"product_cat-wanderfuehrer-trekking","7":"pa_autor-hirtlreiter","8":"pa_erscheinungsjahr-27339","9":"pa_region-italien","10":"pa_sprache-de","12":"first","13":"instock","14":"taxable","15":"shipping-taxable","16":"purchasable","17":"product-type-simple"},"_links":{"self":[{"href":"https:\/\/pizbube.ch\/en\/wp-json\/wp\/v2\/product\/179674","targetHints":{"allow":["GET"]}}],"collection":[{"href":"https:\/\/pizbube.ch\/en\/wp-json\/wp\/v2\/product"}],"about":[{"href":"https:\/\/pizbube.ch\/en\/wp-json\/wp\/v2\/types\/product"}],"wp:featuredmedia":[{"embeddable":true,"href":"https:\/\/pizbube.ch\/en\/wp-json\/wp\/v2\/media\/179676"}],"wp:attachment":[{"href":"https:\/\/pizbube.ch\/en\/wp-json\/wp\/v2\/media?parent=179674"}],"wp:term":[{"taxonomy":"product_brand","embeddable":true,"href":"https:\/\/pizbube.ch\/en\/wp-json\/wp\/v2\/product_brand?post=179674"},{"taxonomy":"product_cat","embeddable":true,"href":"https:\/\/pizbube.ch\/en\/wp-json\/wp\/v2\/product_cat?post=179674"},{"taxonomy":"product_tag","embeddable":true,"href":"https:\/\/pizbube.ch\/en\/wp-json\/wp\/v2\/product_tag?post=179674"}],"curies":[{"name":"wp","href":"https:\/\/api.w.org\/{rel}","templated":true}]}}