{"id":179730,"date":"2025-05-21T16:31:16","date_gmt":"2025-05-21T14:31:16","guid":{"rendered":"https:\/\/pizbube.ch\/?post_type=product&#038;p=179730"},"modified":"2026-03-18T14:26:45","modified_gmt":"2026-03-18T13:26:45","slug":"verdon-integraal-rive-gauche-rive-droite-alentours","status":"publish","type":"product","link":"https:\/\/pizbube.ch\/en\/shop\/verdon-integraal-rive-gauche-rive-droite-alentours\/","title":{"rendered":"VERDON INT\u00c9 GRAAL \u2013 Rive Gauche, Rive Droite Alentours"},"content":{"rendered":"<p>Le topo ultime pour les passionn\u00e9s du Verdon! Verdon Int\u00e9\u2019Graal couvre l\u2019int\u00e9gralit\u00e9 des gorges, de Moustiers \u00e0 Aiguines, incluant les deux rives et leurs environs.<\/p>\n<p>Avec <strong>300 secteurs et plus de 5 000 longueurs<\/strong> r\u00e9pertori\u00e9es, ce guide monumental de Bruno Cl\u00e9ment est une v\u00e9ritable bible pour les grimpeurs en qu\u00eate de diversit\u00e9, de technicit\u00e9 et de paysages \u00e0 couper le souffle. Id\u00e9al pour les habitu\u00e9s comme pour les nouveaux venus, ce topo est une invitation \u00e0 d\u00e9couvrir toute la richesse de ce site d\u2019exception.<\/p>\n<p>816 pages<\/p>\n<p>&nbsp;<\/p>\n<p>In his Verdon Inte Graal guide, the \u201cjanitor\u201d Bruno Cl\u00e9ment describes 5000 pitches in 300 sectors of the gorge, on both sides, from Moustiers to Aiguines. Single pitches, multi-pitch routes, from ultra-classics to novelties, everything in the new topo guide!<\/p>\n<p>Each sector is briefly described. Pictograms support the selection and quickly tell you how long you have to approach, how the sector is oriented, the maximum length of the routes and the prevailing levels of difficulty. The topos are clearly laid out on color photos of the respective walls. Of course, the topos are accompanied by routes with difficulty and names. In addition, QR codes help you navigate to the parking lot and the wall.<\/p>\n<p>A practical climbing guide with lots of exciting challenges!<br \/>\n816 pages<\/p>","protected":false},"excerpt":{"rendered":"<p>Le topo ultime pour les passionn\u00e9s du Verdon! Verdon Int\u00e9\u2019Graal couvre l\u2019int\u00e9gralit\u00e9 des gorges, de Moustiers \u00e0 Aiguines, incluant les deux rives et leurs environs. Avec 300 secteurs et plus de 5 000 longueurs r\u00e9pertori\u00e9es, ce guide monumental de Bruno Cl\u00e9ment est une v\u00e9ritable bible pour les grimpeurs en qu\u00eate de diversit\u00e9, de technicit\u00e9 et [&#8230;]\n","protected":false},"featured_media":179731,"template":"","meta":[],"product_brand":[],"product_cat":[21539],"product_tag":[26965],"class_list":{"0":"post-179730","1":"product","2":"type-product","3":"status-publish","4":"has-post-thumbnail","6":"product_cat-fuehrerliteratur-sportklettern-bouldern","7":"product_tag-verdon-integral","8":"pa_autor-clement","9":"pa_erscheinungsjahr-27415","10":"pa_region-frankreich","11":"pa_sprache-fr-en","13":"first","14":"instock","15":"taxable","16":"shipping-taxable","17":"purchasable","18":"product-type-simple"},"_links":{"self":[{"href":"https:\/\/pizbube.ch\/en\/wp-json\/wp\/v2\/product\/179730","targetHints":{"allow":["GET"]}}],"collection":[{"href":"https:\/\/pizbube.ch\/en\/wp-json\/wp\/v2\/product"}],"about":[{"href":"https:\/\/pizbube.ch\/en\/wp-json\/wp\/v2\/types\/product"}],"wp:featuredmedia":[{"embeddable":true,"href":"https:\/\/pizbube.ch\/en\/wp-json\/wp\/v2\/media\/179731"}],"wp:attachment":[{"href":"https:\/\/pizbube.ch\/en\/wp-json\/wp\/v2\/media?parent=179730"}],"wp:term":[{"taxonomy":"product_brand","embeddable":true,"href":"https:\/\/pizbube.ch\/en\/wp-json\/wp\/v2\/product_brand?post=179730"},{"taxonomy":"product_cat","embeddable":true,"href":"https:\/\/pizbube.ch\/en\/wp-json\/wp\/v2\/product_cat?post=179730"},{"taxonomy":"product_tag","embeddable":true,"href":"https:\/\/pizbube.ch\/en\/wp-json\/wp\/v2\/product_tag?post=179730"}],"curies":[{"name":"wp","href":"https:\/\/api.w.org\/{rel}","templated":true}]}}