{"id":179732,"date":"2025-05-21T17:11:30","date_gmt":"2025-05-21T15:11:30","guid":{"rendered":"https:\/\/pizbube.ch\/?post_type=product&#038;p=179732"},"modified":"2026-03-24T11:13:03","modified_gmt":"2026-03-24T10:13:03","slug":"verdon-rive-droite-alentours","status":"publish","type":"product","link":"https:\/\/pizbube.ch\/en\/shop\/verdon-rive-droite-alentours\/","title":{"rendered":"VERDON Rive Droite Alentours"},"content":{"rendered":"<p>Plongez au c\u0153ur du mythique Verdon avec ce topo incontournable consacr\u00e9 \u00e0 la rive droite et ses alentours. Plus de <strong>250 secteurs et 3 500 longueurs<\/strong> vous attendent dans ce paradis vertical aux falaises calcaires spectaculaires. Que vous soyez amateur de grandes voies historiques, de couennes techniques ou de lignes modernes, ce guide complet sign\u00e9 Bruno Cl\u00e9ment vous accompagnera dans l\u2019exploration des joyaux de ce versant sauvage du canyon. Un outil indispensable pour tout grimpeur en qu\u00eate de verticalit\u00e9 et d\u2019aventure.<\/p>\n<p>672 pages<\/p>\n<p>&nbsp;<\/p>\n<p>This is the &#171;little brother&#187; of <strong><a href=\"https:\/\/pizbube.ch\/en\/shop\/verdon-integraal-rive-gauche-rive-droite-alentours\/\" target=\"_blank\" rel=\"noopener\">Verdon Inte Graal<\/a><\/strong>: Verdon \/ Rive Droite &amp; Alentours. It describes the routes on the right bank of the Verdon Gorge and the surrounding areas. A total of 3500 pitches in 250 sectors. Compared to its big brother: 50 sectors and 1500 pitches less &#8211; with a difference of 10 euros. Good for those who can decide in advance.<\/p>\n<p>The design \/ layout is the same: each sector is briefly described. Pictograms support the selection and quickly tell you how long it takes to get there, how the sector is aligned, the maximum length of the routes and the prevailing levels of difficulty. The topos are clearly laid out on color photos of the respective walls. Of course, the topos are accompanied by routes with difficulty and names. In addition, QR codes help you navigate to the parking lot and the wall.<\/p>\n<p>672 pages<\/p>","protected":false},"excerpt":{"rendered":"<p>Plongez au c\u0153ur du mythique Verdon avec ce topo incontournable consacr\u00e9 \u00e0 la rive droite et ses alentours. Plus de 250 secteurs et 3 500 longueurs vous attendent dans ce paradis vertical aux falaises calcaires spectaculaires. Que vous soyez amateur de grandes voies historiques, de couennes techniques ou de lignes modernes, ce guide complet sign\u00e9 [&#8230;]\n","protected":false},"featured_media":179735,"template":"","meta":[],"product_brand":[],"product_cat":[21539],"product_tag":[27705],"class_list":{"0":"post-179732","1":"product","2":"type-product","3":"status-publish","4":"has-post-thumbnail","6":"product_cat-fuehrerliteratur-sportklettern-bouldern","7":"product_tag-verdon-integraal","8":"pa_autor-clement","9":"pa_erscheinungsjahr-27415","10":"pa_region-frankreich","11":"pa_sprache-fr-en","13":"first","14":"instock","15":"taxable","16":"shipping-taxable","17":"purchasable","18":"product-type-simple"},"_links":{"self":[{"href":"https:\/\/pizbube.ch\/en\/wp-json\/wp\/v2\/product\/179732","targetHints":{"allow":["GET"]}}],"collection":[{"href":"https:\/\/pizbube.ch\/en\/wp-json\/wp\/v2\/product"}],"about":[{"href":"https:\/\/pizbube.ch\/en\/wp-json\/wp\/v2\/types\/product"}],"wp:featuredmedia":[{"embeddable":true,"href":"https:\/\/pizbube.ch\/en\/wp-json\/wp\/v2\/media\/179735"}],"wp:attachment":[{"href":"https:\/\/pizbube.ch\/en\/wp-json\/wp\/v2\/media?parent=179732"}],"wp:term":[{"taxonomy":"product_brand","embeddable":true,"href":"https:\/\/pizbube.ch\/en\/wp-json\/wp\/v2\/product_brand?post=179732"},{"taxonomy":"product_cat","embeddable":true,"href":"https:\/\/pizbube.ch\/en\/wp-json\/wp\/v2\/product_cat?post=179732"},{"taxonomy":"product_tag","embeddable":true,"href":"https:\/\/pizbube.ch\/en\/wp-json\/wp\/v2\/product_tag?post=179732"}],"curies":[{"name":"wp","href":"https:\/\/api.w.org\/{rel}","templated":true}]}}